{"id":1049,"date":"2025-10-27T09:51:13","date_gmt":"2025-10-27T13:51:13","guid":{"rendered":"https:\/\/seminarios.isciweb.com.br\/?page_id=1049"},"modified":"2025-10-27T09:51:14","modified_gmt":"2025-10-27T13:51:14","slug":"2510191008-2","status":"publish","type":"page","link":"https:\/\/seminarios.isciweb.com.br\/index.php\/2510191008-2\/","title":{"rendered":"2510191008"},"content":{"rendered":"\n<figure class=\"wp-block-table\"><table class=\"has-fixed-layout\"><tbody><tr><td colspan=\"2\">N\u00ba de registro:<\/td><td colspan=\"4\">2510191008<\/td><td><\/td><\/tr><tr><td colspan=\"6\"><\/td><td><\/td><\/tr><tr><td colspan=\"2\" rowspan=\"4\">Certificamos que:<\/td><td colspan=\"4\" rowspan=\"4\">Magali Regina Trevisol Antoniolli<\/td><td><\/td><\/tr><tr><td><\/td><td><\/td><\/tr><tr><td><\/td><td><\/td><\/tr><tr><td><\/td><td><\/td><\/tr><tr><td colspan=\"6\"><\/td><td><\/td><td><\/td><\/tr><tr><td colspan=\"2\">Apresentaram o banner:<\/td><td colspan=\"4\">Artes e Ci\u00eancias da Natureza Integradas a Educa\u00e7\u00e3o<\/td><td><\/td><td><\/td><\/tr><tr><td colspan=\"2\" rowspan=\"4\">Conte\u00fado:<\/td><td colspan=\"4\" rowspan=\"4\">Apresentando a import\u00e2ncia das atividades art\u00edsticas e de explora\u00e7\u00e3o da natureza na Educa\u00e7\u00e3o Infantil como meio de estimular a criatividade, a express\u00e3o emocional e o desenvolvimento integral das crian\u00e7as, tornando o aprendizado mais significativo e prazeroso.<\/td><td><\/td><td><\/td><\/tr><tr><td><\/td><td><\/td><\/tr><tr><td><\/td><td><\/td><\/tr><tr><td><\/td><td><\/td><\/tr><tr><td colspan=\"2\">Evento:<\/td><td colspan=\"4\">Semin\u00e1rio de Educa\u00e7\u00e3o e Desenvolvimento Humano<\/td><td><\/td><td><\/td><\/tr><tr><td colspan=\"2\">Data evento:<\/td><td colspan=\"4\">15 \u00e0 19 de outubro de 2025<\/td><td><\/td><td><\/td><\/tr><tr><td colspan=\"2\">Realiza\u00e7\u00e3o:<\/td><td colspan=\"4\">Instituto Saber de Ci\u00eancias Integradas<\/td><td><\/td><td><\/td><\/tr><tr><td><\/td><td><\/td><td><\/td><td><\/td><td><\/td><td><\/td><td><\/td><td><\/td><\/tr><tr><td><\/td><td><\/td><td><\/td><td colspan=\"3\">Sinop, 20 de outubro de 2025<\/td><td><\/td><td><\/td><\/tr><tr><td><\/td><td><\/td><td><\/td><td><\/td><td><\/td><td><\/td><td><\/td><td>&nbsp;<\/td><\/tr><\/tbody><\/table><\/figure>\n","protected":false},"excerpt":{"rendered":"<p>N\u00ba de registro: 2510191008 Certificamos que: Magali Regina Trevisol Antoniolli Apresentaram o banner: Artes e Ci\u00eancias da Natureza Integradas a Educa\u00e7\u00e3o Conte\u00fado: Apresentando a import\u00e2ncia das atividades art\u00edsticas e de explora\u00e7\u00e3o da natureza na Educa\u00e7\u00e3o Infantil como meio de estimular a criatividade, a express\u00e3o emocional e o desenvolvimento integral das crian\u00e7as, tornando o aprendizado mais [&hellip;]<\/p>\n","protected":false},"author":1,"featured_media":0,"parent":0,"menu_order":0,"comment_status":"closed","ping_status":"closed","template":"","meta":{"footnotes":""},"class_list":["post-1049","page","type-page","status-publish","hentry"],"_links":{"self":[{"href":"https:\/\/seminarios.isciweb.com.br\/index.php\/wp-json\/wp\/v2\/pages\/1049","targetHints":{"allow":["GET"]}}],"collection":[{"href":"https:\/\/seminarios.isciweb.com.br\/index.php\/wp-json\/wp\/v2\/pages"}],"about":[{"href":"https:\/\/seminarios.isciweb.com.br\/index.php\/wp-json\/wp\/v2\/types\/page"}],"author":[{"embeddable":true,"href":"https:\/\/seminarios.isciweb.com.br\/index.php\/wp-json\/wp\/v2\/users\/1"}],"replies":[{"embeddable":true,"href":"https:\/\/seminarios.isciweb.com.br\/index.php\/wp-json\/wp\/v2\/comments?post=1049"}],"version-history":[{"count":1,"href":"https:\/\/seminarios.isciweb.com.br\/index.php\/wp-json\/wp\/v2\/pages\/1049\/revisions"}],"predecessor-version":[{"id":1050,"href":"https:\/\/seminarios.isciweb.com.br\/index.php\/wp-json\/wp\/v2\/pages\/1049\/revisions\/1050"}],"wp:attachment":[{"href":"https:\/\/seminarios.isciweb.com.br\/index.php\/wp-json\/wp\/v2\/media?parent=1049"}],"curies":[{"name":"wp","href":"https:\/\/api.w.org\/{rel}","templated":true}]}}