{"id":1077,"date":"2025-10-20T13:49:17","date_gmt":"2025-10-20T17:49:17","guid":{"rendered":"https:\/\/seminarios.isciweb.com.br\/?page_id=1077"},"modified":"2025-11-25T13:54:31","modified_gmt":"2025-11-25T17:54:31","slug":"2510201521-2","status":"publish","type":"page","link":"https:\/\/seminarios.isciweb.com.br\/index.php\/2510201521-2\/","title":{"rendered":"2510201521"},"content":{"rendered":"\n<figure class=\"wp-block-table\"><table class=\"has-fixed-layout\"><tbody><tr><td colspan=\"2\">N\u00ba de registro:<\/td><td colspan=\"4\">2510201521<\/td><\/tr><tr><td colspan=\"6\"><\/td><\/tr><tr><td colspan=\"2\">Certificamos que:<\/td><td colspan=\"4\">Rosivane Santana Faria Silva<\/td><\/tr><tr><td colspan=\"2\">Participou do:<\/td><td colspan=\"4\">Semin\u00e1rio de Educa\u00e7\u00e3o e Desenvolvimento Humano<\/td><\/tr><tr><td colspan=\"2\">Carga hor\u00e1ria:<\/td><td colspan=\"4\">45 horas<\/td><\/tr><tr><td colspan=\"2\">Realiza\u00e7\u00e3o:<\/td><td colspan=\"4\">Instituto Saber de Ci\u00eancias Integradas<\/td><\/tr><tr><td colspan=\"2\">Data:<\/td><td colspan=\"4\">15 \u00e0 19 de outubro de 2025<\/td><\/tr><tr><td colspan=\"2\"><\/td><td colspan=\"4\"><\/td><\/tr><tr><td colspan=\"2\"><\/td><td colspan=\"4\"><\/td><\/tr><tr><td><\/td><td><\/td><td><\/td><td><\/td><td><\/td><td><\/td><\/tr><tr><td><\/td><td><\/td><td><\/td><td colspan=\"3\">Sinop, 20 de outubro de 2025<\/td><\/tr><\/tbody><\/table><\/figure>\n","protected":false},"excerpt":{"rendered":"<p>N\u00ba de registro: 2510201521 Certificamos que: Rosivane Santana Faria Silva Participou do: Semin\u00e1rio de Educa\u00e7\u00e3o e Desenvolvimento Humano Carga hor\u00e1ria: 45 horas Realiza\u00e7\u00e3o: Instituto Saber de Ci\u00eancias Integradas Data: 15 \u00e0 19 de outubro de 2025 Sinop, 20 de outubro de 2025<\/p>\n","protected":false},"author":1,"featured_media":0,"parent":0,"menu_order":0,"comment_status":"closed","ping_status":"closed","template":"","meta":{"footnotes":""},"class_list":["post-1077","page","type-page","status-publish","hentry"],"_links":{"self":[{"href":"https:\/\/seminarios.isciweb.com.br\/index.php\/wp-json\/wp\/v2\/pages\/1077","targetHints":{"allow":["GET"]}}],"collection":[{"href":"https:\/\/seminarios.isciweb.com.br\/index.php\/wp-json\/wp\/v2\/pages"}],"about":[{"href":"https:\/\/seminarios.isciweb.com.br\/index.php\/wp-json\/wp\/v2\/types\/page"}],"author":[{"embeddable":true,"href":"https:\/\/seminarios.isciweb.com.br\/index.php\/wp-json\/wp\/v2\/users\/1"}],"replies":[{"embeddable":true,"href":"https:\/\/seminarios.isciweb.com.br\/index.php\/wp-json\/wp\/v2\/comments?post=1077"}],"version-history":[{"count":1,"href":"https:\/\/seminarios.isciweb.com.br\/index.php\/wp-json\/wp\/v2\/pages\/1077\/revisions"}],"predecessor-version":[{"id":1078,"href":"https:\/\/seminarios.isciweb.com.br\/index.php\/wp-json\/wp\/v2\/pages\/1077\/revisions\/1078"}],"wp:attachment":[{"href":"https:\/\/seminarios.isciweb.com.br\/index.php\/wp-json\/wp\/v2\/media?parent=1077"}],"curies":[{"name":"wp","href":"https:\/\/api.w.org\/{rel}","templated":true}]}}