{"id":113,"date":"2019-06-19T16:34:23","date_gmt":"2019-06-19T20:34:23","guid":{"rendered":"http:\/\/seminarios.isciweb.com.br\/?page_id=113"},"modified":"2025-10-20T13:50:19","modified_gmt":"2025-10-20T17:50:19","slug":"orientacoes","status":"publish","type":"page","link":"https:\/\/seminarios.isciweb.com.br\/","title":{"rendered":"Informa\u00e7\u00f5es"},"content":{"rendered":"\n<p class=\"has-text-align-left has-very-dark-gray-color has-very-light-gray-background-color has-text-color has-background\"><strong>Semin\u00e1rio de Educa\u00e7\u00e3o ISCI &#8211; 2025<\/strong><br>Organiza\u00e7\u00e3o: Instituto Saber de Ci\u00eancias Integradas<br><strong>De 15 a 19 de outubro &#8211; 2025.<\/strong><br><a href=\"https:\/\/seminarios.isciweb.com.br\/index.php\/seminario-2023-pag-1\/\">>Clique aqui e acesse o material publicado&lt;<\/a><\/p>\n\n\n\n<p class=\"has-very-dark-gray-color has-cyan-bluish-gray-background-color has-text-color has-background\">Ciclo de palestras ISCI<br>Organiza\u00e7\u00e3o: Instituto Saber de Ci\u00eancias Integradas<br>Data: sem palestras agendadas no momento.<br>On-line. <\/p>\n\n\n\n<p><\/p>\n","protected":false},"excerpt":{"rendered":"<p>Semin\u00e1rio de Educa\u00e7\u00e3o ISCI &#8211; 2025Organiza\u00e7\u00e3o: Instituto Saber de Ci\u00eancias IntegradasDe 15 a 19 de outubro &#8211; 2025.>Clique aqui e acesse o material publicado&lt; Ciclo de palestras ISCIOrganiza\u00e7\u00e3o: Instituto Saber de Ci\u00eancias IntegradasData: sem palestras agendadas no momento.On-line.<\/p>\n","protected":false},"author":1,"featured_media":0,"parent":0,"menu_order":0,"comment_status":"closed","ping_status":"closed","template":"","meta":{"footnotes":""},"class_list":["post-113","page","type-page","status-publish","hentry"],"_links":{"self":[{"href":"https:\/\/seminarios.isciweb.com.br\/index.php\/wp-json\/wp\/v2\/pages\/113","targetHints":{"allow":["GET"]}}],"collection":[{"href":"https:\/\/seminarios.isciweb.com.br\/index.php\/wp-json\/wp\/v2\/pages"}],"about":[{"href":"https:\/\/seminarios.isciweb.com.br\/index.php\/wp-json\/wp\/v2\/types\/page"}],"author":[{"embeddable":true,"href":"https:\/\/seminarios.isciweb.com.br\/index.php\/wp-json\/wp\/v2\/users\/1"}],"replies":[{"embeddable":true,"href":"https:\/\/seminarios.isciweb.com.br\/index.php\/wp-json\/wp\/v2\/comments?post=113"}],"version-history":[{"count":26,"href":"https:\/\/seminarios.isciweb.com.br\/index.php\/wp-json\/wp\/v2\/pages\/113\/revisions"}],"predecessor-version":[{"id":1019,"href":"https:\/\/seminarios.isciweb.com.br\/index.php\/wp-json\/wp\/v2\/pages\/113\/revisions\/1019"}],"wp:attachment":[{"href":"https:\/\/seminarios.isciweb.com.br\/index.php\/wp-json\/wp\/v2\/media?parent=113"}],"curies":[{"name":"wp","href":"https:\/\/api.w.org\/{rel}","templated":true}]}}