{"id":145,"date":"2019-06-21T09:36:00","date_gmt":"2019-06-21T13:36:00","guid":{"rendered":"http:\/\/seminarios.isciweb.com.br\/?page_id=145"},"modified":"2022-06-16T13:47:03","modified_gmt":"2022-06-16T17:47:03","slug":"inscricoes","status":"publish","type":"page","link":"https:\/\/seminarios.isciweb.com.br\/index.php\/inscricoes\/","title":{"rendered":"Inscri\u00e7\u00f5es"},"content":{"rendered":"\n<p class=\"has-text-align-center has-very-dark-gray-color has-very-light-gray-background-color has-text-color has-background\">> Semin\u00e1rio educacional de inverno ISCI 2022 &lt;<br><br><a class=\"maxbutton-5 maxbutton maxbutton-assistir-gratis\" target=\"_blank\" rel=\"noopener\" href=\"https:\/\/docs.google.com\/forms\/d\/e\/1FAIpQLScldw7SdqsLWBhsL4JUKkXO9Q4JTXVcHNH-sitGuHSr2cR_xQ\/viewform?usp=sf_link\"><span class='mb-text'>&gt;inscri\u00e7\u00e3o p\/ assistir (sem certificado)&lt;<\/span><\/a><br><br><a class=\"maxbutton-1 maxbutton maxbutton-assistir\" target=\"_blank\" rel=\"noopener\" href=\"https:\/\/docs.google.com\/forms\/d\/e\/1FAIpQLScAnaFnMUfeEOGZuJA-V-RuTRNTEAd4R49-FcNM7qZtsczugw\/viewform?usp=sf_link\"><span class='mb-text'>&gt;inscri\u00e7\u00e3o p\/ assistir (com certificado)&lt;<\/span><\/a><br><br><a class=\"maxbutton-4 maxbutton maxbutton-apresentacao-banner\" target=\"_blank\" rel=\"noopener\" href=\"https:\/\/docs.google.com\/forms\/d\/e\/1FAIpQLSf5UQwHbrkDMvsDrFeHSjTACzM5W9i3lGnYz6rEIN9a0ktxUQ\/viewform?usp=sf_link\"><span class='mb-text'>&gt;inscri\u00e7\u00e3o apresenta\u00e7\u00e3o banner&lt;<\/span><\/a><br><br><a class=\"maxbutton-2 maxbutton maxbutton-apresentacao-oral\" target=\"_blank\" rel=\"noopener\" href=\"https:\/\/docs.google.com\/forms\/d\/e\/1FAIpQLSdfdRF1kTw5HbcUsBeFn6Vs9skGhCAIR2xZppRIN4IpyiZxjw\/viewform?usp=sf_link\"><span class='mb-text'>&gt;inscri\u00e7\u00e3o comunica\u00e7\u00e3o oral&lt;<\/span><\/a><br><br><a class=\"maxbutton-3 maxbutton maxbutton-apresentacao-palestra\" target=\"_blank\" rel=\"noopener\" href=\"https:\/\/docs.google.com\/forms\/d\/e\/1FAIpQLSecDSbpOYVu4mrdiMpqyEeDEFIVplCaBAcyyiKwlMtZOfKhOQ\/viewform?usp=sf_link\"><span class='mb-text'>&gt;Inscri\u00e7\u00e3o apresenta\u00e7\u00e3o palestra&lt;<\/span><\/a><br><br><a class=\"maxbutton-12 maxbutton maxbutton-oficina-inscricao\" target=\"_blank\" rel=\"noopener\" href=\"https:\/\/docs.google.com\/forms\/d\/e\/1FAIpQLSduqn16an8aS2zBH49T4gYy7eO9TX7xTULLjFmk3O9lvfitjg\/viewform?usp=sf_link\"><span class='mb-text'>&gt;inscri\u00e7\u00e3o apresenta\u00e7\u00e3o de oficina&lt;<\/span><\/a><br><\/p>\n\n\n\n<p class=\"has-text-align-center has-very-dark-gray-color has-very-light-gray-background-color has-text-color has-background\">&gt; Ciclo de palestras ISCI &lt;<br><br>Sem palestras agendadas no momento.<\/p>\n\n\n\n<p><\/p>\n","protected":false},"excerpt":{"rendered":"<p>> Semin\u00e1rio educacional de inverno ISCI 2022 &lt; &gt; Ciclo de palestras ISCI &lt; Sem palestras agendadas no momento.<\/p>\n","protected":false},"author":1,"featured_media":0,"parent":0,"menu_order":0,"comment_status":"closed","ping_status":"closed","template":"","meta":{"footnotes":""},"class_list":["post-145","page","type-page","status-publish","hentry"],"_links":{"self":[{"href":"https:\/\/seminarios.isciweb.com.br\/index.php\/wp-json\/wp\/v2\/pages\/145","targetHints":{"allow":["GET"]}}],"collection":[{"href":"https:\/\/seminarios.isciweb.com.br\/index.php\/wp-json\/wp\/v2\/pages"}],"about":[{"href":"https:\/\/seminarios.isciweb.com.br\/index.php\/wp-json\/wp\/v2\/types\/page"}],"author":[{"embeddable":true,"href":"https:\/\/seminarios.isciweb.com.br\/index.php\/wp-json\/wp\/v2\/users\/1"}],"replies":[{"embeddable":true,"href":"https:\/\/seminarios.isciweb.com.br\/index.php\/wp-json\/wp\/v2\/comments?post=145"}],"version-history":[{"count":8,"href":"https:\/\/seminarios.isciweb.com.br\/index.php\/wp-json\/wp\/v2\/pages\/145\/revisions"}],"predecessor-version":[{"id":736,"href":"https:\/\/seminarios.isciweb.com.br\/index.php\/wp-json\/wp\/v2\/pages\/145\/revisions\/736"}],"wp:attachment":[{"href":"https:\/\/seminarios.isciweb.com.br\/index.php\/wp-json\/wp\/v2\/media?parent=145"}],"curies":[{"name":"wp","href":"https:\/\/api.w.org\/{rel}","templated":true}]}}