{"id":236,"date":"2019-10-15T16:45:21","date_gmt":"2019-10-15T20:45:21","guid":{"rendered":"http:\/\/seminarios.isciweb.com.br\/?page_id=236"},"modified":"2020-03-10T09:09:34","modified_gmt":"2020-03-10T13:09:34","slug":"i-seminario-de-educacao-isci-2","status":"publish","type":"page","link":"https:\/\/seminarios.isciweb.com.br\/index.php\/i-seminario-de-educacao-isci-2\/","title":{"rendered":"I Semin\u00e1rio de Educa\u00e7\u00e3o ISCI &#8211; conte\u00fado"},"content":{"rendered":"\n<p style=\"text-align:center\">Assista \u00e0s principais palestras apresentadas:<\/p>\n\n\n\n<p><\/p>\n\n\n\n<p style=\"text-align:center\"><p style=\"text-align:center\">Abertura<br><\/p><iframe loading=\"lazy\" width=\"560\" height=\"315\" src=\"https:\/\/www.youtube.com\/embed\/cPC4HPNC4eY\" frameborder=\"0\" allow=\"accelerometer; autoplay; encrypted-media; gyroscope; picture-in-picture\" allowfullscreen=\"\"><\/iframe><\/p>\n\n\n\n<p><\/p>\n\n\n\n<p style=\"text-align:center\"><p style=\"text-align:center\">Vida 360<br><\/p><iframe loading=\"lazy\" width=\"560\" height=\"315\" src=\"https:\/\/www.youtube.com\/embed\/1U3G4nPz6A8\" frameborder=\"0\" allow=\"accelerometer; autoplay; encrypted-media; gyroscope; picture-in-picture\" allowfullscreen=\"\"><\/iframe><\/p>\n\n\n\n<p><\/p>\n\n\n\n<p style=\"text-align:center\"><p style=\"text-align:center\">A TRANSI\u00c7\u00c3O DAS BRINCADEIRAS COMO PR\u00c1TICAS PEDAG\u00d3GICAS NO PROCESSO ENSINO-APRENDIZAGEM<br><\/p><iframe loading=\"lazy\" width=\"560\" height=\"315\" src=\"https:\/\/www.youtube.com\/embed\/Z1wuuCALd_c\" frameborder=\"0\" allow=\"accelerometer; autoplay; encrypted-media; gyroscope; picture-in-picture\" allowfullscreen=\"\"><\/iframe><\/p>\n\n\n\n<p><\/p>\n\n\n\n<p style=\"text-align:center\"><p style=\"text-align:center\">O DIREITO \u00c0 EDUCA\u00c7\u00c3O INFANTIL E UM BREVE RELATO SOBRE A LISTA DE ESPERA<br><\/p><iframe loading=\"lazy\" width=\"560\" height=\"315\" src=\"https:\/\/www.youtube.com\/embed\/tTsk4aXZzRU\" frameborder=\"0\" allow=\"accelerometer; autoplay; encrypted-media; gyroscope; picture-in-picture\" allowfullscreen=\"\"><\/iframe><\/p>\n\n\n\n<p><\/p>\n\n\n\n<p style=\"text-align:center\">LUDICIDADE NA EDUCA\u00c7\u00c3O INFANTIL: UM ESTUDO DE CASO PARA A CIDADE DE SINOP &#8211; MT<br>&#8212;<\/p>\n","protected":false},"excerpt":{"rendered":"<p>Assista \u00e0s principais palestras apresentadas: Abertura Vida 360 A TRANSI\u00c7\u00c3O DAS BRINCADEIRAS COMO PR\u00c1TICAS PEDAG\u00d3GICAS NO PROCESSO ENSINO-APRENDIZAGEM O DIREITO \u00c0 EDUCA\u00c7\u00c3O INFANTIL E UM BREVE RELATO SOBRE A LISTA DE ESPERA LUDICIDADE NA EDUCA\u00c7\u00c3O INFANTIL: UM ESTUDO DE CASO PARA A CIDADE DE SINOP &#8211; MT&#8212;<\/p>\n","protected":false},"author":1,"featured_media":0,"parent":0,"menu_order":0,"comment_status":"closed","ping_status":"closed","template":"","meta":{"footnotes":""},"class_list":["post-236","page","type-page","status-publish","hentry"],"_links":{"self":[{"href":"https:\/\/seminarios.isciweb.com.br\/index.php\/wp-json\/wp\/v2\/pages\/236","targetHints":{"allow":["GET"]}}],"collection":[{"href":"https:\/\/seminarios.isciweb.com.br\/index.php\/wp-json\/wp\/v2\/pages"}],"about":[{"href":"https:\/\/seminarios.isciweb.com.br\/index.php\/wp-json\/wp\/v2\/types\/page"}],"author":[{"embeddable":true,"href":"https:\/\/seminarios.isciweb.com.br\/index.php\/wp-json\/wp\/v2\/users\/1"}],"replies":[{"embeddable":true,"href":"https:\/\/seminarios.isciweb.com.br\/index.php\/wp-json\/wp\/v2\/comments?post=236"}],"version-history":[{"count":11,"href":"https:\/\/seminarios.isciweb.com.br\/index.php\/wp-json\/wp\/v2\/pages\/236\/revisions"}],"predecessor-version":[{"id":329,"href":"https:\/\/seminarios.isciweb.com.br\/index.php\/wp-json\/wp\/v2\/pages\/236\/revisions\/329"}],"wp:attachment":[{"href":"https:\/\/seminarios.isciweb.com.br\/index.php\/wp-json\/wp\/v2\/media?parent=236"}],"curies":[{"name":"wp","href":"https:\/\/api.w.org\/{rel}","templated":true}]}}