{"id":251,"date":"2019-10-29T18:44:28","date_gmt":"2019-10-29T21:44:28","guid":{"rendered":"http:\/\/seminarios.isciweb.com.br\/?page_id=251"},"modified":"2019-10-29T18:44:28","modified_gmt":"2019-10-29T21:44:28","slug":"1915-2","status":"publish","type":"page","link":"https:\/\/seminarios.isciweb.com.br\/index.php\/1915-2\/","title":{"rendered":"1915"},"content":{"rendered":"\n<table class=\"wp-block-table\"><tbody><tr><td>Certificamos que:<\/td><td>Mayara Poquiviqui Santana<\/td><\/tr><tr><td>Participou do:<\/td><td>I Semin\u00e1rio de Educa\u00e7\u00e3o &#8211; ISCI                        <\/td><\/tr><tr><td>Carga hor\u00e1ria:<\/td><td>40 horas<\/td><\/tr><tr><td>Realiza\u00e7\u00e3o:<\/td><td>Instituto Saber de Ci\u00eancias Integradas<\/td><\/tr><tr><td>Data:<\/td><td>20, 21 e 22 de setembro de 2019<\/td><\/tr><\/tbody><\/table>\n","protected":false},"excerpt":{"rendered":"<p>Certificamos que: Mayara Poquiviqui Santana Participou do: I Semin\u00e1rio de Educa\u00e7\u00e3o &#8211; ISCI Carga hor\u00e1ria: 40 horas Realiza\u00e7\u00e3o: Instituto Saber de Ci\u00eancias Integradas Data: 20, 21 e 22 de setembro de 2019<\/p>\n","protected":false},"author":1,"featured_media":0,"parent":0,"menu_order":0,"comment_status":"closed","ping_status":"closed","template":"","meta":{"footnotes":""},"class_list":["post-251","page","type-page","status-publish","hentry"],"_links":{"self":[{"href":"https:\/\/seminarios.isciweb.com.br\/index.php\/wp-json\/wp\/v2\/pages\/251","targetHints":{"allow":["GET"]}}],"collection":[{"href":"https:\/\/seminarios.isciweb.com.br\/index.php\/wp-json\/wp\/v2\/pages"}],"about":[{"href":"https:\/\/seminarios.isciweb.com.br\/index.php\/wp-json\/wp\/v2\/types\/page"}],"author":[{"embeddable":true,"href":"https:\/\/seminarios.isciweb.com.br\/index.php\/wp-json\/wp\/v2\/users\/1"}],"replies":[{"embeddable":true,"href":"https:\/\/seminarios.isciweb.com.br\/index.php\/wp-json\/wp\/v2\/comments?post=251"}],"version-history":[{"count":1,"href":"https:\/\/seminarios.isciweb.com.br\/index.php\/wp-json\/wp\/v2\/pages\/251\/revisions"}],"predecessor-version":[{"id":252,"href":"https:\/\/seminarios.isciweb.com.br\/index.php\/wp-json\/wp\/v2\/pages\/251\/revisions\/252"}],"wp:attachment":[{"href":"https:\/\/seminarios.isciweb.com.br\/index.php\/wp-json\/wp\/v2\/media?parent=251"}],"curies":[{"name":"wp","href":"https:\/\/api.w.org\/{rel}","templated":true}]}}