{"id":278,"date":"2019-12-16T19:05:55","date_gmt":"2019-12-16T23:05:55","guid":{"rendered":"http:\/\/seminarios.isciweb.com.br\/?page_id=278"},"modified":"2019-12-16T19:05:55","modified_gmt":"2019-12-16T23:05:55","slug":"1922-2","status":"publish","type":"page","link":"https:\/\/seminarios.isciweb.com.br\/index.php\/1922-2\/","title":{"rendered":"1922"},"content":{"rendered":"\n<p>Certificamos que: Kellen Cristina Ventura da Silva<br>\nMinistrou a palestra: DAN\u00c7A COMO MEIO DE DESENVOLVIMENTO<br>\nPSICOMOTOR NO IN\u00cdCIO DA ESCOLARIZA\u00c7\u00c3O<br>\nConte\u00fado: M\u00fasicas mais indicadas de acordo com a faixa et\u00e1ria da<br>\nturma.<br>\nM\u00fasicas desaconselhadas para o ambiente escolar.<br>\nT\u00e9cnicas b\u00e1sicas para trabalhar a dan\u00e7a com crian\u00e7as.<br>\nData: 09\/03\/2019<br>\nDura\u00e7\u00e3o: uma hora e 15 minutos<br>\nRealiza\u00e7\u00e3o: Instituto Saber de Ci\u00eancias Integradas<\/p>\n","protected":false},"excerpt":{"rendered":"<p>Certificamos que: Kellen Cristina Ventura da Silva Ministrou a palestra: DAN\u00c7A COMO MEIO DE DESENVOLVIMENTO PSICOMOTOR NO IN\u00cdCIO DA ESCOLARIZA\u00c7\u00c3O Conte\u00fado: M\u00fasicas mais indicadas de acordo com a faixa et\u00e1ria da turma. M\u00fasicas desaconselhadas para o ambiente escolar. T\u00e9cnicas b\u00e1sicas para trabalhar a dan\u00e7a com crian\u00e7as. Data: 09\/03\/2019 Dura\u00e7\u00e3o: uma hora e 15 minutos Realiza\u00e7\u00e3o: [&hellip;]<\/p>\n","protected":false},"author":1,"featured_media":0,"parent":0,"menu_order":0,"comment_status":"closed","ping_status":"closed","template":"","meta":{"footnotes":""},"class_list":["post-278","page","type-page","status-publish","hentry"],"_links":{"self":[{"href":"https:\/\/seminarios.isciweb.com.br\/index.php\/wp-json\/wp\/v2\/pages\/278","targetHints":{"allow":["GET"]}}],"collection":[{"href":"https:\/\/seminarios.isciweb.com.br\/index.php\/wp-json\/wp\/v2\/pages"}],"about":[{"href":"https:\/\/seminarios.isciweb.com.br\/index.php\/wp-json\/wp\/v2\/types\/page"}],"author":[{"embeddable":true,"href":"https:\/\/seminarios.isciweb.com.br\/index.php\/wp-json\/wp\/v2\/users\/1"}],"replies":[{"embeddable":true,"href":"https:\/\/seminarios.isciweb.com.br\/index.php\/wp-json\/wp\/v2\/comments?post=278"}],"version-history":[{"count":1,"href":"https:\/\/seminarios.isciweb.com.br\/index.php\/wp-json\/wp\/v2\/pages\/278\/revisions"}],"predecessor-version":[{"id":279,"href":"https:\/\/seminarios.isciweb.com.br\/index.php\/wp-json\/wp\/v2\/pages\/278\/revisions\/279"}],"wp:attachment":[{"href":"https:\/\/seminarios.isciweb.com.br\/index.php\/wp-json\/wp\/v2\/media?parent=278"}],"curies":[{"name":"wp","href":"https:\/\/api.w.org\/{rel}","templated":true}]}}