{"id":280,"date":"2019-12-16T19:08:54","date_gmt":"2019-12-16T23:08:54","guid":{"rendered":"http:\/\/seminarios.isciweb.com.br\/?page_id=280"},"modified":"2019-12-16T19:08:54","modified_gmt":"2019-12-16T23:08:54","slug":"1923-2","status":"publish","type":"page","link":"https:\/\/seminarios.isciweb.com.br\/index.php\/1923-2\/","title":{"rendered":"1923"},"content":{"rendered":"\n<p>Certificamos que: Kellen Cristina Ventura da Silva<br>\nMinistrou a palestra: JOGOS MATEM\u00c1TICOS<br>\nConte\u00fado: Relatos sobre a import\u00e2ncia dos jogos no ensino da<br>\nmatem\u00e1tica.<br>\nApresenta\u00e7\u00e3o de jogos para trabalho em sala de aula.<br>\nData: 16\/03\/2019<br>\nDura\u00e7\u00e3o: uma hora e 30 minutos<br>\nRealiza\u00e7\u00e3o: Instituto Saber de Ci\u00eancias Integradas<\/p>\n","protected":false},"excerpt":{"rendered":"<p>Certificamos que: Kellen Cristina Ventura da Silva Ministrou a palestra: JOGOS MATEM\u00c1TICOS Conte\u00fado: Relatos sobre a import\u00e2ncia dos jogos no ensino da matem\u00e1tica. Apresenta\u00e7\u00e3o de jogos para trabalho em sala de aula. Data: 16\/03\/2019 Dura\u00e7\u00e3o: uma hora e 30 minutos Realiza\u00e7\u00e3o: Instituto Saber de Ci\u00eancias Integradas<\/p>\n","protected":false},"author":1,"featured_media":0,"parent":0,"menu_order":0,"comment_status":"closed","ping_status":"closed","template":"","meta":{"footnotes":""},"class_list":["post-280","page","type-page","status-publish","hentry"],"_links":{"self":[{"href":"https:\/\/seminarios.isciweb.com.br\/index.php\/wp-json\/wp\/v2\/pages\/280","targetHints":{"allow":["GET"]}}],"collection":[{"href":"https:\/\/seminarios.isciweb.com.br\/index.php\/wp-json\/wp\/v2\/pages"}],"about":[{"href":"https:\/\/seminarios.isciweb.com.br\/index.php\/wp-json\/wp\/v2\/types\/page"}],"author":[{"embeddable":true,"href":"https:\/\/seminarios.isciweb.com.br\/index.php\/wp-json\/wp\/v2\/users\/1"}],"replies":[{"embeddable":true,"href":"https:\/\/seminarios.isciweb.com.br\/index.php\/wp-json\/wp\/v2\/comments?post=280"}],"version-history":[{"count":1,"href":"https:\/\/seminarios.isciweb.com.br\/index.php\/wp-json\/wp\/v2\/pages\/280\/revisions"}],"predecessor-version":[{"id":281,"href":"https:\/\/seminarios.isciweb.com.br\/index.php\/wp-json\/wp\/v2\/pages\/280\/revisions\/281"}],"wp:attachment":[{"href":"https:\/\/seminarios.isciweb.com.br\/index.php\/wp-json\/wp\/v2\/media?parent=280"}],"curies":[{"name":"wp","href":"https:\/\/api.w.org\/{rel}","templated":true}]}}