{"id":282,"date":"2019-12-17T08:19:19","date_gmt":"2019-12-17T12:19:19","guid":{"rendered":"http:\/\/seminarios.isciweb.com.br\/?page_id=282"},"modified":"2019-12-17T08:19:19","modified_gmt":"2019-12-17T12:19:19","slug":"1924-2","status":"publish","type":"page","link":"https:\/\/seminarios.isciweb.com.br\/index.php\/1924-2\/","title":{"rendered":"1924"},"content":{"rendered":"\n<p>Certificamos que: Kellen Cristina Ventura da Silva<br>\nMinistrou a palestra: DESENHO, PINTURA E ALFABETIZA\u00c7\u00c3O<br>\nConte\u00fado: A import\u00e2ncia do desenhar e colorir no trabalho psicomotor<br>\npara a escrita.<br>\nData: 23\/03\/2019<br>\nDura\u00e7\u00e3o: uma hora e 10 minutos<br>\nRealiza\u00e7\u00e3o: Instituto Saber de Ci\u00eancias Integradas<\/p>\n","protected":false},"excerpt":{"rendered":"<p>Certificamos que: Kellen Cristina Ventura da Silva Ministrou a palestra: DESENHO, PINTURA E ALFABETIZA\u00c7\u00c3O Conte\u00fado: A import\u00e2ncia do desenhar e colorir no trabalho psicomotor para a escrita. Data: 23\/03\/2019 Dura\u00e7\u00e3o: uma hora e 10 minutos Realiza\u00e7\u00e3o: Instituto Saber de Ci\u00eancias Integradas<\/p>\n","protected":false},"author":1,"featured_media":0,"parent":0,"menu_order":0,"comment_status":"closed","ping_status":"closed","template":"","meta":{"footnotes":""},"class_list":["post-282","page","type-page","status-publish","hentry"],"_links":{"self":[{"href":"https:\/\/seminarios.isciweb.com.br\/index.php\/wp-json\/wp\/v2\/pages\/282","targetHints":{"allow":["GET"]}}],"collection":[{"href":"https:\/\/seminarios.isciweb.com.br\/index.php\/wp-json\/wp\/v2\/pages"}],"about":[{"href":"https:\/\/seminarios.isciweb.com.br\/index.php\/wp-json\/wp\/v2\/types\/page"}],"author":[{"embeddable":true,"href":"https:\/\/seminarios.isciweb.com.br\/index.php\/wp-json\/wp\/v2\/users\/1"}],"replies":[{"embeddable":true,"href":"https:\/\/seminarios.isciweb.com.br\/index.php\/wp-json\/wp\/v2\/comments?post=282"}],"version-history":[{"count":1,"href":"https:\/\/seminarios.isciweb.com.br\/index.php\/wp-json\/wp\/v2\/pages\/282\/revisions"}],"predecessor-version":[{"id":283,"href":"https:\/\/seminarios.isciweb.com.br\/index.php\/wp-json\/wp\/v2\/pages\/282\/revisions\/283"}],"wp:attachment":[{"href":"https:\/\/seminarios.isciweb.com.br\/index.php\/wp-json\/wp\/v2\/media?parent=282"}],"curies":[{"name":"wp","href":"https:\/\/api.w.org\/{rel}","templated":true}]}}