{"id":288,"date":"2019-12-17T10:17:47","date_gmt":"2019-12-17T14:17:47","guid":{"rendered":"http:\/\/seminarios.isciweb.com.br\/?page_id=288"},"modified":"2019-12-17T10:17:47","modified_gmt":"2019-12-17T14:17:47","slug":"1937-2","status":"publish","type":"page","link":"https:\/\/seminarios.isciweb.com.br\/index.php\/1937-2\/","title":{"rendered":"1937"},"content":{"rendered":"\n<table class=\"wp-block-table\"><tbody><tr><td>Certificamos que:<\/td><td>Kellen Cristina Ventura da Silva<\/td><\/tr><tr><td>Ministrou a palestra:<\/td><td>ARTES PL\u00c1STICAS COM SUCATA<\/td><\/tr><tr><td>Conte\u00fado:<\/td><td>Trabalhando  a criatividade e a coordena\u00e7\u00e3o motora atrav\u00e9s de constru\u00e7\u00e3o de jogos, esculturas e brinquedos com sucata.<br>Cuidados para evitar acidentes com os materias e ferramentes.<\/td><\/tr><tr><\/tr><tr><\/tr><tr><td>Data:<\/td><td>27\/04\/2019<\/td><\/tr><tr><td>Dura\u00e7\u00e3o:<\/td><td>uma hora e 30 minutos<\/td><\/tr><tr><td>Realiza\u00e7\u00e3o:<\/td><td>Instituto Saber de Ci\u00eancias Integradas<\/td><\/tr><\/tbody><\/table>\n","protected":false},"excerpt":{"rendered":"<p>Certificamos que: Kellen Cristina Ventura da Silva Ministrou a palestra: ARTES PL\u00c1STICAS COM SUCATA Conte\u00fado: Trabalhando a criatividade e a coordena\u00e7\u00e3o motora atrav\u00e9s de constru\u00e7\u00e3o de jogos, esculturas e brinquedos com sucata.Cuidados para evitar acidentes com os materias e ferramentes. Data: 27\/04\/2019 Dura\u00e7\u00e3o: uma hora e 30 minutos Realiza\u00e7\u00e3o: Instituto Saber de Ci\u00eancias Integradas<\/p>\n","protected":false},"author":1,"featured_media":0,"parent":0,"menu_order":0,"comment_status":"closed","ping_status":"closed","template":"","meta":{"footnotes":""},"class_list":["post-288","page","type-page","status-publish","hentry"],"_links":{"self":[{"href":"https:\/\/seminarios.isciweb.com.br\/index.php\/wp-json\/wp\/v2\/pages\/288","targetHints":{"allow":["GET"]}}],"collection":[{"href":"https:\/\/seminarios.isciweb.com.br\/index.php\/wp-json\/wp\/v2\/pages"}],"about":[{"href":"https:\/\/seminarios.isciweb.com.br\/index.php\/wp-json\/wp\/v2\/types\/page"}],"author":[{"embeddable":true,"href":"https:\/\/seminarios.isciweb.com.br\/index.php\/wp-json\/wp\/v2\/users\/1"}],"replies":[{"embeddable":true,"href":"https:\/\/seminarios.isciweb.com.br\/index.php\/wp-json\/wp\/v2\/comments?post=288"}],"version-history":[{"count":1,"href":"https:\/\/seminarios.isciweb.com.br\/index.php\/wp-json\/wp\/v2\/pages\/288\/revisions"}],"predecessor-version":[{"id":289,"href":"https:\/\/seminarios.isciweb.com.br\/index.php\/wp-json\/wp\/v2\/pages\/288\/revisions\/289"}],"wp:attachment":[{"href":"https:\/\/seminarios.isciweb.com.br\/index.php\/wp-json\/wp\/v2\/media?parent=288"}],"curies":[{"name":"wp","href":"https:\/\/api.w.org\/{rel}","templated":true}]}}