{"id":292,"date":"2019-12-17T10:24:48","date_gmt":"2019-12-17T14:24:48","guid":{"rendered":"http:\/\/seminarios.isciweb.com.br\/?page_id=292"},"modified":"2019-12-17T10:24:48","modified_gmt":"2019-12-17T14:24:48","slug":"1940-2","status":"publish","type":"page","link":"https:\/\/seminarios.isciweb.com.br\/index.php\/1940-2\/","title":{"rendered":"1940"},"content":{"rendered":"\n<table class=\"wp-block-table\"><tbody><tr><td>Certificamos que:<\/td><td>Kellen Cristina Ventura da Silva<\/td><\/tr><tr><td>Ministrou a palestra:<\/td><td>CONTA\u00c7\u00c3O DE HIST\u00d3RIAS NA EDUCA\u00c7\u00c3O INFANTIL<\/td><\/tr><tr><td>Conte\u00fado:<\/td><td>T\u00e9cnicas de hist\u00f3rias para crian\u00e7as.<br>Escolha de hist\u00f3rias de acordo com a faixa et\u00e1ria.<br>Entona\u00e7\u00e3o da voz durante a leitura.<\/td><\/tr><tr><\/tr><tr><\/tr><tr><td>Data:<\/td><td>11\/05\/2019<\/td><\/tr><tr><td>Dura\u00e7\u00e3o:<\/td><td>uma hora e 10 minutos<\/td><\/tr><tr><td>Realiza\u00e7\u00e3o:<\/td><td>Instituto Saber de Ci\u00eancias Integradas<\/td><\/tr><\/tbody><\/table>\n","protected":false},"excerpt":{"rendered":"<p>Certificamos que: Kellen Cristina Ventura da Silva Ministrou a palestra: CONTA\u00c7\u00c3O DE HIST\u00d3RIAS NA EDUCA\u00c7\u00c3O INFANTIL Conte\u00fado: T\u00e9cnicas de hist\u00f3rias para crian\u00e7as.Escolha de hist\u00f3rias de acordo com a faixa et\u00e1ria.Entona\u00e7\u00e3o da voz durante a leitura. Data: 11\/05\/2019 Dura\u00e7\u00e3o: uma hora e 10 minutos Realiza\u00e7\u00e3o: Instituto Saber de Ci\u00eancias Integradas<\/p>\n","protected":false},"author":1,"featured_media":0,"parent":0,"menu_order":0,"comment_status":"closed","ping_status":"closed","template":"","meta":{"footnotes":""},"class_list":["post-292","page","type-page","status-publish","hentry"],"_links":{"self":[{"href":"https:\/\/seminarios.isciweb.com.br\/index.php\/wp-json\/wp\/v2\/pages\/292","targetHints":{"allow":["GET"]}}],"collection":[{"href":"https:\/\/seminarios.isciweb.com.br\/index.php\/wp-json\/wp\/v2\/pages"}],"about":[{"href":"https:\/\/seminarios.isciweb.com.br\/index.php\/wp-json\/wp\/v2\/types\/page"}],"author":[{"embeddable":true,"href":"https:\/\/seminarios.isciweb.com.br\/index.php\/wp-json\/wp\/v2\/users\/1"}],"replies":[{"embeddable":true,"href":"https:\/\/seminarios.isciweb.com.br\/index.php\/wp-json\/wp\/v2\/comments?post=292"}],"version-history":[{"count":1,"href":"https:\/\/seminarios.isciweb.com.br\/index.php\/wp-json\/wp\/v2\/pages\/292\/revisions"}],"predecessor-version":[{"id":293,"href":"https:\/\/seminarios.isciweb.com.br\/index.php\/wp-json\/wp\/v2\/pages\/292\/revisions\/293"}],"wp:attachment":[{"href":"https:\/\/seminarios.isciweb.com.br\/index.php\/wp-json\/wp\/v2\/media?parent=292"}],"curies":[{"name":"wp","href":"https:\/\/api.w.org\/{rel}","templated":true}]}}