{"id":298,"date":"2019-12-17T10:39:08","date_gmt":"2019-12-17T14:39:08","guid":{"rendered":"http:\/\/seminarios.isciweb.com.br\/?page_id=298"},"modified":"2019-12-17T10:39:08","modified_gmt":"2019-12-17T14:39:08","slug":"1948-2","status":"publish","type":"page","link":"https:\/\/seminarios.isciweb.com.br\/index.php\/1948-2\/","title":{"rendered":"1948"},"content":{"rendered":"\n<table class=\"wp-block-table\"><tbody><tr><td>Certificamos que:<\/td><td>Kellen Cristina Ventura da Silva<\/td><\/tr><tr><td>Ministrou a palestra:<\/td><td>USO DE BRINDEIRA ANTIGAS NO ENSINO FUNDAMENTAL 1<\/td><\/tr><tr><td>Conte\u00fado:<\/td><td>Utilia\u00e7\u00e3o de brincadeiras antigas como amerelinha, pular corda, esconde esconde, entre outras.<br>Escolha de brincadeiras de acordo com a faixa et\u00e1ria.<\/td><\/tr><tr><\/tr><tr><\/tr><tr><td>Data:<\/td><td>01\/06\/2019<\/td><\/tr><tr><td>Dura\u00e7\u00e3o:<\/td><td>uma hora e 15 minutos<\/td><\/tr><tr><td>Realiza\u00e7\u00e3o:<\/td><td>Instituto Saber de Ci\u00eancias Integradas<\/td><\/tr><\/tbody><\/table>\n","protected":false},"excerpt":{"rendered":"<p>Certificamos que: Kellen Cristina Ventura da Silva Ministrou a palestra: USO DE BRINDEIRA ANTIGAS NO ENSINO FUNDAMENTAL 1 Conte\u00fado: Utilia\u00e7\u00e3o de brincadeiras antigas como amerelinha, pular corda, esconde esconde, entre outras.Escolha de brincadeiras de acordo com a faixa et\u00e1ria. Data: 01\/06\/2019 Dura\u00e7\u00e3o: uma hora e 15 minutos Realiza\u00e7\u00e3o: Instituto Saber de Ci\u00eancias Integradas<\/p>\n","protected":false},"author":1,"featured_media":0,"parent":0,"menu_order":0,"comment_status":"closed","ping_status":"closed","template":"","meta":{"footnotes":""},"class_list":["post-298","page","type-page","status-publish","hentry"],"_links":{"self":[{"href":"https:\/\/seminarios.isciweb.com.br\/index.php\/wp-json\/wp\/v2\/pages\/298","targetHints":{"allow":["GET"]}}],"collection":[{"href":"https:\/\/seminarios.isciweb.com.br\/index.php\/wp-json\/wp\/v2\/pages"}],"about":[{"href":"https:\/\/seminarios.isciweb.com.br\/index.php\/wp-json\/wp\/v2\/types\/page"}],"author":[{"embeddable":true,"href":"https:\/\/seminarios.isciweb.com.br\/index.php\/wp-json\/wp\/v2\/users\/1"}],"replies":[{"embeddable":true,"href":"https:\/\/seminarios.isciweb.com.br\/index.php\/wp-json\/wp\/v2\/comments?post=298"}],"version-history":[{"count":1,"href":"https:\/\/seminarios.isciweb.com.br\/index.php\/wp-json\/wp\/v2\/pages\/298\/revisions"}],"predecessor-version":[{"id":299,"href":"https:\/\/seminarios.isciweb.com.br\/index.php\/wp-json\/wp\/v2\/pages\/298\/revisions\/299"}],"wp:attachment":[{"href":"https:\/\/seminarios.isciweb.com.br\/index.php\/wp-json\/wp\/v2\/media?parent=298"}],"curies":[{"name":"wp","href":"https:\/\/api.w.org\/{rel}","templated":true}]}}