{"id":300,"date":"2019-12-17T10:48:39","date_gmt":"2019-12-17T14:48:39","guid":{"rendered":"http:\/\/seminarios.isciweb.com.br\/?page_id=300"},"modified":"2019-12-17T10:58:47","modified_gmt":"2019-12-17T14:58:47","slug":"1952-2","status":"publish","type":"page","link":"https:\/\/seminarios.isciweb.com.br\/index.php\/1952-2\/","title":{"rendered":"1952"},"content":{"rendered":"\n<table class=\"wp-block-table\"><tbody><tr><td>Certificamos que:<\/td><td>Kellen Cristina Ventura da Silva<\/td><\/tr><tr><td>Apresentou o banner:<\/td><td>ARTES PL\u00c1STICAS &#8211; CONSTRU\u00c7\u00c3O COM SUCATA<\/td><\/tr><tr><td>Conte\u00fado:<\/td><td>Trabalhando artes na educa\u00e7\u00e3o infantil atrav\u00e9s de constru\u00e7\u00e3o de jogos, esculturas e brinquedos com sucata.<\/td><\/tr><tr><\/tr><tr><\/tr><tr><td>Data:<\/td><td>01\/06\/2019<\/td><\/tr><tr><td>Dura\u00e7\u00e3o:<\/td><td>banner exposto durante 4 horas no encerramento do ciclo de palestras 2019\/1<\/td><\/tr><tr><td>Realiza\u00e7\u00e3o:<\/td><td>Instituto Saber de Ci\u00eancias Integradas<\/td><\/tr><\/tbody><\/table>\n","protected":false},"excerpt":{"rendered":"<p>Certificamos que: Kellen Cristina Ventura da Silva Apresentou o banner: ARTES PL\u00c1STICAS &#8211; CONSTRU\u00c7\u00c3O COM SUCATA Conte\u00fado: Trabalhando artes na educa\u00e7\u00e3o infantil atrav\u00e9s de constru\u00e7\u00e3o de jogos, esculturas e brinquedos com sucata. Data: 01\/06\/2019 Dura\u00e7\u00e3o: banner exposto durante 4 horas no encerramento do ciclo de palestras 2019\/1 Realiza\u00e7\u00e3o: Instituto Saber de Ci\u00eancias Integradas<\/p>\n","protected":false},"author":1,"featured_media":0,"parent":0,"menu_order":0,"comment_status":"closed","ping_status":"closed","template":"","meta":{"footnotes":""},"class_list":["post-300","page","type-page","status-publish","hentry"],"_links":{"self":[{"href":"https:\/\/seminarios.isciweb.com.br\/index.php\/wp-json\/wp\/v2\/pages\/300","targetHints":{"allow":["GET"]}}],"collection":[{"href":"https:\/\/seminarios.isciweb.com.br\/index.php\/wp-json\/wp\/v2\/pages"}],"about":[{"href":"https:\/\/seminarios.isciweb.com.br\/index.php\/wp-json\/wp\/v2\/types\/page"}],"author":[{"embeddable":true,"href":"https:\/\/seminarios.isciweb.com.br\/index.php\/wp-json\/wp\/v2\/users\/1"}],"replies":[{"embeddable":true,"href":"https:\/\/seminarios.isciweb.com.br\/index.php\/wp-json\/wp\/v2\/comments?post=300"}],"version-history":[{"count":2,"href":"https:\/\/seminarios.isciweb.com.br\/index.php\/wp-json\/wp\/v2\/pages\/300\/revisions"}],"predecessor-version":[{"id":304,"href":"https:\/\/seminarios.isciweb.com.br\/index.php\/wp-json\/wp\/v2\/pages\/300\/revisions\/304"}],"wp:attachment":[{"href":"https:\/\/seminarios.isciweb.com.br\/index.php\/wp-json\/wp\/v2\/media?parent=300"}],"curies":[{"name":"wp","href":"https:\/\/api.w.org\/{rel}","templated":true}]}}