{"id":385,"date":"2020-03-07T10:11:42","date_gmt":"2020-03-07T14:11:42","guid":{"rendered":"http:\/\/seminarios.isciweb.com.br\/?page_id=385"},"modified":"2020-11-30T19:17:36","modified_gmt":"2020-11-30T23:17:36","slug":"2061-2","status":"publish","type":"page","link":"https:\/\/seminarios.isciweb.com.br\/index.php\/2061-2\/","title":{"rendered":"2061"},"content":{"rendered":"\n<table class=\"wp-block-table\"><tbody><tr><td>N\u00ba de registro:<\/td><td>2061<\/td><\/tr><tr><td><\/td><\/tr><tr><td>Certificamos que:<\/td><td>Andrea Jos\u00e9 da Cruz Costa  <br>Elaine M\u00fcller Cruz <br>Franciele Cezar<br>Silvia Jos\u00e9 da Cruz Nunes<br>Tatiane Nunes da Cruz<\/td><\/tr><tr><\/tr><tr><\/tr><tr><\/tr><tr><td><\/td><\/tr><tr><td>Apresentaram o banner:<\/td><td>A IMPORTANCIA DOS JOGOS NO ENSINO DE MATEMATICA<\/td><\/tr><tr><td>Conte\u00fado:<\/td><td>A melhoria nos resultados do processo de ensino\/aprendizagem com a utiliza\u00e7\u00e3o dos jogos para trabalhar os conte\u00fados de Matem\u00e1tica em sala de aula.<\/td><\/tr><tr><\/tr><tr><\/tr><tr><\/tr><tr><td>Data apresenta\u00e7\u00e3o:<\/td><td>07\/03\/2020<\/td><\/tr><tr><td>Data evento:<\/td><td>15, 16, 22, 23, 24, e 29 fev.\/2020<br>1, 7 e 8 de mar.\/2020<\/td><\/tr><tr><td>Realiza\u00e7\u00e3o:<\/td><td>Instituto Saber de Ci\u00eancias Integradas<\/td><\/tr><\/tbody><\/table>\n","protected":false},"excerpt":{"rendered":"<p>N\u00ba de registro: 2061 Certificamos que: Andrea Jos\u00e9 da Cruz Costa Elaine M\u00fcller Cruz Franciele CezarSilvia Jos\u00e9 da Cruz NunesTatiane Nunes da Cruz Apresentaram o banner: A IMPORTANCIA DOS JOGOS NO ENSINO DE MATEMATICA Conte\u00fado: A melhoria nos resultados do processo de ensino\/aprendizagem com a utiliza\u00e7\u00e3o dos jogos para trabalhar os conte\u00fados de Matem\u00e1tica em [&hellip;]<\/p>\n","protected":false},"author":1,"featured_media":0,"parent":0,"menu_order":0,"comment_status":"closed","ping_status":"closed","template":"","meta":{"footnotes":""},"class_list":["post-385","page","type-page","status-publish","hentry"],"_links":{"self":[{"href":"https:\/\/seminarios.isciweb.com.br\/index.php\/wp-json\/wp\/v2\/pages\/385","targetHints":{"allow":["GET"]}}],"collection":[{"href":"https:\/\/seminarios.isciweb.com.br\/index.php\/wp-json\/wp\/v2\/pages"}],"about":[{"href":"https:\/\/seminarios.isciweb.com.br\/index.php\/wp-json\/wp\/v2\/types\/page"}],"author":[{"embeddable":true,"href":"https:\/\/seminarios.isciweb.com.br\/index.php\/wp-json\/wp\/v2\/users\/1"}],"replies":[{"embeddable":true,"href":"https:\/\/seminarios.isciweb.com.br\/index.php\/wp-json\/wp\/v2\/comments?post=385"}],"version-history":[{"count":1,"href":"https:\/\/seminarios.isciweb.com.br\/index.php\/wp-json\/wp\/v2\/pages\/385\/revisions"}],"predecessor-version":[{"id":386,"href":"https:\/\/seminarios.isciweb.com.br\/index.php\/wp-json\/wp\/v2\/pages\/385\/revisions\/386"}],"wp:attachment":[{"href":"https:\/\/seminarios.isciweb.com.br\/index.php\/wp-json\/wp\/v2\/media?parent=385"}],"curies":[{"name":"wp","href":"https:\/\/api.w.org\/{rel}","templated":true}]}}