{"id":398,"date":"2020-02-24T19:27:18","date_gmt":"2020-02-24T23:27:18","guid":{"rendered":"http:\/\/seminarios.isciweb.com.br\/?page_id=398"},"modified":"2020-11-30T19:32:05","modified_gmt":"2020-11-30T23:32:05","slug":"1254-2","status":"publish","type":"page","link":"https:\/\/seminarios.isciweb.com.br\/index.php\/1254-2\/","title":{"rendered":"2054"},"content":{"rendered":"\n<table class=\"wp-block-table\"><tbody><tr><td>N\u00ba de registro:<\/td><td>2054<\/td><\/tr><tr><td><\/td><\/tr><tr><td>Certificamos que:<\/td><td>Elaine M\u00fcller Cruz <br>Franciele Cezar<br>Silvia Jos\u00e9 da Cruz Nunes<br>Tatiane Nunes da Cruz<br>Wagner Junior Cruz<br><\/td><\/tr><tr><\/tr><tr><\/tr><tr><\/tr><tr><td><\/td><\/tr><tr><td>Apresentaram o banner:<\/td><td>A HIST\u00d3RIA DA MATEM\u00c1TICA: COMO TEND\u00caNCIA METODOL\u00d3GICA DE ENSINO E APRENDIZAGEM<\/td><\/tr><tr><td>Conte\u00fado:<\/td><td>O papel fundamental da conta\u00e7\u00e3o de hist\u00f3rias na educa\u00e7\u00e3o infantil, no sentido de formar leitores, estimular a criatividade, a intera\u00e7\u00e3o e o h\u00e1bito da leitura.<\/td><\/tr><tr><\/tr><tr><\/tr><tr><\/tr><tr><td>Data apresenta\u00e7\u00e3o:<\/td><td>24\/02\/2020<\/td><\/tr><tr><td>Data evento:<\/td><td>15, 16, 22, 23, 24, e 29 fev.\/2020<br>1, 7 e 8 de mar.\/2020<\/td><\/tr><tr><td>Realiza\u00e7\u00e3o:<\/td><td>Instituto Saber de Ci\u00eancias Integradas<\/td><\/tr><\/tbody><\/table>\n","protected":false},"excerpt":{"rendered":"<p>N\u00ba de registro: 2054 Certificamos que: Elaine M\u00fcller Cruz Franciele CezarSilvia Jos\u00e9 da Cruz NunesTatiane Nunes da CruzWagner Junior Cruz Apresentaram o banner: A HIST\u00d3RIA DA MATEM\u00c1TICA: COMO TEND\u00caNCIA METODOL\u00d3GICA DE ENSINO E APRENDIZAGEM Conte\u00fado: O papel fundamental da conta\u00e7\u00e3o de hist\u00f3rias na educa\u00e7\u00e3o infantil, no sentido de formar leitores, estimular a criatividade, a intera\u00e7\u00e3o [&hellip;]<\/p>\n","protected":false},"author":1,"featured_media":0,"parent":0,"menu_order":0,"comment_status":"closed","ping_status":"closed","template":"","meta":{"footnotes":""},"class_list":["post-398","page","type-page","status-publish","hentry"],"_links":{"self":[{"href":"https:\/\/seminarios.isciweb.com.br\/index.php\/wp-json\/wp\/v2\/pages\/398","targetHints":{"allow":["GET"]}}],"collection":[{"href":"https:\/\/seminarios.isciweb.com.br\/index.php\/wp-json\/wp\/v2\/pages"}],"about":[{"href":"https:\/\/seminarios.isciweb.com.br\/index.php\/wp-json\/wp\/v2\/types\/page"}],"author":[{"embeddable":true,"href":"https:\/\/seminarios.isciweb.com.br\/index.php\/wp-json\/wp\/v2\/users\/1"}],"replies":[{"embeddable":true,"href":"https:\/\/seminarios.isciweb.com.br\/index.php\/wp-json\/wp\/v2\/comments?post=398"}],"version-history":[{"count":2,"href":"https:\/\/seminarios.isciweb.com.br\/index.php\/wp-json\/wp\/v2\/pages\/398\/revisions"}],"predecessor-version":[{"id":400,"href":"https:\/\/seminarios.isciweb.com.br\/index.php\/wp-json\/wp\/v2\/pages\/398\/revisions\/400"}],"wp:attachment":[{"href":"https:\/\/seminarios.isciweb.com.br\/index.php\/wp-json\/wp\/v2\/media?parent=398"}],"curies":[{"name":"wp","href":"https:\/\/api.w.org\/{rel}","templated":true}]}}