{"id":401,"date":"2020-02-15T19:39:07","date_gmt":"2020-02-15T23:39:07","guid":{"rendered":"http:\/\/seminarios.isciweb.com.br\/?page_id=401"},"modified":"2020-11-30T19:39:42","modified_gmt":"2020-11-30T23:39:42","slug":"2028-2","status":"publish","type":"page","link":"https:\/\/seminarios.isciweb.com.br\/index.php\/2028-2\/","title":{"rendered":"2028"},"content":{"rendered":"\n<table class=\"wp-block-table\"><tbody><tr><td>N\u00famero de registro:       <\/td><td>2028<\/td><\/tr><tr><td><\/td><td><\/td><\/tr><tr><td>Certificamos que:       <\/td><td>Andrea Jos\u00e9 da Cruz Costa<br>Elaine M\u00fcller Cruz<br>Silvia Jos\u00e9 da Cruz Nunes<br>Tatiane Nunes da Cruz <br>Wagner Junior Cruz<\/td><\/tr><tr><\/tr><tr><\/tr><tr><\/tr><tr><\/tr><tr><td>Apresentaram a      .<br>Comunica\u00e7\u00e3o Oral:      .<\/td><td>AUTISMO E ESCOLA: OS DESAFIOS E A NECESSIDADE DA INCLUS\u00c3O  <\/td><\/tr><tr><td>Conte\u00fado:       <\/td><td>A necessidade da inclus\u00e3o e os desafios para que ela seja efetivamente colocada em pr\u00e1tica.<\/td><\/tr><tr><\/tr><tr><\/tr><tr><\/tr><tr><td>Data apresenta\u00e7\u00e3o:       <\/td><td>15\/02\/2020<\/td><\/tr><tr><td>Data evento:       <\/td><td>15, 16, 22, 23, 24, e 29 fev.\/2020<br>1, 7 e 8 de mar.\/2020                     <\/td><\/tr><tr><td>Realiza\u00e7\u00e3o:        <\/td><td>Instituto Saber de Ci\u00eancias Integradas                        <\/td><\/tr><\/tbody><\/table>\n","protected":false},"excerpt":{"rendered":"<p>N\u00famero de registro: 2028 Certificamos que: Andrea Jos\u00e9 da Cruz CostaElaine M\u00fcller CruzSilvia Jos\u00e9 da Cruz NunesTatiane Nunes da Cruz Wagner Junior Cruz Apresentaram a .Comunica\u00e7\u00e3o Oral: . AUTISMO E ESCOLA: OS DESAFIOS E A NECESSIDADE DA INCLUS\u00c3O Conte\u00fado: A necessidade da inclus\u00e3o e os desafios para que ela seja efetivamente colocada em pr\u00e1tica. Data [&hellip;]<\/p>\n","protected":false},"author":1,"featured_media":0,"parent":0,"menu_order":0,"comment_status":"closed","ping_status":"closed","template":"","meta":{"footnotes":""},"class_list":["post-401","page","type-page","status-publish","hentry"],"_links":{"self":[{"href":"https:\/\/seminarios.isciweb.com.br\/index.php\/wp-json\/wp\/v2\/pages\/401","targetHints":{"allow":["GET"]}}],"collection":[{"href":"https:\/\/seminarios.isciweb.com.br\/index.php\/wp-json\/wp\/v2\/pages"}],"about":[{"href":"https:\/\/seminarios.isciweb.com.br\/index.php\/wp-json\/wp\/v2\/types\/page"}],"author":[{"embeddable":true,"href":"https:\/\/seminarios.isciweb.com.br\/index.php\/wp-json\/wp\/v2\/users\/1"}],"replies":[{"embeddable":true,"href":"https:\/\/seminarios.isciweb.com.br\/index.php\/wp-json\/wp\/v2\/comments?post=401"}],"version-history":[{"count":1,"href":"https:\/\/seminarios.isciweb.com.br\/index.php\/wp-json\/wp\/v2\/pages\/401\/revisions"}],"predecessor-version":[{"id":402,"href":"https:\/\/seminarios.isciweb.com.br\/index.php\/wp-json\/wp\/v2\/pages\/401\/revisions\/402"}],"wp:attachment":[{"href":"https:\/\/seminarios.isciweb.com.br\/index.php\/wp-json\/wp\/v2\/media?parent=401"}],"curies":[{"name":"wp","href":"https:\/\/api.w.org\/{rel}","templated":true}]}}