{"id":405,"date":"2020-03-01T20:03:39","date_gmt":"2020-03-02T00:03:39","guid":{"rendered":"http:\/\/seminarios.isciweb.com.br\/?page_id=405"},"modified":"2020-11-30T20:06:39","modified_gmt":"2020-12-01T00:06:39","slug":"2069-2","status":"publish","type":"page","link":"https:\/\/seminarios.isciweb.com.br\/index.php\/2069-2\/","title":{"rendered":"2069"},"content":{"rendered":"\n<table class=\"wp-block-table\"><tbody><tr><td>N\u00famero de registro:       <\/td><td>2069<\/td><\/tr><tr><td><\/td><td><\/td><\/tr><tr><td>Certificamos que:       <\/td><td>Elaine M\u00fcller  Cruz<br>Claudete da Silva<br>Franciele Cezar<br>M\u00e1rcia Regina da Costa<br>Tatiane Nunes da Cruz<\/td><\/tr><tr><\/tr><tr><\/tr><tr><\/tr><tr><\/tr><tr><td>Apresentaram a      .<br>Comunica\u00e7\u00e3o Oral:      .<\/td><td>A IMPORTANCIA DA INTERDISCIPLINARIEDADE NA SALA DE AULA<\/td><\/tr><tr><td>Conte\u00fado:       <\/td><td>Trabalhar a interdiciplinaridade em sala de aula buscando um entendimento geral do conte\u00fado por parte dos alunos e o fortalecimento das liga\u00f5es entre as diversas disciplinas.<\/td><\/tr><tr><\/tr><tr><\/tr><tr><\/tr><tr><td>Data apresenta\u00e7\u00e3o:       <\/td><td>01\/03\/2020<\/td><\/tr><tr><td>Data evento:       <\/td><td>15, 16, 22, 23, 24, e 29 fev.\/2020<br>1, 7 e 8 de mar.\/2020                     <\/td><\/tr><tr><td>Realiza\u00e7\u00e3o:        <\/td><td>Instituto Saber de Ci\u00eancias Integradas                        <\/td><\/tr><\/tbody><\/table>\n","protected":false},"excerpt":{"rendered":"<p>N\u00famero de registro: 2069 Certificamos que: Elaine M\u00fcller CruzClaudete da SilvaFranciele CezarM\u00e1rcia Regina da CostaTatiane Nunes da Cruz Apresentaram a .Comunica\u00e7\u00e3o Oral: . A IMPORTANCIA DA INTERDISCIPLINARIEDADE NA SALA DE AULA Conte\u00fado: Trabalhar a interdiciplinaridade em sala de aula buscando um entendimento geral do conte\u00fado por parte dos alunos e o fortalecimento das liga\u00f5es entre [&hellip;]<\/p>\n","protected":false},"author":1,"featured_media":0,"parent":0,"menu_order":0,"comment_status":"closed","ping_status":"closed","template":"","meta":{"footnotes":""},"class_list":["post-405","page","type-page","status-publish","hentry"],"_links":{"self":[{"href":"https:\/\/seminarios.isciweb.com.br\/index.php\/wp-json\/wp\/v2\/pages\/405","targetHints":{"allow":["GET"]}}],"collection":[{"href":"https:\/\/seminarios.isciweb.com.br\/index.php\/wp-json\/wp\/v2\/pages"}],"about":[{"href":"https:\/\/seminarios.isciweb.com.br\/index.php\/wp-json\/wp\/v2\/types\/page"}],"author":[{"embeddable":true,"href":"https:\/\/seminarios.isciweb.com.br\/index.php\/wp-json\/wp\/v2\/users\/1"}],"replies":[{"embeddable":true,"href":"https:\/\/seminarios.isciweb.com.br\/index.php\/wp-json\/wp\/v2\/comments?post=405"}],"version-history":[{"count":1,"href":"https:\/\/seminarios.isciweb.com.br\/index.php\/wp-json\/wp\/v2\/pages\/405\/revisions"}],"predecessor-version":[{"id":406,"href":"https:\/\/seminarios.isciweb.com.br\/index.php\/wp-json\/wp\/v2\/pages\/405\/revisions\/406"}],"wp:attachment":[{"href":"https:\/\/seminarios.isciweb.com.br\/index.php\/wp-json\/wp\/v2\/media?parent=405"}],"curies":[{"name":"wp","href":"https:\/\/api.w.org\/{rel}","templated":true}]}}