{"id":408,"date":"2020-03-08T20:09:35","date_gmt":"2020-03-09T00:09:35","guid":{"rendered":"http:\/\/seminarios.isciweb.com.br\/?page_id=408"},"modified":"2020-11-30T20:10:31","modified_gmt":"2020-12-01T00:10:31","slug":"2081-2","status":"publish","type":"page","link":"https:\/\/seminarios.isciweb.com.br\/index.php\/2081-2\/","title":{"rendered":"2081"},"content":{"rendered":"\n<table class=\"wp-block-table\"><tbody><tr><td>N\u00famero de registro:       <\/td><td>2081<\/td><\/tr><tr><td><\/td><td><\/td><\/tr><tr><td>Certificamos que:       <\/td><td>Elaine M\u00fcller  Cruz<br>Claudete da Silva<br>Franciele Cezar<br>M\u00e1rcia Regina da Costa<br>Tatiane Nunes da Cruz<\/td><\/tr><tr><\/tr><tr><\/tr><tr><\/tr><tr><\/tr><tr><td>Apresentaram a      .<br>Comunica\u00e7\u00e3o Oral:      .<\/td><td>A HIST\u00d3RIA DA MATEM\u00c1TICA NO PROCESSO DE ENSINO E APRENDIZAGEM<\/td><\/tr><tr><td>Conte\u00fado:       <\/td><td>A utiliza\u00e7\u00e3o da hist\u00f3ria da Matem\u00e1tica nos processos pedag\u00f3gicos de ensino da disciplina.<\/td><\/tr><tr><\/tr><tr><\/tr><tr><\/tr><tr><td>Data apresenta\u00e7\u00e3o:       <\/td><td>08\/03\/2020<\/td><\/tr><tr><td>Data evento:       <\/td><td>15, 16, 22, 23, 24, e 29 fev.\/2020<br>1, 7 e 8 de mar.\/2020                     <\/td><\/tr><tr><td>Realiza\u00e7\u00e3o:        <\/td><td>Instituto Saber de Ci\u00eancias Integradas                        <\/td><\/tr><\/tbody><\/table>\n","protected":false},"excerpt":{"rendered":"<p>N\u00famero de registro: 2081 Certificamos que: Elaine M\u00fcller CruzClaudete da SilvaFranciele CezarM\u00e1rcia Regina da CostaTatiane Nunes da Cruz Apresentaram a .Comunica\u00e7\u00e3o Oral: . A HIST\u00d3RIA DA MATEM\u00c1TICA NO PROCESSO DE ENSINO E APRENDIZAGEM Conte\u00fado: A utiliza\u00e7\u00e3o da hist\u00f3ria da Matem\u00e1tica nos processos pedag\u00f3gicos de ensino da disciplina. Data apresenta\u00e7\u00e3o: 08\/03\/2020 Data evento: 15, 16, 22, [&hellip;]<\/p>\n","protected":false},"author":1,"featured_media":0,"parent":0,"menu_order":0,"comment_status":"closed","ping_status":"closed","template":"","meta":{"footnotes":""},"class_list":["post-408","page","type-page","status-publish","hentry"],"_links":{"self":[{"href":"https:\/\/seminarios.isciweb.com.br\/index.php\/wp-json\/wp\/v2\/pages\/408","targetHints":{"allow":["GET"]}}],"collection":[{"href":"https:\/\/seminarios.isciweb.com.br\/index.php\/wp-json\/wp\/v2\/pages"}],"about":[{"href":"https:\/\/seminarios.isciweb.com.br\/index.php\/wp-json\/wp\/v2\/types\/page"}],"author":[{"embeddable":true,"href":"https:\/\/seminarios.isciweb.com.br\/index.php\/wp-json\/wp\/v2\/users\/1"}],"replies":[{"embeddable":true,"href":"https:\/\/seminarios.isciweb.com.br\/index.php\/wp-json\/wp\/v2\/comments?post=408"}],"version-history":[{"count":1,"href":"https:\/\/seminarios.isciweb.com.br\/index.php\/wp-json\/wp\/v2\/pages\/408\/revisions"}],"predecessor-version":[{"id":409,"href":"https:\/\/seminarios.isciweb.com.br\/index.php\/wp-json\/wp\/v2\/pages\/408\/revisions\/409"}],"wp:attachment":[{"href":"https:\/\/seminarios.isciweb.com.br\/index.php\/wp-json\/wp\/v2\/media?parent=408"}],"curies":[{"name":"wp","href":"https:\/\/api.w.org\/{rel}","templated":true}]}}