{"id":413,"date":"2020-02-16T15:21:53","date_gmt":"2020-02-16T19:21:53","guid":{"rendered":"http:\/\/seminarios.isciweb.com.br\/?page_id=413"},"modified":"2020-12-01T15:22:27","modified_gmt":"2020-12-01T19:22:27","slug":"2027-2","status":"publish","type":"page","link":"https:\/\/seminarios.isciweb.com.br\/index.php\/2027-2\/","title":{"rendered":"2027"},"content":{"rendered":"\n<table class=\"wp-block-table\"><tbody><tr><td>N\u00ba de registro:<\/td><td>2027<\/td><\/tr><tr><td><\/td><\/tr><tr><td>Certificamos que:<\/td><td>\u00c9rica de Oliveira de Souza<br>Lucia Adriana Zaura<br>No\u00e9zia Ana Leonardo Alves <br>Tatiane Ramos Ribeiro <br><\/td><\/tr><tr><\/tr><tr><\/tr><tr><\/tr><tr><td><\/td><\/tr><tr><td>Apresentaram o banner:<\/td><td>HORTA ESCOLAR DE TEMPEROS<\/td><\/tr><tr><td>Conte\u00fado:<\/td><td>A melhora no sabor dos lanches e merendas escolares, proporcionados por uma horta de temperos cultivados nestes espa\u00e7os.<\/td><\/tr><tr><\/tr><tr><\/tr><tr><\/tr><tr><td>Data apresenta\u00e7\u00e3o:<\/td><td>16\/02\/2020<\/td><\/tr><tr><td>Data evento:<\/td><td>15, 16, 22, 23, 24, e 29 fev.\/2020<br>1, 7 e 8 de mar.\/2020<\/td><\/tr><tr><td>Realiza\u00e7\u00e3o:<\/td><td>Instituto Saber de Ci\u00eancias Integradas<\/td><\/tr><\/tbody><\/table>\n","protected":false},"excerpt":{"rendered":"<p>N\u00ba de registro: 2027 Certificamos que: \u00c9rica de Oliveira de SouzaLucia Adriana ZauraNo\u00e9zia Ana Leonardo Alves Tatiane Ramos Ribeiro Apresentaram o banner: HORTA ESCOLAR DE TEMPEROS Conte\u00fado: A melhora no sabor dos lanches e merendas escolares, proporcionados por uma horta de temperos cultivados nestes espa\u00e7os. Data apresenta\u00e7\u00e3o: 16\/02\/2020 Data evento: 15, 16, 22, 23, 24, [&hellip;]<\/p>\n","protected":false},"author":1,"featured_media":0,"parent":0,"menu_order":0,"comment_status":"closed","ping_status":"closed","template":"","meta":{"footnotes":""},"class_list":["post-413","page","type-page","status-publish","hentry"],"_links":{"self":[{"href":"https:\/\/seminarios.isciweb.com.br\/index.php\/wp-json\/wp\/v2\/pages\/413","targetHints":{"allow":["GET"]}}],"collection":[{"href":"https:\/\/seminarios.isciweb.com.br\/index.php\/wp-json\/wp\/v2\/pages"}],"about":[{"href":"https:\/\/seminarios.isciweb.com.br\/index.php\/wp-json\/wp\/v2\/types\/page"}],"author":[{"embeddable":true,"href":"https:\/\/seminarios.isciweb.com.br\/index.php\/wp-json\/wp\/v2\/users\/1"}],"replies":[{"embeddable":true,"href":"https:\/\/seminarios.isciweb.com.br\/index.php\/wp-json\/wp\/v2\/comments?post=413"}],"version-history":[{"count":1,"href":"https:\/\/seminarios.isciweb.com.br\/index.php\/wp-json\/wp\/v2\/pages\/413\/revisions"}],"predecessor-version":[{"id":414,"href":"https:\/\/seminarios.isciweb.com.br\/index.php\/wp-json\/wp\/v2\/pages\/413\/revisions\/414"}],"wp:attachment":[{"href":"https:\/\/seminarios.isciweb.com.br\/index.php\/wp-json\/wp\/v2\/media?parent=413"}],"curies":[{"name":"wp","href":"https:\/\/api.w.org\/{rel}","templated":true}]}}