{"id":421,"date":"2020-03-01T15:35:21","date_gmt":"2020-03-01T19:35:21","guid":{"rendered":"http:\/\/seminarios.isciweb.com.br\/?page_id=421"},"modified":"2020-12-01T15:35:57","modified_gmt":"2020-12-01T19:35:57","slug":"2058-2","status":"publish","type":"page","link":"https:\/\/seminarios.isciweb.com.br\/index.php\/2058-2\/","title":{"rendered":"2058"},"content":{"rendered":"\n<table class=\"wp-block-table\"><tbody><tr><td>N\u00ba de registro:<\/td><td>2058<\/td><\/tr><tr><td><\/td><\/tr><tr><td>Certificamos que:<\/td><td>\u00c9rica de Oliveira de Souza<br>Lucia Adriana Zaura<br>No\u00e9zia Ana Leonardo Alves<br>Tatiane Ramos Ribeiro<\/td><\/tr><tr><\/tr><tr><\/tr><tr><\/tr><tr><td><\/td><\/tr><tr><td>Apresentaram o banner:<\/td><td>HIGIENE BUCAL <\/td><\/tr><tr><td>Conte\u00fado:<\/td><td>A necessidade da higiene bucal para a sa\u00fade da comunidade escolar.<\/td><\/tr><tr><\/tr><tr><\/tr><tr><\/tr><tr><td>Data apresenta\u00e7\u00e3o:<\/td><td>01\/03\/2020<\/td><\/tr><tr><td>Data evento:<\/td><td>15, 16, 22, 23, 24, e 29 fev.\/2020<br>1, 7 e 8 de mar.\/2020<\/td><\/tr><tr><td>Realiza\u00e7\u00e3o:<\/td><td>Instituto Saber de Ci\u00eancias Integradas<\/td><\/tr><\/tbody><\/table>\n","protected":false},"excerpt":{"rendered":"<p>N\u00ba de registro: 2058 Certificamos que: \u00c9rica de Oliveira de SouzaLucia Adriana ZauraNo\u00e9zia Ana Leonardo AlvesTatiane Ramos Ribeiro Apresentaram o banner: HIGIENE BUCAL Conte\u00fado: A necessidade da higiene bucal para a sa\u00fade da comunidade escolar. Data apresenta\u00e7\u00e3o: 01\/03\/2020 Data evento: 15, 16, 22, 23, 24, e 29 fev.\/20201, 7 e 8 de mar.\/2020 Realiza\u00e7\u00e3o: Instituto [&hellip;]<\/p>\n","protected":false},"author":1,"featured_media":0,"parent":0,"menu_order":0,"comment_status":"closed","ping_status":"closed","template":"","meta":{"footnotes":""},"class_list":["post-421","page","type-page","status-publish","hentry"],"_links":{"self":[{"href":"https:\/\/seminarios.isciweb.com.br\/index.php\/wp-json\/wp\/v2\/pages\/421","targetHints":{"allow":["GET"]}}],"collection":[{"href":"https:\/\/seminarios.isciweb.com.br\/index.php\/wp-json\/wp\/v2\/pages"}],"about":[{"href":"https:\/\/seminarios.isciweb.com.br\/index.php\/wp-json\/wp\/v2\/types\/page"}],"author":[{"embeddable":true,"href":"https:\/\/seminarios.isciweb.com.br\/index.php\/wp-json\/wp\/v2\/users\/1"}],"replies":[{"embeddable":true,"href":"https:\/\/seminarios.isciweb.com.br\/index.php\/wp-json\/wp\/v2\/comments?post=421"}],"version-history":[{"count":1,"href":"https:\/\/seminarios.isciweb.com.br\/index.php\/wp-json\/wp\/v2\/pages\/421\/revisions"}],"predecessor-version":[{"id":422,"href":"https:\/\/seminarios.isciweb.com.br\/index.php\/wp-json\/wp\/v2\/pages\/421\/revisions\/422"}],"wp:attachment":[{"href":"https:\/\/seminarios.isciweb.com.br\/index.php\/wp-json\/wp\/v2\/media?parent=421"}],"curies":[{"name":"wp","href":"https:\/\/api.w.org\/{rel}","templated":true}]}}