{"id":441,"date":"2020-03-01T05:54:44","date_gmt":"2020-03-01T09:54:44","guid":{"rendered":"http:\/\/seminarios.isciweb.com.br\/?page_id=441"},"modified":"2020-12-02T05:55:30","modified_gmt":"2020-12-02T09:55:30","slug":"2071-2","status":"publish","type":"page","link":"https:\/\/seminarios.isciweb.com.br\/index.php\/2071-2\/","title":{"rendered":"2071"},"content":{"rendered":"\n<table class=\"wp-block-table\"><tbody><tr><td>N\u00ba de registro:<\/td><td>2071<\/td><\/tr><tr><td><\/td><\/tr><tr><td>Certificamos que:<\/td><td>Eni Mackaulli da Silva Pilger<\/td><\/tr><tr><\/tr><tr><\/tr><tr><\/tr><tr><td><\/td><\/tr><tr><td>Apresentou o banner:<\/td><td>UM LINDO JARDIM NA ESCOLA<\/td><\/tr><tr><td>Conte\u00fado:<\/td><td>Trabalhando meio ambiente e natureza atrav\u00e9s da implanta\u00e7\u00e3o e manuten\u00e7\u00e3o de jardim na escola.<\/td><\/tr><tr><\/tr><tr><\/tr><tr><\/tr><tr><td>Data apresenta\u00e7\u00e3o:<\/td><td>01\/03\/2020<\/td><\/tr><tr><td>Data evento:<\/td><td>15, 16, 22, 23, 24, e 29 fev.\/2020<br>1, 7 e 8 de mar.\/2020<\/td><\/tr><tr><td>Realiza\u00e7\u00e3o:<\/td><td>Instituto Saber de Ci\u00eancias Integradas<\/td><\/tr><\/tbody><\/table>\n","protected":false},"excerpt":{"rendered":"<p>N\u00ba de registro: 2071 Certificamos que: Eni Mackaulli da Silva Pilger Apresentou o banner: UM LINDO JARDIM NA ESCOLA Conte\u00fado: Trabalhando meio ambiente e natureza atrav\u00e9s da implanta\u00e7\u00e3o e manuten\u00e7\u00e3o de jardim na escola. Data apresenta\u00e7\u00e3o: 01\/03\/2020 Data evento: 15, 16, 22, 23, 24, e 29 fev.\/20201, 7 e 8 de mar.\/2020 Realiza\u00e7\u00e3o: Instituto Saber [&hellip;]<\/p>\n","protected":false},"author":1,"featured_media":0,"parent":0,"menu_order":0,"comment_status":"closed","ping_status":"closed","template":"","meta":{"footnotes":""},"class_list":["post-441","page","type-page","status-publish","hentry"],"_links":{"self":[{"href":"https:\/\/seminarios.isciweb.com.br\/index.php\/wp-json\/wp\/v2\/pages\/441","targetHints":{"allow":["GET"]}}],"collection":[{"href":"https:\/\/seminarios.isciweb.com.br\/index.php\/wp-json\/wp\/v2\/pages"}],"about":[{"href":"https:\/\/seminarios.isciweb.com.br\/index.php\/wp-json\/wp\/v2\/types\/page"}],"author":[{"embeddable":true,"href":"https:\/\/seminarios.isciweb.com.br\/index.php\/wp-json\/wp\/v2\/users\/1"}],"replies":[{"embeddable":true,"href":"https:\/\/seminarios.isciweb.com.br\/index.php\/wp-json\/wp\/v2\/comments?post=441"}],"version-history":[{"count":1,"href":"https:\/\/seminarios.isciweb.com.br\/index.php\/wp-json\/wp\/v2\/pages\/441\/revisions"}],"predecessor-version":[{"id":442,"href":"https:\/\/seminarios.isciweb.com.br\/index.php\/wp-json\/wp\/v2\/pages\/441\/revisions\/442"}],"wp:attachment":[{"href":"https:\/\/seminarios.isciweb.com.br\/index.php\/wp-json\/wp\/v2\/media?parent=441"}],"curies":[{"name":"wp","href":"https:\/\/api.w.org\/{rel}","templated":true}]}}