{"id":451,"date":"2020-02-23T07:06:42","date_gmt":"2020-02-23T11:06:42","guid":{"rendered":"http:\/\/seminarios.isciweb.com.br\/?page_id=451"},"modified":"2020-12-02T07:07:21","modified_gmt":"2020-12-02T11:07:21","slug":"2043-2","status":"publish","type":"page","link":"https:\/\/seminarios.isciweb.com.br\/index.php\/2043-2\/","title":{"rendered":"2043"},"content":{"rendered":"\n<table class=\"wp-block-table\"><tbody><tr><td>N\u00famero de registro:       <\/td><td>2043<\/td><\/tr><tr><td><\/td><td><\/td><\/tr><tr><td>Certificamos que:       <\/td><td>Sirlei Leite<br>Ana Paula Carlesso<br>Angela Maria dos Santos Assun\u00e7\u00e3o<br>Nilvani Silva de Souza Sabino<br>Vanilda Correia da Silva<\/td><\/tr><tr><\/tr><tr><\/tr><tr><\/tr><tr><\/tr><tr><td>Apresentaram a      .<br>Comunica\u00e7\u00e3o Oral:      .<\/td><td>A IMPORT\u00c2NCIA DA FRUTA PARA ALIMENTA\u00c7\u00c3O SAUD\u00c1VEL &#8221;MAM\u00c3O&#8221;<\/td><\/tr><tr><td>Conte\u00fado:       <\/td><td>Formas de destacar a import\u00e2ncia das frutas na alimenta\u00e7\u00e3o para um desenvolvimento e vida saud\u00e1veis. Benef\u00edcios do mam\u00e3o.<\/td><\/tr><tr><\/tr><tr><\/tr><tr><\/tr><tr><td>Data apresenta\u00e7\u00e3o:       <\/td><td>23\/02\/2020<\/td><\/tr><tr><td>Data evento:       <\/td><td>15, 16, 22, 23, 24, e 29 fev.\/2020<br>1, 7 e 8 de mar.\/2020                     <\/td><\/tr><tr><td>Realiza\u00e7\u00e3o:        <\/td><td>Instituto Saber de Ci\u00eancias Integradas                        <\/td><\/tr><\/tbody><\/table>\n","protected":false},"excerpt":{"rendered":"<p>N\u00famero de registro: 2043 Certificamos que: Sirlei LeiteAna Paula CarlessoAngela Maria dos Santos Assun\u00e7\u00e3oNilvani Silva de Souza SabinoVanilda Correia da Silva Apresentaram a .Comunica\u00e7\u00e3o Oral: . A IMPORT\u00c2NCIA DA FRUTA PARA ALIMENTA\u00c7\u00c3O SAUD\u00c1VEL &#8221;MAM\u00c3O&#8221; Conte\u00fado: Formas de destacar a import\u00e2ncia das frutas na alimenta\u00e7\u00e3o para um desenvolvimento e vida saud\u00e1veis. Benef\u00edcios do mam\u00e3o. Data apresenta\u00e7\u00e3o: [&hellip;]<\/p>\n","protected":false},"author":1,"featured_media":0,"parent":0,"menu_order":0,"comment_status":"closed","ping_status":"closed","template":"","meta":{"footnotes":""},"class_list":["post-451","page","type-page","status-publish","hentry"],"_links":{"self":[{"href":"https:\/\/seminarios.isciweb.com.br\/index.php\/wp-json\/wp\/v2\/pages\/451","targetHints":{"allow":["GET"]}}],"collection":[{"href":"https:\/\/seminarios.isciweb.com.br\/index.php\/wp-json\/wp\/v2\/pages"}],"about":[{"href":"https:\/\/seminarios.isciweb.com.br\/index.php\/wp-json\/wp\/v2\/types\/page"}],"author":[{"embeddable":true,"href":"https:\/\/seminarios.isciweb.com.br\/index.php\/wp-json\/wp\/v2\/users\/1"}],"replies":[{"embeddable":true,"href":"https:\/\/seminarios.isciweb.com.br\/index.php\/wp-json\/wp\/v2\/comments?post=451"}],"version-history":[{"count":1,"href":"https:\/\/seminarios.isciweb.com.br\/index.php\/wp-json\/wp\/v2\/pages\/451\/revisions"}],"predecessor-version":[{"id":452,"href":"https:\/\/seminarios.isciweb.com.br\/index.php\/wp-json\/wp\/v2\/pages\/451\/revisions\/452"}],"wp:attachment":[{"href":"https:\/\/seminarios.isciweb.com.br\/index.php\/wp-json\/wp\/v2\/media?parent=451"}],"curies":[{"name":"wp","href":"https:\/\/api.w.org\/{rel}","templated":true}]}}