{"id":457,"date":"2020-03-08T07:16:14","date_gmt":"2020-03-08T11:16:14","guid":{"rendered":"http:\/\/seminarios.isciweb.com.br\/?page_id=457"},"modified":"2020-12-02T07:17:01","modified_gmt":"2020-12-02T11:17:01","slug":"2098-2","status":"publish","type":"page","link":"https:\/\/seminarios.isciweb.com.br\/index.php\/2098-2\/","title":{"rendered":"2098"},"content":{"rendered":"\n<table class=\"wp-block-table\"><tbody><tr><td>N\u00famero de registro:       <\/td><td>2098<\/td><\/tr><tr><td><\/td><td><\/td><\/tr><tr><td>Certificamos que:       <\/td><td>Nilvani Silva de Souza Sabino<br>Angela Maria dos Santos Assun\u00e7\u00e3o<br>Ana Paula Carlesso<br>Vanilda Correia da Silva<br>Glaucia Brissow Realto<\/td><\/tr><tr><\/tr><tr><\/tr><tr><\/tr><tr><\/tr><tr><td>Apresentaram a      .<br>Comunica\u00e7\u00e3o Oral:      .<\/td><td>A CONTRIBUI\u00c7\u00c3O DA M\u00daSICA NO DESENVOLVIMENTO PSICOMOTOR NA EDUCA\u00c7\u00c3O INFANTIL<\/td><\/tr><tr><td>Conte\u00fado:       <\/td><td>Formas de utiliza\u00e7\u00e3o da m\u00fasica como instrumento para o desenvolvimento psicomotor das crian\u00e7as no in\u00edcio da escolariza\u00e7\u00e3o.<\/td><\/tr><tr><\/tr><tr><\/tr><tr><\/tr><tr><td>Data apresenta\u00e7\u00e3o:       <\/td><td>08\/03\/2020<\/td><\/tr><tr><td>Data evento:       <\/td><td>15, 16, 22, 23, 24, e 29 fev.\/2020<br>1, 7 e 8 de mar.\/2020                     <\/td><\/tr><tr><td>Realiza\u00e7\u00e3o:        <\/td><td>Instituto Saber de Ci\u00eancias Integradas                        <\/td><\/tr><\/tbody><\/table>\n","protected":false},"excerpt":{"rendered":"<p>N\u00famero de registro: 2098 Certificamos que: Nilvani Silva de Souza SabinoAngela Maria dos Santos Assun\u00e7\u00e3oAna Paula CarlessoVanilda Correia da SilvaGlaucia Brissow Realto Apresentaram a .Comunica\u00e7\u00e3o Oral: . A CONTRIBUI\u00c7\u00c3O DA M\u00daSICA NO DESENVOLVIMENTO PSICOMOTOR NA EDUCA\u00c7\u00c3O INFANTIL Conte\u00fado: Formas de utiliza\u00e7\u00e3o da m\u00fasica como instrumento para o desenvolvimento psicomotor das crian\u00e7as no in\u00edcio da escolariza\u00e7\u00e3o. [&hellip;]<\/p>\n","protected":false},"author":1,"featured_media":0,"parent":0,"menu_order":0,"comment_status":"closed","ping_status":"closed","template":"","meta":{"footnotes":""},"class_list":["post-457","page","type-page","status-publish","hentry"],"_links":{"self":[{"href":"https:\/\/seminarios.isciweb.com.br\/index.php\/wp-json\/wp\/v2\/pages\/457","targetHints":{"allow":["GET"]}}],"collection":[{"href":"https:\/\/seminarios.isciweb.com.br\/index.php\/wp-json\/wp\/v2\/pages"}],"about":[{"href":"https:\/\/seminarios.isciweb.com.br\/index.php\/wp-json\/wp\/v2\/types\/page"}],"author":[{"embeddable":true,"href":"https:\/\/seminarios.isciweb.com.br\/index.php\/wp-json\/wp\/v2\/users\/1"}],"replies":[{"embeddable":true,"href":"https:\/\/seminarios.isciweb.com.br\/index.php\/wp-json\/wp\/v2\/comments?post=457"}],"version-history":[{"count":1,"href":"https:\/\/seminarios.isciweb.com.br\/index.php\/wp-json\/wp\/v2\/pages\/457\/revisions"}],"predecessor-version":[{"id":458,"href":"https:\/\/seminarios.isciweb.com.br\/index.php\/wp-json\/wp\/v2\/pages\/457\/revisions\/458"}],"wp:attachment":[{"href":"https:\/\/seminarios.isciweb.com.br\/index.php\/wp-json\/wp\/v2\/media?parent=457"}],"curies":[{"name":"wp","href":"https:\/\/api.w.org\/{rel}","templated":true}]}}