{"id":465,"date":"2020-03-01T17:00:05","date_gmt":"2020-03-01T21:00:05","guid":{"rendered":"http:\/\/seminarios.isciweb.com.br\/?page_id=465"},"modified":"2020-12-02T17:01:09","modified_gmt":"2020-12-02T21:01:09","slug":"2060-2","status":"publish","type":"page","link":"https:\/\/seminarios.isciweb.com.br\/index.php\/2060-2\/","title":{"rendered":"2060"},"content":{"rendered":"\n<table class=\"wp-block-table\"><tbody><tr><td>N\u00famero de registro:       <\/td><td>2060<\/td><\/tr><tr><td><\/td><td><\/td><\/tr><tr><td>Certificamos que:       <\/td><td>Angelica Wagner da Silva <br>Wancl\u00e9ia Batista Vilalva<br>Eni Mackaulli Da Silva Pilger<\/td><\/tr><tr><\/tr><tr><\/tr><tr><\/tr><tr><\/tr><tr><td>Apresentaram a      .<br>Comunica\u00e7\u00e3o Oral:      .<\/td><td>SACOLA VIAJANTE<\/td><\/tr><tr><td>Conte\u00fado:       <\/td><td>Contribui\u00e7\u00e3o dos contos de fadas na educa\u00e7\u00e3o infantil como facilitador do desenvolvimento da crian\u00e7a e facilitando a intera\u00e7\u00e3o entre elas. <\/td><\/tr><tr><\/tr><tr><\/tr><tr><\/tr><tr><td>Data apresenta\u00e7\u00e3o:       <\/td><td>01\/03\/2020<\/td><\/tr><tr><td>Data evento:       <\/td><td>15, 16, 22, 23, 24, e 29 fev.\/2020<br>1, 7 e 8 de mar.\/2020                     <\/td><\/tr><tr><td>Realiza\u00e7\u00e3o:        <\/td><td>Instituto Saber de Ci\u00eancias Integradas                        <\/td><\/tr><\/tbody><\/table>\n","protected":false},"excerpt":{"rendered":"<p>N\u00famero de registro: 2060 Certificamos que: Angelica Wagner da Silva Wancl\u00e9ia Batista VilalvaEni Mackaulli Da Silva Pilger Apresentaram a .Comunica\u00e7\u00e3o Oral: . SACOLA VIAJANTE Conte\u00fado: Contribui\u00e7\u00e3o dos contos de fadas na educa\u00e7\u00e3o infantil como facilitador do desenvolvimento da crian\u00e7a e facilitando a intera\u00e7\u00e3o entre elas. Data apresenta\u00e7\u00e3o: 01\/03\/2020 Data evento: 15, 16, 22, 23, 24, [&hellip;]<\/p>\n","protected":false},"author":1,"featured_media":0,"parent":0,"menu_order":0,"comment_status":"closed","ping_status":"closed","template":"","meta":{"footnotes":""},"class_list":["post-465","page","type-page","status-publish","hentry"],"_links":{"self":[{"href":"https:\/\/seminarios.isciweb.com.br\/index.php\/wp-json\/wp\/v2\/pages\/465","targetHints":{"allow":["GET"]}}],"collection":[{"href":"https:\/\/seminarios.isciweb.com.br\/index.php\/wp-json\/wp\/v2\/pages"}],"about":[{"href":"https:\/\/seminarios.isciweb.com.br\/index.php\/wp-json\/wp\/v2\/types\/page"}],"author":[{"embeddable":true,"href":"https:\/\/seminarios.isciweb.com.br\/index.php\/wp-json\/wp\/v2\/users\/1"}],"replies":[{"embeddable":true,"href":"https:\/\/seminarios.isciweb.com.br\/index.php\/wp-json\/wp\/v2\/comments?post=465"}],"version-history":[{"count":1,"href":"https:\/\/seminarios.isciweb.com.br\/index.php\/wp-json\/wp\/v2\/pages\/465\/revisions"}],"predecessor-version":[{"id":466,"href":"https:\/\/seminarios.isciweb.com.br\/index.php\/wp-json\/wp\/v2\/pages\/465\/revisions\/466"}],"wp:attachment":[{"href":"https:\/\/seminarios.isciweb.com.br\/index.php\/wp-json\/wp\/v2\/media?parent=465"}],"curies":[{"name":"wp","href":"https:\/\/api.w.org\/{rel}","templated":true}]}}