{"id":495,"date":"2020-02-24T16:03:21","date_gmt":"2020-02-24T20:03:21","guid":{"rendered":"http:\/\/seminarios.isciweb.com.br\/?page_id=495"},"modified":"2020-12-03T16:39:57","modified_gmt":"2020-12-03T20:39:57","slug":"2051-2","status":"publish","type":"page","link":"https:\/\/seminarios.isciweb.com.br\/index.php\/2051-2\/","title":{"rendered":"2051"},"content":{"rendered":"\n<table class=\"wp-block-table\"><tbody><tr><td>N\u00famero de registro:       <\/td><td>2051<\/td><\/tr><tr><td><\/td><td><\/td><\/tr><tr><td>Certificamos que:       <\/td><td>Meracy Santana de jesus<br>Vanderleia Ramos Pereira Leles <br>Let\u00edcia Pereira Leles  <br>Crislaine Lopes da Silva<br>Crislayne Giovana Fontes Alves<\/td><\/tr><tr><\/tr><tr><\/tr><tr><\/tr><tr><\/tr><tr><td>Apresentaram a      .<br>Comunica\u00e7\u00e3o Oral:      .<\/td><td>BICHINHOS DE JARDIM<\/td><\/tr><tr><td>Conte\u00fado:       <\/td><td>Trabalho l\u00fadico atrav\u00e9s da oberva\u00e7\u00e3o e contato com os componentes do jardim, visando aproxima\u00e7\u00e3o com o meio ambiente.<\/td><\/tr><tr><\/tr><tr><\/tr><tr><\/tr><tr><td>Data apresenta\u00e7\u00e3o:       <\/td><td>24\/02\/2020<\/td><\/tr><tr><td>Data evento:       <\/td><td>15, 16, 22, 23, 24, e 29 fev.\/2020<br>1, 7 e 8 de mar.\/2020                     <\/td><\/tr><tr><td>Realiza\u00e7\u00e3o:        <\/td><td>Instituto Saber de Ci\u00eancias Integradas                        <\/td><\/tr><\/tbody><\/table>\n","protected":false},"excerpt":{"rendered":"<p>N\u00famero de registro: 2051 Certificamos que: Meracy Santana de jesusVanderleia Ramos Pereira Leles Let\u00edcia Pereira Leles Crislaine Lopes da SilvaCrislayne Giovana Fontes Alves Apresentaram a .Comunica\u00e7\u00e3o Oral: . BICHINHOS DE JARDIM Conte\u00fado: Trabalho l\u00fadico atrav\u00e9s da oberva\u00e7\u00e3o e contato com os componentes do jardim, visando aproxima\u00e7\u00e3o com o meio ambiente. Data apresenta\u00e7\u00e3o: 24\/02\/2020 Data evento: [&hellip;]<\/p>\n","protected":false},"author":2,"featured_media":0,"parent":0,"menu_order":0,"comment_status":"closed","ping_status":"closed","template":"","meta":{"footnotes":""},"class_list":["post-495","page","type-page","status-publish","hentry"],"_links":{"self":[{"href":"https:\/\/seminarios.isciweb.com.br\/index.php\/wp-json\/wp\/v2\/pages\/495","targetHints":{"allow":["GET"]}}],"collection":[{"href":"https:\/\/seminarios.isciweb.com.br\/index.php\/wp-json\/wp\/v2\/pages"}],"about":[{"href":"https:\/\/seminarios.isciweb.com.br\/index.php\/wp-json\/wp\/v2\/types\/page"}],"author":[{"embeddable":true,"href":"https:\/\/seminarios.isciweb.com.br\/index.php\/wp-json\/wp\/v2\/users\/2"}],"replies":[{"embeddable":true,"href":"https:\/\/seminarios.isciweb.com.br\/index.php\/wp-json\/wp\/v2\/comments?post=495"}],"version-history":[{"count":1,"href":"https:\/\/seminarios.isciweb.com.br\/index.php\/wp-json\/wp\/v2\/pages\/495\/revisions"}],"predecessor-version":[{"id":496,"href":"https:\/\/seminarios.isciweb.com.br\/index.php\/wp-json\/wp\/v2\/pages\/495\/revisions\/496"}],"wp:attachment":[{"href":"https:\/\/seminarios.isciweb.com.br\/index.php\/wp-json\/wp\/v2\/media?parent=495"}],"curies":[{"name":"wp","href":"https:\/\/api.w.org\/{rel}","templated":true}]}}