{"id":497,"date":"2020-02-29T16:09:42","date_gmt":"2020-02-29T20:09:42","guid":{"rendered":"http:\/\/seminarios.isciweb.com.br\/?page_id=497"},"modified":"2020-12-03T16:44:32","modified_gmt":"2020-12-03T20:44:32","slug":"2062-2","status":"publish","type":"page","link":"https:\/\/seminarios.isciweb.com.br\/index.php\/2062-2\/","title":{"rendered":"2062"},"content":{"rendered":"\n<table class=\"wp-block-table\"><tbody><tr><td>N\u00famero de registro:       <\/td><td>2062<\/td><\/tr><tr><td><\/td><td><\/td><\/tr><tr><td>Certificamos que:       <\/td><td>Meracy Santana de jesus<br>Vanderleia Ramos Pereira Leles <br>Let\u00edcia Pereira Leles  <br>Crislaine Lopes da Silva<br>Crislayne Giovana Fontes Alves<\/td><\/tr><tr><\/tr><tr><\/tr><tr><\/tr><tr><\/tr><tr><td>Apresentaram a      .<br>Comunica\u00e7\u00e3o Oral:      .<\/td><td>FORMA\u00c7\u00c3O CONTINUADA<\/td><\/tr><tr><td>Conte\u00fado:       <\/td><td>Forma\u00e7\u00e3o continuada enquanto momento de intera\u00e7\u00e3o para troca de experi\u00eancias profissionais.<\/td><\/tr><tr><\/tr><tr><\/tr><tr><\/tr><tr><td>Data apresenta\u00e7\u00e3o:       <\/td><td>29\/02\/2020<\/td><\/tr><tr><td>Data evento:       <\/td><td>15, 16, 22, 23, 24, e 29 fev.\/2020<br>1, 7 e 8 de mar.\/2020                     <\/td><\/tr><tr><td>Realiza\u00e7\u00e3o:        <\/td><td>Instituto Saber de Ci\u00eancias Integradas                        <\/td><\/tr><\/tbody><\/table>\n","protected":false},"excerpt":{"rendered":"<p>N\u00famero de registro: 2062 Certificamos que: Meracy Santana de jesusVanderleia Ramos Pereira Leles Let\u00edcia Pereira Leles Crislaine Lopes da SilvaCrislayne Giovana Fontes Alves Apresentaram a .Comunica\u00e7\u00e3o Oral: . FORMA\u00c7\u00c3O CONTINUADA Conte\u00fado: Forma\u00e7\u00e3o continuada enquanto momento de intera\u00e7\u00e3o para troca de experi\u00eancias profissionais. Data apresenta\u00e7\u00e3o: 29\/02\/2020 Data evento: 15, 16, 22, 23, 24, e 29 fev.\/20201, [&hellip;]<\/p>\n","protected":false},"author":2,"featured_media":0,"parent":0,"menu_order":0,"comment_status":"closed","ping_status":"closed","template":"","meta":{"footnotes":""},"class_list":["post-497","page","type-page","status-publish","hentry"],"_links":{"self":[{"href":"https:\/\/seminarios.isciweb.com.br\/index.php\/wp-json\/wp\/v2\/pages\/497","targetHints":{"allow":["GET"]}}],"collection":[{"href":"https:\/\/seminarios.isciweb.com.br\/index.php\/wp-json\/wp\/v2\/pages"}],"about":[{"href":"https:\/\/seminarios.isciweb.com.br\/index.php\/wp-json\/wp\/v2\/types\/page"}],"author":[{"embeddable":true,"href":"https:\/\/seminarios.isciweb.com.br\/index.php\/wp-json\/wp\/v2\/users\/2"}],"replies":[{"embeddable":true,"href":"https:\/\/seminarios.isciweb.com.br\/index.php\/wp-json\/wp\/v2\/comments?post=497"}],"version-history":[{"count":2,"href":"https:\/\/seminarios.isciweb.com.br\/index.php\/wp-json\/wp\/v2\/pages\/497\/revisions"}],"predecessor-version":[{"id":509,"href":"https:\/\/seminarios.isciweb.com.br\/index.php\/wp-json\/wp\/v2\/pages\/497\/revisions\/509"}],"wp:attachment":[{"href":"https:\/\/seminarios.isciweb.com.br\/index.php\/wp-json\/wp\/v2\/media?parent=497"}],"curies":[{"name":"wp","href":"https:\/\/api.w.org\/{rel}","templated":true}]}}