{"id":503,"date":"2020-02-08T16:26:46","date_gmt":"2020-02-08T20:26:46","guid":{"rendered":"http:\/\/seminarios.isciweb.com.br\/?page_id=503"},"modified":"2020-12-03T17:03:15","modified_gmt":"2020-12-03T21:03:15","slug":"2082-2","status":"publish","type":"page","link":"https:\/\/seminarios.isciweb.com.br\/index.php\/2082-2\/","title":{"rendered":"2082"},"content":{"rendered":"\n<table class=\"wp-block-table\"><tbody><tr><td>N\u00famero de registro:       <\/td><td>2082<\/td><\/tr><tr><td><\/td><td><\/td><\/tr><tr><td>Certificamos que:       <\/td><td>Crislayne Giovana Fontes Alves<br>Crislaine Lopes da Silva<br>Meracy Santana de jesus<br>Cristina Lopes da silva<br>Let\u00edcia Pereira Leles<\/td><\/tr><tr><\/tr><tr><\/tr><tr><\/tr><tr><\/tr><tr><td>Apresentaram a      .<br>Comunica\u00e7\u00e3o Oral:      .<\/td><td>CONTA\u00c7\u00c3O DE HIST\u00d3RIA<\/td><\/tr><tr><td>Conte\u00fado:       <\/td><td>Atrav\u00e9s da conta\u00e7\u00e3o de hist\u00f3ria despertar na crian\u00e7a a imagina\u00e7\u00e3o, o racioc\u00ednio l\u00f3gico, criatividade, vindo a despertar tamb\u00e9m o gosto pela leitura. <\/td><\/tr><tr><\/tr><tr><\/tr><tr><\/tr><tr><td>Data apresenta\u00e7\u00e3o:       <\/td><td>08\/03\/2020<\/td><\/tr><tr><td>Data evento:       <\/td><td>15, 16, 22, 23, 24, e 29 fev.\/2020<br>1, 7 e 8 de mar.\/2020                     <\/td><\/tr><tr><td>Realiza\u00e7\u00e3o:        <\/td><td>Instituto Saber de Ci\u00eancias Integradas                        <\/td><\/tr><\/tbody><\/table>\n","protected":false},"excerpt":{"rendered":"<p>N\u00famero de registro: 2082 Certificamos que: Crislayne Giovana Fontes AlvesCrislaine Lopes da SilvaMeracy Santana de jesusCristina Lopes da silvaLet\u00edcia Pereira Leles Apresentaram a .Comunica\u00e7\u00e3o Oral: . CONTA\u00c7\u00c3O DE HIST\u00d3RIA Conte\u00fado: Atrav\u00e9s da conta\u00e7\u00e3o de hist\u00f3ria despertar na crian\u00e7a a imagina\u00e7\u00e3o, o racioc\u00ednio l\u00f3gico, criatividade, vindo a despertar tamb\u00e9m o gosto pela leitura. Data apresenta\u00e7\u00e3o: 08\/03\/2020 [&hellip;]<\/p>\n","protected":false},"author":2,"featured_media":0,"parent":0,"menu_order":0,"comment_status":"closed","ping_status":"closed","template":"","meta":{"footnotes":""},"class_list":["post-503","page","type-page","status-publish","hentry"],"_links":{"self":[{"href":"https:\/\/seminarios.isciweb.com.br\/index.php\/wp-json\/wp\/v2\/pages\/503","targetHints":{"allow":["GET"]}}],"collection":[{"href":"https:\/\/seminarios.isciweb.com.br\/index.php\/wp-json\/wp\/v2\/pages"}],"about":[{"href":"https:\/\/seminarios.isciweb.com.br\/index.php\/wp-json\/wp\/v2\/types\/page"}],"author":[{"embeddable":true,"href":"https:\/\/seminarios.isciweb.com.br\/index.php\/wp-json\/wp\/v2\/users\/2"}],"replies":[{"embeddable":true,"href":"https:\/\/seminarios.isciweb.com.br\/index.php\/wp-json\/wp\/v2\/comments?post=503"}],"version-history":[{"count":1,"href":"https:\/\/seminarios.isciweb.com.br\/index.php\/wp-json\/wp\/v2\/pages\/503\/revisions"}],"predecessor-version":[{"id":504,"href":"https:\/\/seminarios.isciweb.com.br\/index.php\/wp-json\/wp\/v2\/pages\/503\/revisions\/504"}],"wp:attachment":[{"href":"https:\/\/seminarios.isciweb.com.br\/index.php\/wp-json\/wp\/v2\/media?parent=503"}],"curies":[{"name":"wp","href":"https:\/\/api.w.org\/{rel}","templated":true}]}}