{"id":507,"date":"2020-12-03T16:40:55","date_gmt":"2020-12-03T20:40:55","guid":{"rendered":"http:\/\/seminarios.isciweb.com.br\/?page_id=507"},"modified":"2020-12-03T16:40:55","modified_gmt":"2020-12-03T20:40:55","slug":"2101-2","status":"publish","type":"page","link":"https:\/\/seminarios.isciweb.com.br\/index.php\/2101-2\/","title":{"rendered":"2101"},"content":{"rendered":"\n<table class=\"wp-block-table\"><tbody><tr><td>N\u00famero de registro:       <\/td><td>2101<\/td><\/tr><tr><td><\/td><td><\/td><\/tr><tr><td>Certificamos que:       <\/td><td>Erica de Oliveira de Souza<\/td><\/tr><tr><\/tr><tr><\/tr><tr><\/tr><tr><\/tr><tr><td>Apresentaram a      .<br>Comunica\u00e7\u00e3o Oral:      .<\/td><td>POTENCIA\u00c7\u00c3O <\/td><\/tr><tr><td>Conte\u00fado:       <\/td><td>A&nbsp;potencia\u00e7\u00e3o&nbsp;ou&nbsp;exponencia\u00e7\u00e3o&nbsp;\u00e9 a opera\u00e7\u00e3o matem\u00e1tica que representa a multiplica\u00e7\u00e3o de fatores iguais.<br><\/td><\/tr><tr><\/tr><tr><\/tr><tr><\/tr><tr><td>Data apresenta\u00e7\u00e3o:       <\/td><td>08\/03\/2020<\/td><\/tr><tr><td>Data evento:       <\/td><td>15, 16, 22, 23, 24, e 29 fev.\/2020<br>1, 7 e 8 de mar.\/2020                     <\/td><\/tr><tr><td>Realiza\u00e7\u00e3o:        <\/td><td>Instituto Saber de Ci\u00eancias Integradas                        <\/td><\/tr><\/tbody><\/table>\n","protected":false},"excerpt":{"rendered":"<p>N\u00famero de registro: 2101 Certificamos que: Erica de Oliveira de Souza Apresentaram a .Comunica\u00e7\u00e3o Oral: . POTENCIA\u00c7\u00c3O Conte\u00fado: A&nbsp;potencia\u00e7\u00e3o&nbsp;ou&nbsp;exponencia\u00e7\u00e3o&nbsp;\u00e9 a opera\u00e7\u00e3o matem\u00e1tica que representa a multiplica\u00e7\u00e3o de fatores iguais. Data apresenta\u00e7\u00e3o: 08\/03\/2020 Data evento: 15, 16, 22, 23, 24, e 29 fev.\/20201, 7 e 8 de mar.\/2020 Realiza\u00e7\u00e3o: Instituto Saber de Ci\u00eancias Integradas<\/p>\n","protected":false},"author":2,"featured_media":0,"parent":0,"menu_order":0,"comment_status":"closed","ping_status":"closed","template":"","meta":{"footnotes":""},"class_list":["post-507","page","type-page","status-publish","hentry"],"_links":{"self":[{"href":"https:\/\/seminarios.isciweb.com.br\/index.php\/wp-json\/wp\/v2\/pages\/507","targetHints":{"allow":["GET"]}}],"collection":[{"href":"https:\/\/seminarios.isciweb.com.br\/index.php\/wp-json\/wp\/v2\/pages"}],"about":[{"href":"https:\/\/seminarios.isciweb.com.br\/index.php\/wp-json\/wp\/v2\/types\/page"}],"author":[{"embeddable":true,"href":"https:\/\/seminarios.isciweb.com.br\/index.php\/wp-json\/wp\/v2\/users\/2"}],"replies":[{"embeddable":true,"href":"https:\/\/seminarios.isciweb.com.br\/index.php\/wp-json\/wp\/v2\/comments?post=507"}],"version-history":[{"count":1,"href":"https:\/\/seminarios.isciweb.com.br\/index.php\/wp-json\/wp\/v2\/pages\/507\/revisions"}],"predecessor-version":[{"id":508,"href":"https:\/\/seminarios.isciweb.com.br\/index.php\/wp-json\/wp\/v2\/pages\/507\/revisions\/508"}],"wp:attachment":[{"href":"https:\/\/seminarios.isciweb.com.br\/index.php\/wp-json\/wp\/v2\/media?parent=507"}],"curies":[{"name":"wp","href":"https:\/\/api.w.org\/{rel}","templated":true}]}}