{"id":521,"date":"2020-02-15T12:33:40","date_gmt":"2020-02-15T16:33:40","guid":{"rendered":"http:\/\/seminarios.isciweb.com.br\/?page_id=521"},"modified":"2020-12-07T12:34:33","modified_gmt":"2020-12-07T16:34:33","slug":"2001-2","status":"publish","type":"page","link":"https:\/\/seminarios.isciweb.com.br\/index.php\/2001-2\/","title":{"rendered":"2001"},"content":{"rendered":"\n<table class=\"wp-block-table\"><tbody><tr><td>N\u00ba de registro:<\/td><td>2001<\/td><\/tr><tr><td><\/td><\/tr><tr><td>Certificamos que:<\/td><td>Amanda Louren\u00e7o de Macedo<br>Franciele Cezar<br>Leandro Oliveira dos Santos<\/td><\/tr><tr><\/tr><tr><\/tr><tr><\/tr><tr><td><\/td><\/tr><tr><td>Apresentaram o banner:<\/td><td>APONTAMENTOS E REFLEX\u00d5ES NO ENSINO DA EDUCA\u00c7\u00c3O DE JOBENS E ADULTOS NO MUNIC\u00cdPIO DE ALTA FLORESTA EM 2017<\/td><\/tr><tr><td>Conte\u00fado:<\/td><td>Reflex\u00f5es sobre as tr\u00eas fun\u00e7\u00f5es principais da Educa\u00e7\u00e3o de Jovens e Adultos: a fun\u00e7\u00e3o reparadora, equalizadora e qualificadora.<\/td><\/tr><tr><\/tr><tr><\/tr><tr><\/tr><tr><td>Data apresenta\u00e7\u00e3o:<\/td><td>15\/02\/2020<\/td><\/tr><tr><td>Data evento:<\/td><td>15, 16, 22, 23, 24, e 29 fev.\/2020<br>1, 7 e 8 de mar.\/2020<\/td><\/tr><tr><td>Realiza\u00e7\u00e3o:<\/td><td>Instituto Saber de Ci\u00eancias Integradas<\/td><\/tr><\/tbody><\/table>\n","protected":false},"excerpt":{"rendered":"<p>N\u00ba de registro: 2001 Certificamos que: Amanda Louren\u00e7o de MacedoFranciele CezarLeandro Oliveira dos Santos Apresentaram o banner: APONTAMENTOS E REFLEX\u00d5ES NO ENSINO DA EDUCA\u00c7\u00c3O DE JOBENS E ADULTOS NO MUNIC\u00cdPIO DE ALTA FLORESTA EM 2017 Conte\u00fado: Reflex\u00f5es sobre as tr\u00eas fun\u00e7\u00f5es principais da Educa\u00e7\u00e3o de Jovens e Adultos: a fun\u00e7\u00e3o reparadora, equalizadora e qualificadora. Data [&hellip;]<\/p>\n","protected":false},"author":1,"featured_media":0,"parent":0,"menu_order":0,"comment_status":"closed","ping_status":"closed","template":"","meta":{"footnotes":""},"class_list":["post-521","page","type-page","status-publish","hentry"],"_links":{"self":[{"href":"https:\/\/seminarios.isciweb.com.br\/index.php\/wp-json\/wp\/v2\/pages\/521","targetHints":{"allow":["GET"]}}],"collection":[{"href":"https:\/\/seminarios.isciweb.com.br\/index.php\/wp-json\/wp\/v2\/pages"}],"about":[{"href":"https:\/\/seminarios.isciweb.com.br\/index.php\/wp-json\/wp\/v2\/types\/page"}],"author":[{"embeddable":true,"href":"https:\/\/seminarios.isciweb.com.br\/index.php\/wp-json\/wp\/v2\/users\/1"}],"replies":[{"embeddable":true,"href":"https:\/\/seminarios.isciweb.com.br\/index.php\/wp-json\/wp\/v2\/comments?post=521"}],"version-history":[{"count":1,"href":"https:\/\/seminarios.isciweb.com.br\/index.php\/wp-json\/wp\/v2\/pages\/521\/revisions"}],"predecessor-version":[{"id":522,"href":"https:\/\/seminarios.isciweb.com.br\/index.php\/wp-json\/wp\/v2\/pages\/521\/revisions\/522"}],"wp:attachment":[{"href":"https:\/\/seminarios.isciweb.com.br\/index.php\/wp-json\/wp\/v2\/media?parent=521"}],"curies":[{"name":"wp","href":"https:\/\/api.w.org\/{rel}","templated":true}]}}