{"id":523,"date":"2020-02-23T12:36:59","date_gmt":"2020-02-23T16:36:59","guid":{"rendered":"http:\/\/seminarios.isciweb.com.br\/?page_id=523"},"modified":"2020-12-07T12:38:02","modified_gmt":"2020-12-07T16:38:02","slug":"2048-2","status":"publish","type":"page","link":"https:\/\/seminarios.isciweb.com.br\/index.php\/2048-2\/","title":{"rendered":"2048"},"content":{"rendered":"\n<table class=\"wp-block-table\"><tbody><tr><td>N\u00ba de registro:<\/td><td>2048<\/td><\/tr><tr><td><\/td><\/tr><tr><td>Certificamos que:<\/td><td>Amanda Louren\u00e7o de Macedo<br>Franciele Cezar<br>Leandro Oliveira dos Santos<\/td><\/tr><tr><\/tr><tr><\/tr><tr><\/tr><tr><td><\/td><\/tr><tr><td>Apresentaram o banner:<\/td><td>A IMPORT\u00c2NCIA DO LAUDO PARA ADAPTA\u00c7\u00c3O DO ALUNO NO AMBIENTE ESCOLAR<\/td><\/tr><tr><td>Conte\u00fado:<\/td><td>Observa\u00e7\u00e3o do laudo como ponto de partida para adapta\u00e7\u00e3o do aluno com dificuldades de aprendizagem.<\/td><\/tr><tr><\/tr><tr><\/tr><tr><\/tr><tr><td>Data apresenta\u00e7\u00e3o:<\/td><td>23\/02\/2020<\/td><\/tr><tr><td>Data evento:<\/td><td>15, 16, 22, 23, 24, e 29 fev.\/2020<br>1, 7 e 8 de mar.\/2020<\/td><\/tr><tr><td>Realiza\u00e7\u00e3o:<\/td><td>Instituto Saber de Ci\u00eancias Integradas<\/td><\/tr><\/tbody><\/table>\n","protected":false},"excerpt":{"rendered":"<p>N\u00ba de registro: 2048 Certificamos que: Amanda Louren\u00e7o de MacedoFranciele CezarLeandro Oliveira dos Santos Apresentaram o banner: A IMPORT\u00c2NCIA DO LAUDO PARA ADAPTA\u00c7\u00c3O DO ALUNO NO AMBIENTE ESCOLAR Conte\u00fado: Observa\u00e7\u00e3o do laudo como ponto de partida para adapta\u00e7\u00e3o do aluno com dificuldades de aprendizagem. Data apresenta\u00e7\u00e3o: 23\/02\/2020 Data evento: 15, 16, 22, 23, 24, e [&hellip;]<\/p>\n","protected":false},"author":1,"featured_media":0,"parent":0,"menu_order":0,"comment_status":"closed","ping_status":"closed","template":"","meta":{"footnotes":""},"class_list":["post-523","page","type-page","status-publish","hentry"],"_links":{"self":[{"href":"https:\/\/seminarios.isciweb.com.br\/index.php\/wp-json\/wp\/v2\/pages\/523","targetHints":{"allow":["GET"]}}],"collection":[{"href":"https:\/\/seminarios.isciweb.com.br\/index.php\/wp-json\/wp\/v2\/pages"}],"about":[{"href":"https:\/\/seminarios.isciweb.com.br\/index.php\/wp-json\/wp\/v2\/types\/page"}],"author":[{"embeddable":true,"href":"https:\/\/seminarios.isciweb.com.br\/index.php\/wp-json\/wp\/v2\/users\/1"}],"replies":[{"embeddable":true,"href":"https:\/\/seminarios.isciweb.com.br\/index.php\/wp-json\/wp\/v2\/comments?post=523"}],"version-history":[{"count":1,"href":"https:\/\/seminarios.isciweb.com.br\/index.php\/wp-json\/wp\/v2\/pages\/523\/revisions"}],"predecessor-version":[{"id":524,"href":"https:\/\/seminarios.isciweb.com.br\/index.php\/wp-json\/wp\/v2\/pages\/523\/revisions\/524"}],"wp:attachment":[{"href":"https:\/\/seminarios.isciweb.com.br\/index.php\/wp-json\/wp\/v2\/media?parent=523"}],"curies":[{"name":"wp","href":"https:\/\/api.w.org\/{rel}","templated":true}]}}