{"id":529,"date":"2020-03-07T16:33:47","date_gmt":"2020-03-07T20:33:47","guid":{"rendered":"http:\/\/seminarios.isciweb.com.br\/?page_id=529"},"modified":"2020-12-07T18:01:00","modified_gmt":"2020-12-07T22:01:00","slug":"2077-2","status":"publish","type":"page","link":"https:\/\/seminarios.isciweb.com.br\/index.php\/2077-2\/","title":{"rendered":"2077"},"content":{"rendered":"\n<table class=\"wp-block-table\"><tbody><tr><td>N\u00famero de registro:       <\/td><td>2077<\/td><\/tr><tr><td><\/td><td><\/td><\/tr><tr><td>Certificamos que:       <\/td><td>Glaucia Brissow Realto<br>Maria Aparecida Pereira Barros<br>Vanda Fernandes de Sousa<br>Juciele de Araujo Ferreira<br>Alessandra Aline Rodrigues Refatti<\/td><\/tr><tr><\/tr><tr><\/tr><tr><\/tr><tr><\/tr><tr><td>Apresentaram a      .<br>Comunica\u00e7\u00e3o Oral:      .<\/td><td>A GALINHA DOS OVOS DE OURO<\/td><\/tr><tr><td>Conte\u00fado:       <\/td><td>Trabalhando a conta\u00e7\u00e3o de hist\u00f3rias desde de a primeira inf\u00e2ncia, como recurso para forma\u00e7\u00e3o de leitores competentes no futuro.<\/td><\/tr><tr><\/tr><tr><\/tr><tr><\/tr><tr><td>Data apresenta\u00e7\u00e3o:       <\/td><td>07\/03\/2020<\/td><\/tr><tr><td>Data evento:       <\/td><td>15, 16, 22, 23, 24, e 29 fev.\/2020<br>1, 7 e 8 de mar.\/2020                     <\/td><\/tr><tr><td>Realiza\u00e7\u00e3o:        <\/td><td>Instituto Saber de Ci\u00eancias Integradas                        <\/td><\/tr><\/tbody><\/table>\n","protected":false},"excerpt":{"rendered":"<p>N\u00famero de registro: 2077 Certificamos que: Glaucia Brissow RealtoMaria Aparecida Pereira BarrosVanda Fernandes de SousaJuciele de Araujo FerreiraAlessandra Aline Rodrigues Refatti Apresentaram a .Comunica\u00e7\u00e3o Oral: . A GALINHA DOS OVOS DE OURO Conte\u00fado: Trabalhando a conta\u00e7\u00e3o de hist\u00f3rias desde de a primeira inf\u00e2ncia, como recurso para forma\u00e7\u00e3o de leitores competentes no futuro. Data apresenta\u00e7\u00e3o: 07\/03\/2020 [&hellip;]<\/p>\n","protected":false},"author":2,"featured_media":0,"parent":0,"menu_order":0,"comment_status":"closed","ping_status":"closed","template":"","meta":{"footnotes":""},"class_list":["post-529","page","type-page","status-publish","hentry"],"_links":{"self":[{"href":"https:\/\/seminarios.isciweb.com.br\/index.php\/wp-json\/wp\/v2\/pages\/529","targetHints":{"allow":["GET"]}}],"collection":[{"href":"https:\/\/seminarios.isciweb.com.br\/index.php\/wp-json\/wp\/v2\/pages"}],"about":[{"href":"https:\/\/seminarios.isciweb.com.br\/index.php\/wp-json\/wp\/v2\/types\/page"}],"author":[{"embeddable":true,"href":"https:\/\/seminarios.isciweb.com.br\/index.php\/wp-json\/wp\/v2\/users\/2"}],"replies":[{"embeddable":true,"href":"https:\/\/seminarios.isciweb.com.br\/index.php\/wp-json\/wp\/v2\/comments?post=529"}],"version-history":[{"count":2,"href":"https:\/\/seminarios.isciweb.com.br\/index.php\/wp-json\/wp\/v2\/pages\/529\/revisions"}],"predecessor-version":[{"id":532,"href":"https:\/\/seminarios.isciweb.com.br\/index.php\/wp-json\/wp\/v2\/pages\/529\/revisions\/532"}],"wp:attachment":[{"href":"https:\/\/seminarios.isciweb.com.br\/index.php\/wp-json\/wp\/v2\/media?parent=529"}],"curies":[{"name":"wp","href":"https:\/\/api.w.org\/{rel}","templated":true}]}}