{"id":560,"date":"2020-02-29T20:27:52","date_gmt":"2020-03-01T00:27:52","guid":{"rendered":"http:\/\/seminarios.isciweb.com.br\/?page_id=560"},"modified":"2020-12-10T20:28:32","modified_gmt":"2020-12-11T00:28:32","slug":"2037-2","status":"publish","type":"page","link":"https:\/\/seminarios.isciweb.com.br\/index.php\/2037-2\/","title":{"rendered":"2037"},"content":{"rendered":"\n<table class=\"wp-block-table\"><tbody><tr><td>N\u00famero de registro:       <\/td><td>2037<\/td><\/tr><tr><td><\/td><td><\/td><\/tr><tr><td>Certificamos que:       <\/td><td>Ad\u00e9lia Ferreira<\/td><\/tr><tr><\/tr><tr><\/tr><tr><\/tr><tr><\/tr><tr><td>Apresentaram a      .<br>Comunica\u00e7\u00e3o Oral:      .<\/td><td>HORA C\u00cdVICA NA ESCOLA<\/td><\/tr><tr><td>Conte\u00fado:       <\/td><td>Realiza\u00e7\u00e3o peri\u00f3dica de momento c\u00edvico, visando estimular o civismo entre os alunos, bem como o respeito \u00e0 p\u00e1tria.<\/td><\/tr><tr><\/tr><tr><\/tr><tr><\/tr><tr><td>Data apresenta\u00e7\u00e3o:       <\/td><td>29\/02\/2020<\/td><\/tr><tr><td>Data evento:       <\/td><td>15, 16, 22, 23, 24, e 29 fev.\/2020<br>1, 7 e 8 de mar.\/2020                     <\/td><\/tr><tr><td>Realiza\u00e7\u00e3o:        <\/td><td>Instituto Saber de Ci\u00eancias Integradas                        <\/td><\/tr><\/tbody><\/table>\n","protected":false},"excerpt":{"rendered":"<p>N\u00famero de registro: 2037 Certificamos que: Ad\u00e9lia Ferreira Apresentaram a .Comunica\u00e7\u00e3o Oral: . HORA C\u00cdVICA NA ESCOLA Conte\u00fado: Realiza\u00e7\u00e3o peri\u00f3dica de momento c\u00edvico, visando estimular o civismo entre os alunos, bem como o respeito \u00e0 p\u00e1tria. Data apresenta\u00e7\u00e3o: 29\/02\/2020 Data evento: 15, 16, 22, 23, 24, e 29 fev.\/20201, 7 e 8 de mar.\/2020 Realiza\u00e7\u00e3o: [&hellip;]<\/p>\n","protected":false},"author":1,"featured_media":0,"parent":0,"menu_order":0,"comment_status":"closed","ping_status":"closed","template":"","meta":{"footnotes":""},"class_list":["post-560","page","type-page","status-publish","hentry"],"_links":{"self":[{"href":"https:\/\/seminarios.isciweb.com.br\/index.php\/wp-json\/wp\/v2\/pages\/560","targetHints":{"allow":["GET"]}}],"collection":[{"href":"https:\/\/seminarios.isciweb.com.br\/index.php\/wp-json\/wp\/v2\/pages"}],"about":[{"href":"https:\/\/seminarios.isciweb.com.br\/index.php\/wp-json\/wp\/v2\/types\/page"}],"author":[{"embeddable":true,"href":"https:\/\/seminarios.isciweb.com.br\/index.php\/wp-json\/wp\/v2\/users\/1"}],"replies":[{"embeddable":true,"href":"https:\/\/seminarios.isciweb.com.br\/index.php\/wp-json\/wp\/v2\/comments?post=560"}],"version-history":[{"count":1,"href":"https:\/\/seminarios.isciweb.com.br\/index.php\/wp-json\/wp\/v2\/pages\/560\/revisions"}],"predecessor-version":[{"id":561,"href":"https:\/\/seminarios.isciweb.com.br\/index.php\/wp-json\/wp\/v2\/pages\/560\/revisions\/561"}],"wp:attachment":[{"href":"https:\/\/seminarios.isciweb.com.br\/index.php\/wp-json\/wp\/v2\/media?parent=560"}],"curies":[{"name":"wp","href":"https:\/\/api.w.org\/{rel}","templated":true}]}}