{"id":570,"date":"2020-02-16T20:50:53","date_gmt":"2020-02-17T00:50:53","guid":{"rendered":"http:\/\/seminarios.isciweb.com.br\/?page_id=570"},"modified":"2020-12-10T20:51:37","modified_gmt":"2020-12-11T00:51:37","slug":"2029-2","status":"publish","type":"page","link":"https:\/\/seminarios.isciweb.com.br\/index.php\/2029-2\/","title":{"rendered":"2029"},"content":{"rendered":"\n<table class=\"wp-block-table\"><tbody><tr><td>N\u00ba de registro:<\/td><td>2029<\/td><\/tr><tr><td><\/td><\/tr><tr><td>Certificamos que:<\/td><td>Ad\u00e9lia Ferreira<\/td><\/tr><tr><\/tr><tr><\/tr><tr><\/tr><tr><td><\/td><\/tr><tr><td>Apresentaram o banner:<\/td><td>\u00c1GUA E SUA IMPORT\u00c2NCIA<\/td><\/tr><tr><td>Conte\u00fado:<\/td><td>Trabalhando com os alunos assuntos relacionados ao uso consciente da \u00e1gua e o risco de escassez de \u00e1gua pot\u00e1vel.<\/td><\/tr><tr><\/tr><tr><\/tr><tr><\/tr><tr><td>Data apresenta\u00e7\u00e3o:<\/td><td>16\/02\/2020<\/td><\/tr><tr><td>Data evento:<\/td><td>15, 16, 22, 23, 24, e 29 fev.\/2020<br>1, 7 e 8 de mar.\/2020<\/td><\/tr><tr><td>Realiza\u00e7\u00e3o:<\/td><td>Instituto Saber de Ci\u00eancias Integradas<\/td><\/tr><\/tbody><\/table>\n","protected":false},"excerpt":{"rendered":"<p>N\u00ba de registro: 2029 Certificamos que: Ad\u00e9lia Ferreira Apresentaram o banner: \u00c1GUA E SUA IMPORT\u00c2NCIA Conte\u00fado: Trabalhando com os alunos assuntos relacionados ao uso consciente da \u00e1gua e o risco de escassez de \u00e1gua pot\u00e1vel. Data apresenta\u00e7\u00e3o: 16\/02\/2020 Data evento: 15, 16, 22, 23, 24, e 29 fev.\/20201, 7 e 8 de mar.\/2020 Realiza\u00e7\u00e3o: Instituto [&hellip;]<\/p>\n","protected":false},"author":1,"featured_media":0,"parent":0,"menu_order":0,"comment_status":"closed","ping_status":"closed","template":"","meta":{"footnotes":""},"class_list":["post-570","page","type-page","status-publish","hentry"],"_links":{"self":[{"href":"https:\/\/seminarios.isciweb.com.br\/index.php\/wp-json\/wp\/v2\/pages\/570","targetHints":{"allow":["GET"]}}],"collection":[{"href":"https:\/\/seminarios.isciweb.com.br\/index.php\/wp-json\/wp\/v2\/pages"}],"about":[{"href":"https:\/\/seminarios.isciweb.com.br\/index.php\/wp-json\/wp\/v2\/types\/page"}],"author":[{"embeddable":true,"href":"https:\/\/seminarios.isciweb.com.br\/index.php\/wp-json\/wp\/v2\/users\/1"}],"replies":[{"embeddable":true,"href":"https:\/\/seminarios.isciweb.com.br\/index.php\/wp-json\/wp\/v2\/comments?post=570"}],"version-history":[{"count":1,"href":"https:\/\/seminarios.isciweb.com.br\/index.php\/wp-json\/wp\/v2\/pages\/570\/revisions"}],"predecessor-version":[{"id":571,"href":"https:\/\/seminarios.isciweb.com.br\/index.php\/wp-json\/wp\/v2\/pages\/570\/revisions\/571"}],"wp:attachment":[{"href":"https:\/\/seminarios.isciweb.com.br\/index.php\/wp-json\/wp\/v2\/media?parent=570"}],"curies":[{"name":"wp","href":"https:\/\/api.w.org\/{rel}","templated":true}]}}