{"id":574,"date":"2020-03-07T20:58:27","date_gmt":"2020-03-08T00:58:27","guid":{"rendered":"http:\/\/seminarios.isciweb.com.br\/?page_id=574"},"modified":"2020-12-10T20:59:25","modified_gmt":"2020-12-11T00:59:25","slug":"2088-2","status":"publish","type":"page","link":"https:\/\/seminarios.isciweb.com.br\/index.php\/2088-2\/","title":{"rendered":"2088"},"content":{"rendered":"\n<table class=\"wp-block-table\"><tbody><tr><td>N\u00ba de registro:<\/td><td>2088<\/td><\/tr><tr><td><\/td><\/tr><tr><td>Certificamos que:<\/td><td>Ad\u00e9lia Ferreira<\/td><\/tr><tr><\/tr><tr><\/tr><tr><\/tr><tr><td><\/td><\/tr><tr><td>Apresentaram o banner:<\/td><td>HIGIENE BUCAL<\/td><\/tr><tr><td>Conte\u00fado:<\/td><td>Trabalho de conscientiza\u00e7\u00e3o das crian\u00e7as sobre import\u00e2ncia da higiene bucal para a sa\u00fade do indiv\u00edduo e o bom desenvolvimento f\u00edsico das crian\u00e7as.<\/td><\/tr><tr><\/tr><tr><\/tr><tr><\/tr><tr><td>Data apresenta\u00e7\u00e3o:<\/td><td>07\/03\/2020<\/td><\/tr><tr><td>Data evento:<\/td><td>15, 16, 22, 23, 24, e 29 fev.\/2020<br>1, 7 e 8 de mar.\/2020<\/td><\/tr><tr><td>Realiza\u00e7\u00e3o:<\/td><td>Instituto Saber de Ci\u00eancias Integradas<\/td><\/tr><\/tbody><\/table>\n","protected":false},"excerpt":{"rendered":"<p>N\u00ba de registro: 2088 Certificamos que: Ad\u00e9lia Ferreira Apresentaram o banner: HIGIENE BUCAL Conte\u00fado: Trabalho de conscientiza\u00e7\u00e3o das crian\u00e7as sobre import\u00e2ncia da higiene bucal para a sa\u00fade do indiv\u00edduo e o bom desenvolvimento f\u00edsico das crian\u00e7as. Data apresenta\u00e7\u00e3o: 07\/03\/2020 Data evento: 15, 16, 22, 23, 24, e 29 fev.\/20201, 7 e 8 de mar.\/2020 Realiza\u00e7\u00e3o: [&hellip;]<\/p>\n","protected":false},"author":1,"featured_media":0,"parent":0,"menu_order":0,"comment_status":"closed","ping_status":"closed","template":"","meta":{"footnotes":""},"class_list":["post-574","page","type-page","status-publish","hentry"],"_links":{"self":[{"href":"https:\/\/seminarios.isciweb.com.br\/index.php\/wp-json\/wp\/v2\/pages\/574","targetHints":{"allow":["GET"]}}],"collection":[{"href":"https:\/\/seminarios.isciweb.com.br\/index.php\/wp-json\/wp\/v2\/pages"}],"about":[{"href":"https:\/\/seminarios.isciweb.com.br\/index.php\/wp-json\/wp\/v2\/types\/page"}],"author":[{"embeddable":true,"href":"https:\/\/seminarios.isciweb.com.br\/index.php\/wp-json\/wp\/v2\/users\/1"}],"replies":[{"embeddable":true,"href":"https:\/\/seminarios.isciweb.com.br\/index.php\/wp-json\/wp\/v2\/comments?post=574"}],"version-history":[{"count":1,"href":"https:\/\/seminarios.isciweb.com.br\/index.php\/wp-json\/wp\/v2\/pages\/574\/revisions"}],"predecessor-version":[{"id":575,"href":"https:\/\/seminarios.isciweb.com.br\/index.php\/wp-json\/wp\/v2\/pages\/574\/revisions\/575"}],"wp:attachment":[{"href":"https:\/\/seminarios.isciweb.com.br\/index.php\/wp-json\/wp\/v2\/media?parent=574"}],"curies":[{"name":"wp","href":"https:\/\/api.w.org\/{rel}","templated":true}]}}