{"id":576,"date":"2020-03-01T21:01:41","date_gmt":"2020-03-02T01:01:41","guid":{"rendered":"http:\/\/seminarios.isciweb.com.br\/?page_id=576"},"modified":"2020-12-10T21:02:22","modified_gmt":"2020-12-11T01:02:22","slug":"2085-2","status":"publish","type":"page","link":"https:\/\/seminarios.isciweb.com.br\/index.php\/2085-2\/","title":{"rendered":"2085"},"content":{"rendered":"\n<table class=\"wp-block-table\"><tbody><tr><td>N\u00ba de registro:<\/td><td>2085<\/td><\/tr><tr><td><\/td><\/tr><tr><td>Certificamos que:<\/td><td>Ad\u00e9lia Ferreira<\/td><\/tr><tr><\/tr><tr><\/tr><tr><\/tr><tr><td><\/td><\/tr><tr><td>Apresentaram o banner:<\/td><td>HORA C\u00cdVICA<\/td><\/tr><tr><td>Conte\u00fado:<\/td><td>Trabalhando momentos c\u00edvicos com os alunos no sentido de estimular o civismo e o respeito \u00e0 p\u00e1tria.<\/td><\/tr><tr><\/tr><tr><\/tr><tr><\/tr><tr><td>Data apresenta\u00e7\u00e3o:<\/td><td>01\/03\/2020<\/td><\/tr><tr><td>Data evento:<\/td><td>15, 16, 22, 23, 24, e 29 fev.\/2020<br>1, 7 e 8 de mar.\/2020<\/td><\/tr><tr><td>Realiza\u00e7\u00e3o:<\/td><td>Instituto Saber de Ci\u00eancias Integradas<\/td><\/tr><\/tbody><\/table>\n","protected":false},"excerpt":{"rendered":"<p>N\u00ba de registro: 2085 Certificamos que: Ad\u00e9lia Ferreira Apresentaram o banner: HORA C\u00cdVICA Conte\u00fado: Trabalhando momentos c\u00edvicos com os alunos no sentido de estimular o civismo e o respeito \u00e0 p\u00e1tria. Data apresenta\u00e7\u00e3o: 01\/03\/2020 Data evento: 15, 16, 22, 23, 24, e 29 fev.\/20201, 7 e 8 de mar.\/2020 Realiza\u00e7\u00e3o: Instituto Saber de Ci\u00eancias Integradas<\/p>\n","protected":false},"author":1,"featured_media":0,"parent":0,"menu_order":0,"comment_status":"closed","ping_status":"closed","template":"","meta":{"footnotes":""},"class_list":["post-576","page","type-page","status-publish","hentry"],"_links":{"self":[{"href":"https:\/\/seminarios.isciweb.com.br\/index.php\/wp-json\/wp\/v2\/pages\/576","targetHints":{"allow":["GET"]}}],"collection":[{"href":"https:\/\/seminarios.isciweb.com.br\/index.php\/wp-json\/wp\/v2\/pages"}],"about":[{"href":"https:\/\/seminarios.isciweb.com.br\/index.php\/wp-json\/wp\/v2\/types\/page"}],"author":[{"embeddable":true,"href":"https:\/\/seminarios.isciweb.com.br\/index.php\/wp-json\/wp\/v2\/users\/1"}],"replies":[{"embeddable":true,"href":"https:\/\/seminarios.isciweb.com.br\/index.php\/wp-json\/wp\/v2\/comments?post=576"}],"version-history":[{"count":1,"href":"https:\/\/seminarios.isciweb.com.br\/index.php\/wp-json\/wp\/v2\/pages\/576\/revisions"}],"predecessor-version":[{"id":577,"href":"https:\/\/seminarios.isciweb.com.br\/index.php\/wp-json\/wp\/v2\/pages\/576\/revisions\/577"}],"wp:attachment":[{"href":"https:\/\/seminarios.isciweb.com.br\/index.php\/wp-json\/wp\/v2\/media?parent=576"}],"curies":[{"name":"wp","href":"https:\/\/api.w.org\/{rel}","templated":true}]}}