{"id":584,"date":"2020-02-15T12:13:07","date_gmt":"2020-02-15T16:13:07","guid":{"rendered":"http:\/\/seminarios.isciweb.com.br\/?page_id=584"},"modified":"2020-12-16T12:13:51","modified_gmt":"2020-12-16T16:13:51","slug":"1998-2","status":"publish","type":"page","link":"https:\/\/seminarios.isciweb.com.br\/index.php\/1998-2\/","title":{"rendered":"1998"},"content":{"rendered":"\n<table class=\"wp-block-table\"><tbody><tr><td>N\u00ba de registro:<\/td><td>1998<\/td><\/tr><tr><td><\/td><\/tr><tr><td>Certificamos que:<\/td><td>Sonia Maria Ramalho Carneiro<br>Juliana Ramos Schelles<br>Marlene Avancini<br>Thelma Elita Nascimento<br>Walber crist\u00f3foro Carneiro<\/td><\/tr><tr><\/tr><tr><\/tr><tr><\/tr><tr><td><\/td><\/tr><tr><td>Apresentaram o banner:<\/td><td>PROJETO: &#8220;VOLTA \u00c0S AULAS\u201d                                   <\/td><\/tr><tr><td>Conte\u00fado:<\/td><td>Trabalho com a ludicidade de forma inter e transdisciplinar, buscando a constitui\u00e7\u00e3o do ambiente escolar como um lugar mais atrativo.<\/td><\/tr><tr><\/tr><tr><\/tr><tr><\/tr><tr><td>Data apresenta\u00e7\u00e3o:<\/td><td>15\/02\/2020<\/td><\/tr><tr><td>Data evento:<\/td><td>15, 16, 22, 23, 24, e 29 fev.\/2020<br>1, 7 e 8 de mar.\/2020<\/td><\/tr><tr><td>Realiza\u00e7\u00e3o:<\/td><td>Instituto Saber de Ci\u00eancias Integradas<\/td><\/tr><\/tbody><\/table>\n","protected":false},"excerpt":{"rendered":"<p>N\u00ba de registro: 1998 Certificamos que: Sonia Maria Ramalho CarneiroJuliana Ramos SchellesMarlene AvanciniThelma Elita NascimentoWalber crist\u00f3foro Carneiro Apresentaram o banner: PROJETO: &#8220;VOLTA \u00c0S AULAS\u201d Conte\u00fado: Trabalho com a ludicidade de forma inter e transdisciplinar, buscando a constitui\u00e7\u00e3o do ambiente escolar como um lugar mais atrativo. Data apresenta\u00e7\u00e3o: 15\/02\/2020 Data evento: 15, 16, 22, 23, 24, [&hellip;]<\/p>\n","protected":false},"author":1,"featured_media":0,"parent":0,"menu_order":0,"comment_status":"closed","ping_status":"closed","template":"","meta":{"footnotes":""},"class_list":["post-584","page","type-page","status-publish","hentry"],"_links":{"self":[{"href":"https:\/\/seminarios.isciweb.com.br\/index.php\/wp-json\/wp\/v2\/pages\/584","targetHints":{"allow":["GET"]}}],"collection":[{"href":"https:\/\/seminarios.isciweb.com.br\/index.php\/wp-json\/wp\/v2\/pages"}],"about":[{"href":"https:\/\/seminarios.isciweb.com.br\/index.php\/wp-json\/wp\/v2\/types\/page"}],"author":[{"embeddable":true,"href":"https:\/\/seminarios.isciweb.com.br\/index.php\/wp-json\/wp\/v2\/users\/1"}],"replies":[{"embeddable":true,"href":"https:\/\/seminarios.isciweb.com.br\/index.php\/wp-json\/wp\/v2\/comments?post=584"}],"version-history":[{"count":1,"href":"https:\/\/seminarios.isciweb.com.br\/index.php\/wp-json\/wp\/v2\/pages\/584\/revisions"}],"predecessor-version":[{"id":585,"href":"https:\/\/seminarios.isciweb.com.br\/index.php\/wp-json\/wp\/v2\/pages\/584\/revisions\/585"}],"wp:attachment":[{"href":"https:\/\/seminarios.isciweb.com.br\/index.php\/wp-json\/wp\/v2\/media?parent=584"}],"curies":[{"name":"wp","href":"https:\/\/api.w.org\/{rel}","templated":true}]}}