{"id":586,"date":"2020-02-22T12:16:02","date_gmt":"2020-02-22T16:16:02","guid":{"rendered":"http:\/\/seminarios.isciweb.com.br\/?page_id=586"},"modified":"2020-12-16T12:16:58","modified_gmt":"2020-12-16T16:16:58","slug":"2035-2","status":"publish","type":"page","link":"https:\/\/seminarios.isciweb.com.br\/index.php\/2035-2\/","title":{"rendered":"2035"},"content":{"rendered":"\n<table class=\"wp-block-table\"><tbody><tr><td>N\u00ba de registro:<\/td><td>2035<\/td><\/tr><tr><td><\/td><\/tr><tr><td>Certificamos que:<\/td><td>Sonia Maria Ramalho Carneiro<br>Juliana Ramos Schelles<br>Marlene Avancini<br>Thelma Elita Nascimento<br>Walber crist\u00f3foro Carneiro<\/td><\/tr><tr><\/tr><tr><\/tr><tr><\/tr><tr><td><\/td><\/tr><tr><td>Apresentaram o banner:<\/td><td>CONQUISTANDO E FORTALECENDO AMIZADE<\/td><\/tr><tr><td>Conte\u00fado:<\/td><td>Trabalhando com din\u00e2micas para estimular a intera\u00e7\u00e3o entre os alunos, fortalecendo tamb\u00e9m os respeito \u00e0s diferen\u00e7as.<\/td><\/tr><tr><\/tr><tr><\/tr><tr><\/tr><tr><td>Data apresenta\u00e7\u00e3o:<\/td><td>22\/02\/2020<\/td><\/tr><tr><td>Data evento:<\/td><td>15, 16, 22, 23, 24, e 29 fev.\/2020<br>1, 7 e 8 de mar.\/2020<\/td><\/tr><tr><td>Realiza\u00e7\u00e3o:<\/td><td>Instituto Saber de Ci\u00eancias Integradas<\/td><\/tr><\/tbody><\/table>\n","protected":false},"excerpt":{"rendered":"<p>N\u00ba de registro: 2035 Certificamos que: Sonia Maria Ramalho CarneiroJuliana Ramos SchellesMarlene AvanciniThelma Elita NascimentoWalber crist\u00f3foro Carneiro Apresentaram o banner: CONQUISTANDO E FORTALECENDO AMIZADE Conte\u00fado: Trabalhando com din\u00e2micas para estimular a intera\u00e7\u00e3o entre os alunos, fortalecendo tamb\u00e9m os respeito \u00e0s diferen\u00e7as. Data apresenta\u00e7\u00e3o: 22\/02\/2020 Data evento: 15, 16, 22, 23, 24, e 29 fev.\/20201, 7 [&hellip;]<\/p>\n","protected":false},"author":1,"featured_media":0,"parent":0,"menu_order":0,"comment_status":"closed","ping_status":"closed","template":"","meta":{"footnotes":""},"class_list":["post-586","page","type-page","status-publish","hentry"],"_links":{"self":[{"href":"https:\/\/seminarios.isciweb.com.br\/index.php\/wp-json\/wp\/v2\/pages\/586","targetHints":{"allow":["GET"]}}],"collection":[{"href":"https:\/\/seminarios.isciweb.com.br\/index.php\/wp-json\/wp\/v2\/pages"}],"about":[{"href":"https:\/\/seminarios.isciweb.com.br\/index.php\/wp-json\/wp\/v2\/types\/page"}],"author":[{"embeddable":true,"href":"https:\/\/seminarios.isciweb.com.br\/index.php\/wp-json\/wp\/v2\/users\/1"}],"replies":[{"embeddable":true,"href":"https:\/\/seminarios.isciweb.com.br\/index.php\/wp-json\/wp\/v2\/comments?post=586"}],"version-history":[{"count":1,"href":"https:\/\/seminarios.isciweb.com.br\/index.php\/wp-json\/wp\/v2\/pages\/586\/revisions"}],"predecessor-version":[{"id":587,"href":"https:\/\/seminarios.isciweb.com.br\/index.php\/wp-json\/wp\/v2\/pages\/586\/revisions\/587"}],"wp:attachment":[{"href":"https:\/\/seminarios.isciweb.com.br\/index.php\/wp-json\/wp\/v2\/media?parent=586"}],"curies":[{"name":"wp","href":"https:\/\/api.w.org\/{rel}","templated":true}]}}