{"id":593,"date":"2020-02-22T06:40:27","date_gmt":"2020-02-22T10:40:27","guid":{"rendered":"http:\/\/seminarios.isciweb.com.br\/?page_id=593"},"modified":"2020-12-17T06:41:10","modified_gmt":"2020-12-17T10:41:10","slug":"2036-2","status":"publish","type":"page","link":"https:\/\/seminarios.isciweb.com.br\/index.php\/2036-2\/","title":{"rendered":"2036"},"content":{"rendered":"\n<table class=\"wp-block-table\"><tbody><tr><td>N\u00famero de registro:       <\/td><td>2036<\/td><\/tr><tr><td><\/td><td><\/td><\/tr><tr><td>Certificamos que:       <\/td><td>Andreia Pereira da Silva <br>Atiane Lavina de Souza<br>Romilda da Silva Viana<br>Wellen Cristina da Silva dos Santos<\/td><\/tr><tr><\/tr><tr><\/tr><tr><\/tr><tr><\/tr><tr><td>Apresentaram a      .<br>Comunica\u00e7\u00e3o Oral:      .<\/td><td>LEITURA NA EDUCA\u00c7\u00c3O INFANTIL<\/td><\/tr><tr><td>Conte\u00fado:       <\/td><td>Utiliza\u00e7\u00e3o da conta\u00e7\u00e3o de hist\u00f3rias, da leitura em conjunto e da bo\u00e7a de leitura como forma de mostrar aos alunos e familiares a import\u00e2ncia de ler.<\/td><\/tr><tr><\/tr><tr><\/tr><tr><\/tr><tr><td>Data apresenta\u00e7\u00e3o:       <\/td><td>22\/02\/2020<\/td><\/tr><tr><td>Data evento:       <\/td><td>15, 16, 22, 23, 24, e 29 fev.\/2020<br>1, 7 e 8 de mar.\/2020                     <\/td><\/tr><tr><td>Realiza\u00e7\u00e3o:        <\/td><td>Instituto Saber de Ci\u00eancias Integradas                        <\/td><\/tr><\/tbody><\/table>\n","protected":false},"excerpt":{"rendered":"<p>N\u00famero de registro: 2036 Certificamos que: Andreia Pereira da Silva Atiane Lavina de SouzaRomilda da Silva VianaWellen Cristina da Silva dos Santos Apresentaram a .Comunica\u00e7\u00e3o Oral: . LEITURA NA EDUCA\u00c7\u00c3O INFANTIL Conte\u00fado: Utiliza\u00e7\u00e3o da conta\u00e7\u00e3o de hist\u00f3rias, da leitura em conjunto e da bo\u00e7a de leitura como forma de mostrar aos alunos e familiares a [&hellip;]<\/p>\n","protected":false},"author":1,"featured_media":0,"parent":0,"menu_order":0,"comment_status":"closed","ping_status":"closed","template":"","meta":{"footnotes":""},"class_list":["post-593","page","type-page","status-publish","hentry"],"_links":{"self":[{"href":"https:\/\/seminarios.isciweb.com.br\/index.php\/wp-json\/wp\/v2\/pages\/593","targetHints":{"allow":["GET"]}}],"collection":[{"href":"https:\/\/seminarios.isciweb.com.br\/index.php\/wp-json\/wp\/v2\/pages"}],"about":[{"href":"https:\/\/seminarios.isciweb.com.br\/index.php\/wp-json\/wp\/v2\/types\/page"}],"author":[{"embeddable":true,"href":"https:\/\/seminarios.isciweb.com.br\/index.php\/wp-json\/wp\/v2\/users\/1"}],"replies":[{"embeddable":true,"href":"https:\/\/seminarios.isciweb.com.br\/index.php\/wp-json\/wp\/v2\/comments?post=593"}],"version-history":[{"count":1,"href":"https:\/\/seminarios.isciweb.com.br\/index.php\/wp-json\/wp\/v2\/pages\/593\/revisions"}],"predecessor-version":[{"id":594,"href":"https:\/\/seminarios.isciweb.com.br\/index.php\/wp-json\/wp\/v2\/pages\/593\/revisions\/594"}],"wp:attachment":[{"href":"https:\/\/seminarios.isciweb.com.br\/index.php\/wp-json\/wp\/v2\/media?parent=593"}],"curies":[{"name":"wp","href":"https:\/\/api.w.org\/{rel}","templated":true}]}}