{"id":595,"date":"2020-03-08T06:44:47","date_gmt":"2020-03-08T10:44:47","guid":{"rendered":"http:\/\/seminarios.isciweb.com.br\/?page_id=595"},"modified":"2020-12-17T06:45:45","modified_gmt":"2020-12-17T10:45:45","slug":"2108-2","status":"publish","type":"page","link":"https:\/\/seminarios.isciweb.com.br\/index.php\/2108-2\/","title":{"rendered":"2108"},"content":{"rendered":"\n<table class=\"wp-block-table\"><tbody><tr><td>N\u00famero de registro:       <\/td><td>2108<\/td><\/tr><tr><td><\/td><td><\/td><\/tr><tr><td>Certificamos que:       <\/td><td>Andreia Pereira da Silva <br>Atiane Lavina de Souza<br>Romilda da Silva Viana<br>Wellen Cristina da Silva dos Santos<\/td><\/tr><tr><\/tr><tr><\/tr><tr><\/tr><tr><\/tr><tr><td>Apresentaram a      .<br>Comunica\u00e7\u00e3o Oral:      .<\/td><td>A IMPORT\u00c2NCIA DA LUDICIDADE NO PROCESSO EDUCACIONAL<\/td><\/tr><tr><td>Conte\u00fado:       <\/td><td>O trabalho com a ludicidade, dan\u00e7a e teatro para o adequado desenvolvimento psicomotor das crian\u00e7as.<\/td><\/tr><tr><\/tr><tr><\/tr><tr><\/tr><tr><td>Data apresenta\u00e7\u00e3o:       <\/td><td>08\/03\/2020<\/td><\/tr><tr><td>Data evento:       <\/td><td>15, 16, 22, 23, 24, e 29 fev.\/2020<br>1, 7 e 8 de mar.\/2020                     <\/td><\/tr><tr><td>Realiza\u00e7\u00e3o:        <\/td><td>Instituto Saber de Ci\u00eancias Integradas                        <\/td><\/tr><\/tbody><\/table>\n","protected":false},"excerpt":{"rendered":"<p>N\u00famero de registro: 2108 Certificamos que: Andreia Pereira da Silva Atiane Lavina de SouzaRomilda da Silva VianaWellen Cristina da Silva dos Santos Apresentaram a .Comunica\u00e7\u00e3o Oral: . A IMPORT\u00c2NCIA DA LUDICIDADE NO PROCESSO EDUCACIONAL Conte\u00fado: O trabalho com a ludicidade, dan\u00e7a e teatro para o adequado desenvolvimento psicomotor das crian\u00e7as. Data apresenta\u00e7\u00e3o: 08\/03\/2020 Data evento: [&hellip;]<\/p>\n","protected":false},"author":1,"featured_media":0,"parent":0,"menu_order":0,"comment_status":"closed","ping_status":"closed","template":"","meta":{"footnotes":""},"class_list":["post-595","page","type-page","status-publish","hentry"],"_links":{"self":[{"href":"https:\/\/seminarios.isciweb.com.br\/index.php\/wp-json\/wp\/v2\/pages\/595","targetHints":{"allow":["GET"]}}],"collection":[{"href":"https:\/\/seminarios.isciweb.com.br\/index.php\/wp-json\/wp\/v2\/pages"}],"about":[{"href":"https:\/\/seminarios.isciweb.com.br\/index.php\/wp-json\/wp\/v2\/types\/page"}],"author":[{"embeddable":true,"href":"https:\/\/seminarios.isciweb.com.br\/index.php\/wp-json\/wp\/v2\/users\/1"}],"replies":[{"embeddable":true,"href":"https:\/\/seminarios.isciweb.com.br\/index.php\/wp-json\/wp\/v2\/comments?post=595"}],"version-history":[{"count":1,"href":"https:\/\/seminarios.isciweb.com.br\/index.php\/wp-json\/wp\/v2\/pages\/595\/revisions"}],"predecessor-version":[{"id":596,"href":"https:\/\/seminarios.isciweb.com.br\/index.php\/wp-json\/wp\/v2\/pages\/595\/revisions\/596"}],"wp:attachment":[{"href":"https:\/\/seminarios.isciweb.com.br\/index.php\/wp-json\/wp\/v2\/media?parent=595"}],"curies":[{"name":"wp","href":"https:\/\/api.w.org\/{rel}","templated":true}]}}