{"id":607,"date":"2021-03-14T14:55:23","date_gmt":"2021-03-14T18:55:23","guid":{"rendered":"http:\/\/seminarios.isciweb.com.br\/?page_id=607"},"modified":"2025-09-20T17:12:01","modified_gmt":"2025-09-20T21:12:01","slug":"oficina","status":"publish","type":"page","link":"https:\/\/seminarios.isciweb.com.br\/index.php\/oficina\/","title":{"rendered":"Oficina:"},"content":{"rendered":"\n<p class=\"has-very-dark-gray-color has-text-color\">As oficinas devem ter dura\u00e7\u00e3o m\u00ednima de 6 minutos e m\u00e1xima de 30 minutos.<\/p>\n\n\n\n<p class=\"has-text-align-right has-very-dark-gray-color has-text-color\">Sua oficina deve apresentar atividades pr\u00e1ticas a serem trabalhadas com os alunos. Voc\u00ea tanto pode direcionar o trabalho diretamente para o aluno, quanto direcionar aos professores, mostrando a eles como executar a pr\u00e1tica proposta com seus respectivos alunos em sala de aula.<\/p>\n\n\n\n<p>Poder\u00e3o ser utilizados materiais para pintura, colagem, montagens, entre outros, desde que os mesmos n\u00e3o ofere\u00e7am risco para a faixa et\u00e1ria a ser trabalhada. O tema  a ser abordado \u00e9 livre, desde que seja relativo \u00e0 educa\u00e7\u00e3o.<\/p>\n\n\n\n<p class=\"has-text-align-right has-very-dark-gray-color has-text-color\">Este semin\u00e1rio ser\u00e1 realizado de forma online para facilitar a participa\u00e7\u00e3o de todos os interessados independente de sua localiza\u00e7\u00e3o. Optou-se tamb\u00e9m pela modalidade gravada para as palestras, comunica\u00e7\u00f5es orais e oficinas, haja vista o funcionamento irregular da Internet em algumas cidades de nossa regi\u00e3o.<\/p>\n\n\n\n<p class=\"has-text-align-right has-very-dark-gray-color has-text-color\">Deste modo, voc\u00ea dever\u00e1 filmar a apresenta\u00e7\u00e3o de sua oficina (pode utilizar seu pr\u00f3prio celular) e enviar para nossa equipe organizadora atrav\u00e9s do e-mail institutosaber.adm@gmail.com ou em um dos WhatsApp a seguir: (66) 99616-2930 \/ 99687-8773.<\/p>\n\n\n\n<p class=\"has-very-dark-gray-color has-text-color\"><strong>Importante:<\/strong><br>Voc\u00ea pode fazer a apresenta\u00e7\u00e3o de sua oficina utilizando os recursos que julgar pertinentes e gravar o v\u00eddeo (com \u00e1udio) utilizando seu celular. Este v\u00eddeo pode ser dividido em v\u00e1rios v\u00eddeos menores para facilitar o envio. Nossa equipe far\u00e1 a jun\u00e7\u00e3o dos mesmos.<\/p>\n\n\n\n<p class=\"has-very-dark-gray-color has-text-color\">Valor da inscri\u00e7\u00e3o:<br>&#8211; Oficina com um autor R$90,00<br>&#8211; Oficina com dois autores R$120,00<br>&#8211; Oficina com tr\u00eas autores R$150,00<br>&#8211; Oficina com quatro autores R$180,00<br>&#8211; Oficina com cinco autores R$210,00 <br>Com certificado de apresenta\u00e7\u00e3o envido por e-mail.<br>Caso precise do certificado impresso, ser\u00e1 acrescido R$ 25,00 pela impress\u00e3o de cada via e mais R$ 20,00 de Correios (caso o participante n\u00e3o venha retirar no Instituto Saber em Sinop-MT).  <\/p>\n\n\n\n<p class=\"has-text-align-center has-very-dark-gray-color has-text-color\"><strong>Clique, inscreva-se j\u00e1! <\/strong><br>(Vagas limitadas.)<br><a class=\"maxbutton-12 maxbutton maxbutton-oficina-inscricao\" target=\"_blank\" rel=\"noopener\" href=\"https:\/\/docs.google.com\/forms\/d\/e\/1FAIpQLSduqn16an8aS2zBH49T4gYy7eO9TX7xTULLjFmk3O9lvfitjg\/viewform?usp=sf_link\"><span class='mb-text'>&gt;inscri\u00e7\u00e3o apresenta\u00e7\u00e3o de oficina&lt;<\/span><\/a><\/p>\n","protected":false},"excerpt":{"rendered":"<p>As oficinas devem ter dura\u00e7\u00e3o m\u00ednima de 6 minutos e m\u00e1xima de 30 minutos. Sua oficina deve apresentar atividades pr\u00e1ticas a serem trabalhadas com os alunos. Voc\u00ea tanto pode direcionar o trabalho diretamente para o aluno, quanto direcionar aos professores, mostrando a eles como executar a pr\u00e1tica proposta com seus respectivos alunos em sala de [&hellip;]<\/p>\n","protected":false},"author":1,"featured_media":0,"parent":0,"menu_order":0,"comment_status":"closed","ping_status":"closed","template":"","meta":{"footnotes":""},"class_list":["post-607","page","type-page","status-publish","hentry"],"_links":{"self":[{"href":"https:\/\/seminarios.isciweb.com.br\/index.php\/wp-json\/wp\/v2\/pages\/607","targetHints":{"allow":["GET"]}}],"collection":[{"href":"https:\/\/seminarios.isciweb.com.br\/index.php\/wp-json\/wp\/v2\/pages"}],"about":[{"href":"https:\/\/seminarios.isciweb.com.br\/index.php\/wp-json\/wp\/v2\/types\/page"}],"author":[{"embeddable":true,"href":"https:\/\/seminarios.isciweb.com.br\/index.php\/wp-json\/wp\/v2\/users\/1"}],"replies":[{"embeddable":true,"href":"https:\/\/seminarios.isciweb.com.br\/index.php\/wp-json\/wp\/v2\/comments?post=607"}],"version-history":[{"count":11,"href":"https:\/\/seminarios.isciweb.com.br\/index.php\/wp-json\/wp\/v2\/pages\/607\/revisions"}],"predecessor-version":[{"id":976,"href":"https:\/\/seminarios.isciweb.com.br\/index.php\/wp-json\/wp\/v2\/pages\/607\/revisions\/976"}],"wp:attachment":[{"href":"https:\/\/seminarios.isciweb.com.br\/index.php\/wp-json\/wp\/v2\/media?parent=607"}],"curies":[{"name":"wp","href":"https:\/\/api.w.org\/{rel}","templated":true}]}}