{"id":686,"date":"2021-05-28T08:29:03","date_gmt":"2021-05-28T12:29:03","guid":{"rendered":"http:\/\/seminarios.isciweb.com.br\/?page_id=686"},"modified":"2021-12-07T08:30:08","modified_gmt":"2021-12-07T12:30:08","slug":"2104051101-2","status":"publish","type":"page","link":"https:\/\/seminarios.isciweb.com.br\/index.php\/2104051101-2\/","title":{"rendered":"2104051101"},"content":{"rendered":"\n<figure class=\"wp-block-table\"><table><tbody><tr><td>Certificamos que o artigo abaixo foi publicado na categoria Simples, nos<br>Anais do Semin\u00e1rio ISCI de Educa\u00e7\u00e3o e Pr\u00e1ticas Pedag\u00f3gicas, promovido pelo<br>Instituto Saber de Ci\u00eancias Integradas no per\u00edodo de 17, 18, 24 e 25 abr.\/2021<br>e de 1, 2, 8, 9, 15, 16, 22 e 23 de maio\/2021.<\/td><\/tr><tr><\/tr><tr><\/tr><tr><\/tr><tr><\/tr><tr><td>N\u00ba de registro:<\/td><td>2104051101<\/td><\/tr><tr><td>T\u00edtulo do artigo:<\/td><td>A IMPORT\u00c2NCIA DO USO DO L\u00daDICO NAS CRECHES<\/td><\/tr><tr><\/tr><tr><\/tr><tr><\/tr><tr><\/tr><tr><td>Autoria:<\/td><td>Thelma Pires Ger\u00f4nimo da Motta<br>Izabel Cristina de Souza Saturnino da Silva<br>Roselene de Jesus Motta da Silva<\/td><\/tr><tr><\/tr><tr><\/tr><tr><\/tr><tr><\/tr><tr><\/tr><\/tbody><\/table><\/figure>\n","protected":false},"excerpt":{"rendered":"<p>Certificamos que o artigo abaixo foi publicado na categoria Simples, nosAnais do Semin\u00e1rio ISCI de Educa\u00e7\u00e3o e Pr\u00e1ticas Pedag\u00f3gicas, promovido peloInstituto Saber de Ci\u00eancias Integradas no per\u00edodo de 17, 18, 24 e 25 abr.\/2021e de 1, 2, 8, 9, 15, 16, 22 e 23 de maio\/2021. N\u00ba de registro: 2104051101 T\u00edtulo do artigo: A IMPORT\u00c2NCIA [&hellip;]<\/p>\n","protected":false},"author":1,"featured_media":0,"parent":0,"menu_order":0,"comment_status":"closed","ping_status":"closed","template":"","meta":{"footnotes":""},"class_list":["post-686","page","type-page","status-publish","hentry"],"_links":{"self":[{"href":"https:\/\/seminarios.isciweb.com.br\/index.php\/wp-json\/wp\/v2\/pages\/686","targetHints":{"allow":["GET"]}}],"collection":[{"href":"https:\/\/seminarios.isciweb.com.br\/index.php\/wp-json\/wp\/v2\/pages"}],"about":[{"href":"https:\/\/seminarios.isciweb.com.br\/index.php\/wp-json\/wp\/v2\/types\/page"}],"author":[{"embeddable":true,"href":"https:\/\/seminarios.isciweb.com.br\/index.php\/wp-json\/wp\/v2\/users\/1"}],"replies":[{"embeddable":true,"href":"https:\/\/seminarios.isciweb.com.br\/index.php\/wp-json\/wp\/v2\/comments?post=686"}],"version-history":[{"count":1,"href":"https:\/\/seminarios.isciweb.com.br\/index.php\/wp-json\/wp\/v2\/pages\/686\/revisions"}],"predecessor-version":[{"id":687,"href":"https:\/\/seminarios.isciweb.com.br\/index.php\/wp-json\/wp\/v2\/pages\/686\/revisions\/687"}],"wp:attachment":[{"href":"https:\/\/seminarios.isciweb.com.br\/index.php\/wp-json\/wp\/v2\/media?parent=686"}],"curies":[{"name":"wp","href":"https:\/\/api.w.org\/{rel}","templated":true}]}}