{"id":717,"date":"2021-05-26T11:37:01","date_gmt":"2021-05-26T15:37:01","guid":{"rendered":"http:\/\/seminarios.isciweb.com.br\/?page_id=717"},"modified":"2021-12-07T11:47:04","modified_gmt":"2021-12-07T15:47:04","slug":"historias-cantadas","status":"publish","type":"page","link":"https:\/\/seminarios.isciweb.com.br\/index.php\/historias-cantadas\/","title":{"rendered":"HIST\u00d3RIAS CANTADAS"},"content":{"rendered":"\n<p class=\"has-text-align-right\">Izabel Cristina de Souza Saturnino da Silva<br>Thelma Pires Ger\u00f4nimo da Motta<br>Roselene de Jesus Motta da Silva<\/p>\n\n\n\n<p>Anais do Semin\u00e1rio ISCI de Educa\u00e7\u00e3o e Pr\u00e1ticas Pedag\u00f3gicas<br>Instituto Saber de Ci\u00eancias Integradas<br>Realizado nos dias 17, 18, 24, e 25 abr.\/2021 e 1, 2, 8, 9, 15, 16, 22 e 23 de maio\/2021<\/p>\n\n\n\n<p class=\"has-text-align-center\"><strong>RESUMO<\/strong><\/p>\n\n\n\n<p class=\"has-medium-font-size\">O presente trabalho apresenta os resultados do projeto de interven\u00e7\u00e3o pedag\u00f3gica \u201chist\u00f3rias Cantadas\u201d. A atividade relatada nesse artigo foi realizada em duas turmas de Pr\u00e9- II- 5 anos, matutino de Educa\u00e7\u00e3o Infantil, numa escola da rede Municipal de C\u00e1ceres-MT., localizada na zona urbana da cidade. Apresentar as hist\u00f3rias e cantigas infantis, para motivar os alunos,&nbsp; desenvolver conte\u00fados escolares e a\u00e7\u00f5es de higiene importantes em tempos de pandemia do COVID-19, nas aulas remotas durante o primeiro semestre de 2021.&nbsp; A pesquisa realizada foi de natureza qualitativa,&nbsp; pesquisa-a\u00e7\u00e3o, pois permite uma interven\u00e7\u00e3o na realidade levando o professor a refletir sobre a sua pr\u00e1tica pedag\u00f3gica contribuindo para a sua resignifica\u00e7\u00e3o ou redimensionamento. Para fundamentar esse estudo utilizamos como suporte te\u00f3rico, a BNCC(2018); RCNEI(1998); Cascudo( 2001); Coelho(2000) dentre outras leituras. Observamos que a m\u00fasica \u00e9 uma grande aliada do processo educacional especialmente na Educa\u00e7\u00e3o Infantil, sendo um elemento que propicia o desenvolvimento individual, bem como o conv\u00edvio em grupo e tamb\u00e9m os aspectos motores e cognitivos das crian\u00e7as. Enfatizamos que a conta\u00e7\u00e3o de hist\u00f3rias \u00e9 uma experi\u00eancia rica e significativa para as crian\u00e7as na educa\u00e7\u00e3o infantil, da mesma forma as cantigas de rodas trazem para essa etapa da educa\u00e7\u00e3o encantamento e magia, al\u00e9m da divers\u00e3o, possibilita a socializa\u00e7\u00e3o, a desinibi\u00e7\u00e3o, a descoberta e a forma\u00e7\u00e3o da autoestima contribuindo para o desenvolvimento integral da crian\u00e7a. Conclu\u00edmos que,&nbsp; trabalhas v\u00e1rias cantigas de roda em formato de hist\u00f3rias de forma&nbsp; aprimorar o conhecimento, incentivar os estudos,&nbsp; divertir a crian\u00e7as e agu\u00e7ar o imagin\u00e1rio. Em outras palavras, as cantigas de&nbsp;roda e as hist\u00f3rias&nbsp;podem ser denominadas de&nbsp;brincadeiras, pois com elas as crian\u00e7as movimentam o corpo, estimulam a mem\u00f3ria, desenvolvem a criatividade, a autonomia e outros aspectos que tamb\u00e9m s\u00e3o favorecidos pela presen\u00e7a dessa pr\u00e1tica como afirma a BNCC(2018).<\/p>\n\n\n\n<p><strong>Palavras-chave:<\/strong> imagin\u00e1rio. Musicaliza\u00e7\u00e3o. Conta\u00e7\u00e3o de hist\u00f3ria.<\/p>\n\n\n\n<p class=\"has-text-align-center\"><strong>ABSTRACT<\/strong><\/p>\n\n\n\n<p class=\"has-text-align-left has-medium-font-size\">The present work presents the results of the pedagogical intervention project &#8220;Sung Stories&#8221;. The activity reported in this article was carried out&nbsp;&nbsp; intwo classes of&nbsp;&nbsp; Pre- II- 5 years, morning of Early Childhood Education, in a school of the Municipal Network of C\u00e1ceres-MT. , located in the urban area of&nbsp; the city. Topresent thestories and&nbsp; children&#8217;s&nbsp; songs, to motivate students, develop school content and important hygiene actions in times of pandemic ofthe COVID-19, in remote classes during the first half of2021. The research was qualitative in nature, action research, because it allows an intervention in reality leading the teacher to reflect on his pedagogical practice contributing to its resignification or resizing. To support this study, we used the BNCC (2018) as theoretical support. RCNEI (1998); Cascudo&nbsp; (2001); Coelho(2000) among other readings. We observed that music is a great ally of the educational process especially in Early Childhood Education, being an element that provides individual development, as well as group interaction and also the motor and cognitive aspects of children. We emphasize&nbsp; that storytelling is a rich and significant experience for children in early childhood education, in the same way wheel songs bring to this stage of education enchantment and magic, in addition to fun, enables socialization, disinhibition, discovery and the formation of self-esteem contributing to the integral development of the child. We conclude that you work on several wheel songs in the form of stories in order to improve knowledge, encourage studies, amuse children and sharpen the imaginary. In other words, wheel songs &nbsp;and stories can be called &nbsp;games, becausewith them children move the body, stimulate memory, develop creativity, autonomy and other aspects that are also favored by the presence of this practice &nbsp;as stated by bncc(2018).<\/p>\n\n\n\n<p><strong>Keywords:<\/strong> imaginary, Musicalization, Storytelling.<\/p>\n\n\n\n<p><strong>INTRODU\u00c7\u00c3O<\/strong><\/p>\n\n\n\n<p>Hist\u00f3rias Cantadas, foi desenvolvido com intuito de motivar as crian\u00e7as\/alunos nas aulas remotas durante o per\u00edodo de pandemia da Covid-19. nas aulas remotas. Para tanto, .&nbsp; todas as atividades planejadas foram baseadas e orientadas pela BNCC atrav\u00e9s do campo de experi\u00eancia Eu, o Outro e N\u00f3s, imagem positiva de si mesmo e capacidade para superar as dificuldades. No Campo Escuta, Fala Pensamento e Imagina\u00e7\u00e3o onde a se sup\u00f5e&nbsp; que a crian\u00e7a seja foi capaz de responder mensagens e capacidade de dialogar e interagir com as pessoas do seu conv\u00edvio pessoal. No Campo de Experi\u00eancia Corpo Gesto e Movimentos em que se sugere que ela seja capaz de demonstrar habilidade em deslocar seu corpo e fazer movimentos de dan\u00e7as, pular corda, etc. No Campo de Experi\u00eancia tra\u00e7os, sons, cores e formas onde se sugere que a crian\u00e7a seja capaz de apresentar habilidade e interesse por diversas formas de se expressar como nas atividades de dan\u00e7a, canto pintura, identificar formas de objetos entre outras atividades. No campo de Experi\u00eancia Espa\u00e7o, tempo, quantidade, e rela\u00e7\u00f5es, sugere-se que tamb\u00e9m seja capaz de explorar, reconhecer, comparar as diferen\u00e7as e explorar sensa\u00e7\u00f5es t\u00e1teis. O projeto&nbsp; prima a conta\u00e7\u00e3o de hist\u00f3ria e as cantigas de roda, de forma leve e divertida, aprimorando a linguagem e&nbsp; gosto pela m\u00fasica e conta\u00e7\u00e3o de hist\u00f3rias.<\/p>\n\n\n\n<p>Segundo assinala o Referencial Curricular da Educa\u00e7\u00e3o Infantil (RCNEI, 1998,p. 153), \u201cfaz parte das atividades permanentes [&#8230;] contar hist\u00f3rias costuma ser uma pr\u00e1tica di\u00e1ria nas institui\u00e7\u00f5es de educa\u00e7\u00e3o infantil. [&#8230;]\u201d. Para tanto, este recurso favorece ao desempenho de situa\u00e7\u00f5es que d\u00e3o condi\u00e7\u00f5es de aprendizagem na fase inicial atribu\u00edda a inf\u00e2ncia.<\/p>\n\n\n\n<p>Nesse aspecto a BNCC apresenta os campos de experiencias que objetivam as v\u00e1rias formas de \u201cintera\u00e7\u00f5es e brincadeiras\u201d conferidas pela Base Nacional Comum Curricular (BRASIL, 2018), que s\u00e3o vivenciados atrav\u00e9s dos campos de experi\u00eancias direcionados a educa\u00e7\u00e3o infantil. Viabilizando o pensamento e as dimens\u00f5es m\u00edtico-simb\u00f3licas, estimulando o imagin\u00e1rio, articulando a sensibilidade, imagina\u00e7\u00e3o, e tamb\u00e9m forma\u00e7\u00e3o de leitores.<\/p>\n\n\n\n<p>Coelho (1999, p. 13) aponta e constata a import\u00e2ncia da hist\u00f3ria como fonte de prazer para a crian\u00e7a e a contribui\u00e7\u00e3o que oferece ao seu desenvolvimento, n\u00e3o se pode correr o risco de improvisar. O sucesso da narrativa depende de v\u00e1rios fatores que se interligam, sendo fundamental na elabora\u00e7\u00e3o de um plano, um roteiro, no sentido de organizar o desempenho do narrador, garantindo-lhe seguran\u00e7a e assegurando-lhe naturalidade [&#8230;].<\/p>\n\n\n\n<p>Enquanto que as cantigas de roda, conforme Cascudo (2001, p.102) afirma que: Essas melodias passam de gera\u00e7\u00e3o em gera\u00e7\u00e3o, entoadas pelos adultos ajudam a entreter, embalar e fazer adormecer as crian\u00e7as. Hoje em dia elas n\u00e3o s\u00e3o t\u00e3o presentes na realidade infantil como antigamente devido \u00e0s tecnologias existentes como os computadores, celulares, tablets, entre outras tecnologias<\/p>\n\n\n\n<p>Assim sendo, o objetivo desse trabalho \u00e9 apresentar as hist\u00f3rias e cantigas infantis, para motivar os alunos, desenvolver conte\u00fados escolares e a\u00e7\u00f5es de higiene importantes em tempos de pandemia do COVID-19, nas aulas remotas.<\/p>\n\n\n\n<p>Em outras palavras, as cantigas de roda e as hist\u00f3rias podem ser denominadas de brincadeiras, pois com elas as crian\u00e7as movimentam o corpo, estimulam a mem\u00f3ria, desenvolvem a linguagem, a criatividade, a autonomia. Em suma \u00e9 uma pr\u00e1tica que traz muitos benef\u00edcios as crian\u00e7as na educa\u00e7\u00e3o infantil.&nbsp; &nbsp;Portanto, \u00e9 papel do professor elaborar seus planos de forma l\u00fadica e propiciar e estimular o desenvolvimento dessas pr\u00e1ticas na escola.<\/p>\n\n\n\n<p><strong>DESENVOLVIMENTO<\/strong><\/p>\n\n\n\n<p>Assim optamos por trabalhas v\u00e1rias cantigas de roda em formato de hist\u00f3rias de forma aprimorar o conhecimento, incentivar os estudos, divertir a crian\u00e7as e agu\u00e7ar o imagin\u00e1rio. <a>Em outras palavras, as cantigas de&nbsp;roda&nbsp;podem ser denominadas de&nbsp;brincadeiras, pois com elas as crian\u00e7as movimentam o corpo, estimulam a mem\u00f3ria, desenvolvem a criatividade, a autonomia e outros aspectos que tamb\u00e9m s\u00e3o favorecidos pela presen\u00e7a dessa pr\u00e1tica(BNCC,2018).<\/a><\/p>\n\n\n\n<p>Nesse sentido, o projeto \u201chist\u00f3rias cantadas\u201d aqui apresentado, foi adequado a um novo momento de ensino, devido a pandemia do Covid-19.<\/p>\n\n\n\n<p>Dessa forma, o projeto foi desenvolvido por meio tecnol\u00f3gico vivenciado hoje pelas crian\u00e7as como forma de adaptar a conta\u00e7\u00e3o de hist\u00f3rias via canais de redes sociais como WhatsApp, devido ao a um novo momento vivenciado pelo mundo e pelo nosso pa\u00eds devido a pandemia do Covid-19.<\/p>\n\n\n\n<p>No primeiro momento optamos por trabalhar as atividades di\u00e1rias que foram selecionadas de forma cumprir os objetivos propostos pela BNCC, como criando rotina, ora\u00e7\u00e3o do dia, calend\u00e1rio, intera\u00e7\u00e3o com a professora atrav\u00e9s de v\u00eddeos e \u00e1udios, movimento e coordena\u00e7\u00e3o motora: atrav\u00e9s da realiza\u00e7\u00e3o de atividades impressas e brincadeiras com as fam\u00edlias, no\u00e7\u00f5es de matem\u00e1tica\/sistema numeral e quantidade-brincadeiras cantadas; &#8211; conversas informais: amplia\u00e7\u00e3o do vocabul\u00e1rio e da linguagem; e linguagem matem\u00e1tica; leitura e escrita espont\u00e2nea e direcionada atrav\u00e9s da apostila; &#8211; Inicia\u00e7\u00e3o as vogais e o alfabeto; &#8211; leitura de hist\u00f3ria. Ap\u00f3s quinze dias de trabalho continuou apresentamos as crian\u00e7as e fam\u00edlias o projeto que seria desenvolvido junto as atividades di\u00e1rias e em seguida utilizamos as atividades mais especificas do projeto.<\/p>\n\n\n\n<p>Para tanto, escolhemos trabalhar com 4(quatro) cantigas infantis que adaptamos e viraram \u201cHist\u00f3rias Cantadas\u201d: \u201cA Dona Aranha\u201d; 1,2,3, indiozinhos\u201d; \u201cBorboletinha\u201d, \u201cOn\u00e7a pintada\u201d, essa a\u00e7\u00e3o de contar e cantar hist\u00f3rias foi desenvolvida com&nbsp;&nbsp; objetos variados, filmagem de v\u00eddeos, sucatas, dos recursos mais sofisticados aos mais simples.<\/p>\n\n\n\n<p>O importante \u00e9 que sejam adequadas ao p\u00fablico-alvo da educa\u00e7\u00e3o infantil, e passe uma mensagem condizente com a idade e conte\u00fado abordado.<\/p>\n\n\n\n<p>Al\u00e9m disso, escolhemos apresentar o resultado final desse projeto na Forma\u00e7\u00e3o Pedag\u00f3gica da Secretaria Municipal de educa\u00e7\u00e3o \u2013 SME, durante XIII Mostra da Educa\u00e7\u00e3o Infantil nos dias 24 e 25 de novembro de 2021.<\/p>\n\n\n\n<p><strong>CONCLUS\u00c3O<\/strong><\/p>\n\n\n\n<p>Conclui-se que na forma\u00e7\u00e3o de uma crian\u00e7a, ouvir hist\u00f3rias \u00e9 o in\u00edcio da aprendizagem para ser um leitor, e ser leitor \u00e9 ter um caminho infinito de descobertas e compreens\u00e3o do mundo.<\/p>\n\n\n\n<p>Na escola a conta\u00e7\u00e3o de hist\u00f3rias \u00e9 uma estrat\u00e9gia pedag\u00f3gica que pode contribuir de forma significativa na pr\u00e1tica docente. A conta\u00e7\u00e3o de hist\u00f3rias pode promover a socializa\u00e7\u00e3o dos alunos e desenvolver nas crian\u00e7as o desejo de participar e ter opini\u00f5es. Al\u00e9m de auxiliar na forma\u00e7\u00e3o de um sujeito capaz de vivenciar situa\u00e7\u00f5es do cotidiano dando a elas oportunidade de fazer parte do mundo do faz-de-conta. Diante de tais argumentos, observamos que as hist\u00f3rias s\u00e3o necess\u00e1rias visto a car\u00eancia de hist\u00f3rias e cantigas que muitos alunos apresentam.<\/p>\n\n\n\n<p>&nbsp;Segundo a BNCC&nbsp;(2018, p. 43) \u201ccriar e contar&nbsp;hist\u00f3rias&nbsp;oralmente, com base em imagens ou temas sugeridos\u201d \u00e9 um dos objetivos de aprendizagem no campo das experi\u00eancias (Escuta,&nbsp;fala, pensamento e imagina\u00e7\u00e3o) muito importante no desenvolvimento das crian\u00e7as bem pequenas, como as do Maternal II. E tamb\u00e9m as crian\u00e7as maiores entre os 4 e 5 anos de idade.<\/p>\n\n\n\n<p>Embora estejamos na educa\u00e7\u00e3o infantil, as hist\u00f3rias e as cantigas servir\u00e3o para incentiv\u00e1-los desde cedo e para suprir a car\u00eancia de leituras, das cantigas e da conta\u00e7\u00e3o de hist\u00f3rias, principalmente entre as fam\u00edlias, devido ao pouco tempo dispensado aos estudos dos filhos pelos pais, observados por n\u00f3s.&nbsp;&nbsp;&nbsp;&nbsp;&nbsp;&nbsp;&nbsp;&nbsp;&nbsp;&nbsp;&nbsp; &nbsp;&nbsp;&nbsp;&nbsp;&nbsp;&nbsp;&nbsp;&nbsp;&nbsp;&nbsp; Conclu\u00edmos que, trabalhas v\u00e1rias cantigas de roda em formato de hist\u00f3rias de forma aprimorar o conhecimento, incentivar os estudos, divertir a crian\u00e7as e agu\u00e7ar o imagin\u00e1rio. Em outras palavras, as cantigas de&nbsp;roda e as hist\u00f3rias&nbsp;podem ser denominadas de&nbsp;brincadeiras, pois com elas as crian\u00e7as movimentam o corpo, estimulam a mem\u00f3ria, desenvolvem a criatividade, a autonomia e outros aspectos que tamb\u00e9m s\u00e3o favorecidos pela presen\u00e7a dessa pr\u00e1tica como afirma a BNCC (2018).<\/p>\n\n\n\n<p>Nesse sentido, o projeto \u201chist\u00f3rias cantadas\u201d aqui apresentado, foi adequado a um novo momento de ensino, devido a pandemia do Covid-19, espera-se que este sirva de inspira\u00e7\u00e3o a outros projetos iguais ou semelhantes que objetivem a mesma import\u00e2ncia.<\/p>\n\n\n\n<p><strong>REFERENCIAS<\/strong><\/p>\n\n\n\n<p>BRASIL. Minist\u00e9rio da Educa\u00e7\u00e3o. Secretaria de Educa\u00e7\u00e3o B\u00e1sica. Diretrizes Curriculares Nacionais para a Educa\u00e7\u00e3o Infantil. Bras\u00edlia: MEC, 2009.<\/p>\n\n\n\n<p>______. Minist\u00e9rio da Educa\u00e7\u00e3o. Base Nacional Comum Curricular \u2013 Bras\u00edlia: MEC\/SEB, 2018.<\/p>\n\n\n\n<p>Brasil. Minist\u00e9rio da Educa\u00e7\u00e3o e do Desporto. Secretaria de Educa\u00e7\u00e3o Fundamental. Referencial curricular nacional para a educa\u00e7\u00e3o infantil \/ Minist\u00e9rio da Educa\u00e7\u00e3o e do Desporto, Secretaria de Educa\u00e7\u00e3o Fundamental. \u2014 Bras\u00edlia: MEC\/SEF, 1998. 3v.: il. Volume 1: Introdu\u00e7\u00e3o; volume 2: Forma\u00e7\u00e3o pessoal e social; volume 3: Conhecimento de mundo. 1. Educa\u00e7\u00e3o infantil. 2. Crian\u00e7a em idade pr\u00e9-escolar. I. T\u00edtulo.<\/p>\n\n\n\n<p>CASCUDO, Lu\u00eds da C\u00e2mara. Dicion\u00e1rio do folclore brasileiro. 10\u00b0. Ed. S\u00e3o Paulo: Editora Global, 2001.<\/p>\n\n\n\n<p>COELHO, Nelly Novaes. Literatura infantil. S\u00e3o Paulo: Ed. Moderna, 2000.<\/p>\n","protected":false},"excerpt":{"rendered":"<p>Izabel Cristina de Souza Saturnino da SilvaThelma Pires Ger\u00f4nimo da MottaRoselene de Jesus Motta da Silva Anais do Semin\u00e1rio ISCI de Educa\u00e7\u00e3o e Pr\u00e1ticas Pedag\u00f3gicasInstituto Saber de Ci\u00eancias IntegradasRealizado nos dias 17, 18, 24, e 25 abr.\/2021 e 1, 2, 8, 9, 15, 16, 22 e 23 de maio\/2021 RESUMO O presente trabalho apresenta os [&hellip;]<\/p>\n","protected":false},"author":1,"featured_media":0,"parent":0,"menu_order":0,"comment_status":"closed","ping_status":"closed","template":"","meta":{"footnotes":""},"class_list":["post-717","page","type-page","status-publish","hentry"],"_links":{"self":[{"href":"https:\/\/seminarios.isciweb.com.br\/index.php\/wp-json\/wp\/v2\/pages\/717","targetHints":{"allow":["GET"]}}],"collection":[{"href":"https:\/\/seminarios.isciweb.com.br\/index.php\/wp-json\/wp\/v2\/pages"}],"about":[{"href":"https:\/\/seminarios.isciweb.com.br\/index.php\/wp-json\/wp\/v2\/types\/page"}],"author":[{"embeddable":true,"href":"https:\/\/seminarios.isciweb.com.br\/index.php\/wp-json\/wp\/v2\/users\/1"}],"replies":[{"embeddable":true,"href":"https:\/\/seminarios.isciweb.com.br\/index.php\/wp-json\/wp\/v2\/comments?post=717"}],"version-history":[{"count":1,"href":"https:\/\/seminarios.isciweb.com.br\/index.php\/wp-json\/wp\/v2\/pages\/717\/revisions"}],"predecessor-version":[{"id":718,"href":"https:\/\/seminarios.isciweb.com.br\/index.php\/wp-json\/wp\/v2\/pages\/717\/revisions\/718"}],"wp:attachment":[{"href":"https:\/\/seminarios.isciweb.com.br\/index.php\/wp-json\/wp\/v2\/media?parent=717"}],"curies":[{"name":"wp","href":"https:\/\/api.w.org\/{rel}","templated":true}]}}