{"id":815,"date":"2022-08-01T09:57:09","date_gmt":"2022-08-01T13:57:09","guid":{"rendered":"http:\/\/seminarios.isciweb.com.br\/?page_id=815"},"modified":"2022-08-17T09:58:48","modified_gmt":"2022-08-17T13:58:48","slug":"2207311851-2","status":"publish","type":"page","link":"https:\/\/seminarios.isciweb.com.br\/index.php\/2207311851-2\/","title":{"rendered":"2207311851"},"content":{"rendered":"\n<figure class=\"wp-block-table\"><table><tbody><tr><td>N\u00ba de registro:<\/td><td>2207311851<\/td><\/tr><tr><td><\/td><\/tr><tr><td>Certificamos que:<\/td><td>Gislaine Caetano da Silva<\/td><\/tr><tr><td>Participou do:<\/td><td>Semin\u00e1rio educacional de inverno<\/td><\/tr><tr><td>Carga hor\u00e1ria:<\/td><td>60 horas<\/td><\/tr><tr><td>Realiza\u00e7\u00e3o:<\/td><td>Instituto Saber de Ci\u00eancias Integradas<\/td><\/tr><tr><td>Data:<\/td><td>22, 23, 24, 29, 30 e 31 de julho de 2022<\/td><\/tr><\/tbody><\/table><\/figure>\n","protected":false},"excerpt":{"rendered":"<p>N\u00ba de registro: 2207311851 Certificamos que: Gislaine Caetano da Silva Participou do: Semin\u00e1rio educacional de inverno Carga hor\u00e1ria: 60 horas Realiza\u00e7\u00e3o: Instituto Saber de Ci\u00eancias Integradas Data: 22, 23, 24, 29, 30 e 31 de julho de 2022<\/p>\n","protected":false},"author":1,"featured_media":0,"parent":0,"menu_order":0,"comment_status":"closed","ping_status":"closed","template":"","meta":{"footnotes":""},"class_list":["post-815","page","type-page","status-publish","hentry"],"_links":{"self":[{"href":"https:\/\/seminarios.isciweb.com.br\/index.php\/wp-json\/wp\/v2\/pages\/815","targetHints":{"allow":["GET"]}}],"collection":[{"href":"https:\/\/seminarios.isciweb.com.br\/index.php\/wp-json\/wp\/v2\/pages"}],"about":[{"href":"https:\/\/seminarios.isciweb.com.br\/index.php\/wp-json\/wp\/v2\/types\/page"}],"author":[{"embeddable":true,"href":"https:\/\/seminarios.isciweb.com.br\/index.php\/wp-json\/wp\/v2\/users\/1"}],"replies":[{"embeddable":true,"href":"https:\/\/seminarios.isciweb.com.br\/index.php\/wp-json\/wp\/v2\/comments?post=815"}],"version-history":[{"count":1,"href":"https:\/\/seminarios.isciweb.com.br\/index.php\/wp-json\/wp\/v2\/pages\/815\/revisions"}],"predecessor-version":[{"id":816,"href":"https:\/\/seminarios.isciweb.com.br\/index.php\/wp-json\/wp\/v2\/pages\/815\/revisions\/816"}],"wp:attachment":[{"href":"https:\/\/seminarios.isciweb.com.br\/index.php\/wp-json\/wp\/v2\/media?parent=815"}],"curies":[{"name":"wp","href":"https:\/\/api.w.org\/{rel}","templated":true}]}}