{"id":826,"date":"2022-11-20T10:07:36","date_gmt":"2022-11-20T14:07:36","guid":{"rendered":"http:\/\/seminarios.isciweb.com.br\/?page_id=826"},"modified":"2022-11-20T10:07:36","modified_gmt":"2022-11-20T14:07:36","slug":"2207311005-2","status":"publish","type":"page","link":"https:\/\/seminarios.isciweb.com.br\/index.php\/2207311005-2\/","title":{"rendered":"2207311005"},"content":{"rendered":"\n<figure class=\"wp-block-table\"><table><tbody><tr><td>N\u00ba de registro:<\/td><td>2207311005<\/td><\/tr><tr><td><\/td><\/tr><tr><td>Certificamos que:<\/td><td>Roseli Pinheiro de Lima Mildemberg<\/td><\/tr><tr><td>Participou do:<\/td><td>Semin\u00e1rio educacional de inverno<\/td><\/tr><tr><td>Carga hor\u00e1ria:<\/td><td>60 horas<\/td><\/tr><tr><td>Realiza\u00e7\u00e3o:<\/td><td>Instituto Saber de Ci\u00eancias Integradas<\/td><\/tr><tr><td>Data:<\/td><td>22, 23, 24, 29, 30 e 31 de julho de 2022<\/td><\/tr><\/tbody><\/table><\/figure>\n","protected":false},"excerpt":{"rendered":"<p>N\u00ba de registro: 2207311005 Certificamos que: Roseli Pinheiro de Lima Mildemberg Participou do: Semin\u00e1rio educacional de inverno Carga hor\u00e1ria: 60 horas Realiza\u00e7\u00e3o: Instituto Saber de Ci\u00eancias Integradas Data: 22, 23, 24, 29, 30 e 31 de julho de 2022<\/p>\n","protected":false},"author":1,"featured_media":0,"parent":0,"menu_order":0,"comment_status":"closed","ping_status":"closed","template":"","meta":{"footnotes":""},"class_list":["post-826","page","type-page","status-publish","hentry"],"_links":{"self":[{"href":"https:\/\/seminarios.isciweb.com.br\/index.php\/wp-json\/wp\/v2\/pages\/826","targetHints":{"allow":["GET"]}}],"collection":[{"href":"https:\/\/seminarios.isciweb.com.br\/index.php\/wp-json\/wp\/v2\/pages"}],"about":[{"href":"https:\/\/seminarios.isciweb.com.br\/index.php\/wp-json\/wp\/v2\/types\/page"}],"author":[{"embeddable":true,"href":"https:\/\/seminarios.isciweb.com.br\/index.php\/wp-json\/wp\/v2\/users\/1"}],"replies":[{"embeddable":true,"href":"https:\/\/seminarios.isciweb.com.br\/index.php\/wp-json\/wp\/v2\/comments?post=826"}],"version-history":[{"count":1,"href":"https:\/\/seminarios.isciweb.com.br\/index.php\/wp-json\/wp\/v2\/pages\/826\/revisions"}],"predecessor-version":[{"id":827,"href":"https:\/\/seminarios.isciweb.com.br\/index.php\/wp-json\/wp\/v2\/pages\/826\/revisions\/827"}],"wp:attachment":[{"href":"https:\/\/seminarios.isciweb.com.br\/index.php\/wp-json\/wp\/v2\/media?parent=826"}],"curies":[{"name":"wp","href":"https:\/\/api.w.org\/{rel}","templated":true}]}}