{"id":881,"date":"2023-10-15T15:50:10","date_gmt":"2023-10-15T19:50:10","guid":{"rendered":"http:\/\/seminarios.isciweb.com.br\/?page_id=881"},"modified":"2025-11-20T12:45:31","modified_gmt":"2025-11-20T16:45:31","slug":"seminario-2023-pag-1","status":"publish","type":"page","link":"https:\/\/seminarios.isciweb.com.br\/index.php\/seminario-2023-pag-1\/","title":{"rendered":"Semin\u00e1rio &#8211; 2025 pag. 1"},"content":{"rendered":"\n<p>De 15 a 19 de outubro \u2013 2025.<\/p>\n\n\n\n<p><a href=\"http:\/\/seminarios.isciweb.com.br\/index.php\/seminario-2023-pag-2\/\">Ir p\/ a p\u00e1gina 2.<\/a><\/p>\n\n\n\n<p><a href=\"http:\/\/seminarios.isciweb.com.br\/index.php\/seminario-2023-pag-3\/\">Ir p\/ a p\u00e1gina 3.<\/a><\/p>\n\n\n\n<p><a href=\"https:\/\/seminarios.isciweb.com.br\/index.php\/seminario-2025-pag-4\/\">Ir p\/ a p\u00e1gina 4.<\/a><\/p>\n\n\n\n<p><a href=\"https:\/\/seminarios.isciweb.com.br\/index.php\/2025\/11\/20\/seminario-2025-pag-5\/\">Ir p\/ a p\u00e1gina 5.<\/a><\/p>\n\n\n\n<p>\u2014\u2014\u2014\u2014\u2014\u2014-<\/p>\n\n\n\n<figure class=\"wp-block-embed is-type-rich is-provider-incorporar-manipulador wp-block-embed-incorporar-manipulador wp-embed-aspect-16-9 wp-has-aspect-ratio\"><div class=\"wp-block-embed__wrapper\">\n<iframe loading=\"lazy\" title=\"Reflex\u00f5es sobre conhecimento, aprendizagem e doc\u00eancia\" width=\"500\" height=\"281\" src=\"https:\/\/www.youtube.com\/embed\/uq_6gfopF0Y?feature=oembed\" frameborder=\"0\" allow=\"accelerometer; autoplay; clipboard-write; encrypted-media; gyroscope; picture-in-picture; web-share\" referrerpolicy=\"strict-origin-when-cross-origin\" allowfullscreen><\/iframe>\n<\/div><\/figure>\n\n\n\n<figure class=\"wp-block-embed is-type-video is-provider-youtube wp-block-embed-youtube wp-embed-aspect-16-9 wp-has-aspect-ratio\"><div class=\"wp-block-embed__wrapper\">\n<iframe loading=\"lazy\" title=\"alimenta\u00e7\u00e3o colorida\" width=\"500\" height=\"281\" src=\"https:\/\/www.youtube.com\/embed\/E60rAnuvIqU?feature=oembed\" frameborder=\"0\" allow=\"accelerometer; autoplay; clipboard-write; encrypted-media; gyroscope; picture-in-picture; web-share\" referrerpolicy=\"strict-origin-when-cross-origin\" allowfullscreen><\/iframe>\n<\/div><\/figure>\n\n\n\n<p><a href=\"http:\/\/seminarios.isciweb.com.br\/index.php\/seminario-2023-pag-2\/\">Ir p\/ a p\u00e1gina 2.<\/a><\/p>\n\n\n\n<figure class=\"wp-block-embed is-type-video is-provider-youtube wp-block-embed-youtube wp-embed-aspect-16-9 wp-has-aspect-ratio\"><div class=\"wp-block-embed__wrapper\">\n<iframe loading=\"lazy\" title=\"LibreOffice instala\u00e7\u00e3o e configura\u00e7\u00e3o\" width=\"500\" height=\"281\" src=\"https:\/\/www.youtube.com\/embed\/xVx9Z7r0RA4?feature=oembed\" frameborder=\"0\" allow=\"accelerometer; autoplay; clipboard-write; encrypted-media; gyroscope; picture-in-picture; web-share\" referrerpolicy=\"strict-origin-when-cross-origin\" allowfullscreen><\/iframe>\n<\/div><\/figure>\n\n\n\n<p><a href=\"http:\/\/seminarios.isciweb.com.br\/index.php\/seminario-2023-pag-2\/\">Ir p\/ a p\u00e1gina 2.<\/a><\/p>\n\n\n\n<p><a href=\"http:\/\/seminarios.isciweb.com.br\/index.php\/seminario-2023-pag-3\/\">Ir p\/ a p\u00e1gina 3.<\/a><\/p>\n\n\n\n<p><a href=\"https:\/\/seminarios.isciweb.com.br\/index.php\/seminario-2025-pag-4\/\">Ir p\/ a p\u00e1gina 4.<\/a><\/p>\n\n\n\n<p><a href=\"https:\/\/seminarios.isciweb.com.br\/index.php\/2025\/11\/20\/seminario-2025-pag-5\/\">Ir p\/ a p\u00e1gina 5.<\/a><\/p>\n\n\n\n<p><\/p>\n","protected":false},"excerpt":{"rendered":"<p>De 15 a 19 de outubro \u2013 2025. Ir p\/ a p\u00e1gina 2. Ir p\/ a p\u00e1gina 3. Ir p\/ a p\u00e1gina 4. Ir p\/ a p\u00e1gina 5. \u2014\u2014\u2014\u2014\u2014\u2014- Ir p\/ a p\u00e1gina 2. Ir p\/ a p\u00e1gina 2. Ir p\/ a p\u00e1gina 3. Ir p\/ a p\u00e1gina 4. Ir p\/ a p\u00e1gina 5.<\/p>\n","protected":false},"author":1,"featured_media":0,"parent":0,"menu_order":0,"comment_status":"closed","ping_status":"closed","template":"","meta":{"footnotes":""},"class_list":["post-881","page","type-page","status-publish","hentry"],"_links":{"self":[{"href":"https:\/\/seminarios.isciweb.com.br\/index.php\/wp-json\/wp\/v2\/pages\/881","targetHints":{"allow":["GET"]}}],"collection":[{"href":"https:\/\/seminarios.isciweb.com.br\/index.php\/wp-json\/wp\/v2\/pages"}],"about":[{"href":"https:\/\/seminarios.isciweb.com.br\/index.php\/wp-json\/wp\/v2\/types\/page"}],"author":[{"embeddable":true,"href":"https:\/\/seminarios.isciweb.com.br\/index.php\/wp-json\/wp\/v2\/users\/1"}],"replies":[{"embeddable":true,"href":"https:\/\/seminarios.isciweb.com.br\/index.php\/wp-json\/wp\/v2\/comments?post=881"}],"version-history":[{"count":9,"href":"https:\/\/seminarios.isciweb.com.br\/index.php\/wp-json\/wp\/v2\/pages\/881\/revisions"}],"predecessor-version":[{"id":1066,"href":"https:\/\/seminarios.isciweb.com.br\/index.php\/wp-json\/wp\/v2\/pages\/881\/revisions\/1066"}],"wp:attachment":[{"href":"https:\/\/seminarios.isciweb.com.br\/index.php\/wp-json\/wp\/v2\/media?parent=881"}],"curies":[{"name":"wp","href":"https:\/\/api.w.org\/{rel}","templated":true}]}}