{"id":939,"date":"2023-10-19T15:02:22","date_gmt":"2023-10-19T19:02:22","guid":{"rendered":"https:\/\/seminarios.isciweb.com.br\/?page_id=939"},"modified":"2024-10-26T15:02:52","modified_gmt":"2024-10-26T19:02:52","slug":"2310191500-2","status":"publish","type":"page","link":"https:\/\/seminarios.isciweb.com.br\/index.php\/2310191500-2\/","title":{"rendered":"2310191500"},"content":{"rendered":"\n<p>N\u00ba de registro: 2310191500<\/p>\n\n\n\n<p>Certificamos que: Elizamar Padia<br>Participou do: Semin\u00e1rio de Educa\u00e7\u00e3o ISCI &#8211; 2023<br>Carga hor\u00e1ria: 45 horas<br>Realiza\u00e7\u00e3o: Instituto Saber de Ci\u00eancias Integradas<br>Data: 14, 15, 16, 17 e 18 de outubro de 2023<\/p>\n\n\n\n<pre class=\"wp-block-code\"><code>        Sinop, 19 de outubro de 2023        <\/code><\/pre>\n","protected":false},"excerpt":{"rendered":"<p>N\u00ba de registro: 2310191500 Certificamos que: Elizamar PadiaParticipou do: Semin\u00e1rio de Educa\u00e7\u00e3o ISCI &#8211; 2023Carga hor\u00e1ria: 45 horasRealiza\u00e7\u00e3o: Instituto Saber de Ci\u00eancias IntegradasData: 14, 15, 16, 17 e 18 de outubro de 2023<\/p>\n","protected":false},"author":1,"featured_media":0,"parent":0,"menu_order":0,"comment_status":"closed","ping_status":"closed","template":"","meta":{"footnotes":""},"class_list":["post-939","page","type-page","status-publish","hentry"],"_links":{"self":[{"href":"https:\/\/seminarios.isciweb.com.br\/index.php\/wp-json\/wp\/v2\/pages\/939","targetHints":{"allow":["GET"]}}],"collection":[{"href":"https:\/\/seminarios.isciweb.com.br\/index.php\/wp-json\/wp\/v2\/pages"}],"about":[{"href":"https:\/\/seminarios.isciweb.com.br\/index.php\/wp-json\/wp\/v2\/types\/page"}],"author":[{"embeddable":true,"href":"https:\/\/seminarios.isciweb.com.br\/index.php\/wp-json\/wp\/v2\/users\/1"}],"replies":[{"embeddable":true,"href":"https:\/\/seminarios.isciweb.com.br\/index.php\/wp-json\/wp\/v2\/comments?post=939"}],"version-history":[{"count":1,"href":"https:\/\/seminarios.isciweb.com.br\/index.php\/wp-json\/wp\/v2\/pages\/939\/revisions"}],"predecessor-version":[{"id":940,"href":"https:\/\/seminarios.isciweb.com.br\/index.php\/wp-json\/wp\/v2\/pages\/939\/revisions\/940"}],"wp:attachment":[{"href":"https:\/\/seminarios.isciweb.com.br\/index.php\/wp-json\/wp\/v2\/media?parent=939"}],"curies":[{"name":"wp","href":"https:\/\/api.w.org\/{rel}","templated":true}]}}