{"id":941,"date":"2024-10-29T08:36:25","date_gmt":"2024-10-29T12:36:25","guid":{"rendered":"https:\/\/seminarios.isciweb.com.br\/?page_id=941"},"modified":"2024-10-29T08:36:26","modified_gmt":"2024-10-29T12:36:26","slug":"2410200754-2","status":"publish","type":"page","link":"https:\/\/seminarios.isciweb.com.br\/index.php\/2410200754-2\/","title":{"rendered":"2410200754"},"content":{"rendered":"\n<p>N\u00famero de registro: 2410200754<\/p>\n\n\n\n<p>Certificamos que: Magali Regina Trevisol Antoniolli<\/p>\n\n\n\n<p>&#8220;Apresentaram a .<br>Comunica\u00e7\u00e3o Oral: .&#8221; Estimulando a oralidade na crian\u00e7a surda<br>Conte\u00fado: &#8220;Oralidade e leitura labial. Rela\u00e7\u00f5es interpessoais. Intera\u00e7\u00e3o, atividades e brincadeiras.<br>Alfabetiza\u00e7\u00e3o de crian\u00e7a surda. Leitura e escrita.&#8221;<\/p>\n\n\n\n<p>Data apresenta\u00e7\u00e3o: 20\/10\/2024<br>Data evento: 16 \u00e0 20 de outubro de 2024<br>Realiza\u00e7\u00e3o: Instituto Saber de Ci\u00eancias Integradas<\/p>\n\n\n\n<pre class=\"wp-block-code\"><code>        Sinop, 25 de outubro de 2024                        <\/code><\/pre>\n","protected":false},"excerpt":{"rendered":"<p>N\u00famero de registro: 2410200754 Certificamos que: Magali Regina Trevisol Antoniolli &#8220;Apresentaram a .Comunica\u00e7\u00e3o Oral: .&#8221; Estimulando a oralidade na crian\u00e7a surdaConte\u00fado: &#8220;Oralidade e leitura labial. Rela\u00e7\u00f5es interpessoais. Intera\u00e7\u00e3o, atividades e brincadeiras.Alfabetiza\u00e7\u00e3o de crian\u00e7a surda. Leitura e escrita.&#8221; Data apresenta\u00e7\u00e3o: 20\/10\/2024Data evento: 16 \u00e0 20 de outubro de 2024Realiza\u00e7\u00e3o: Instituto Saber de Ci\u00eancias Integradas<\/p>\n","protected":false},"author":1,"featured_media":0,"parent":0,"menu_order":0,"comment_status":"closed","ping_status":"closed","template":"","meta":{"footnotes":""},"class_list":["post-941","page","type-page","status-publish","hentry"],"_links":{"self":[{"href":"https:\/\/seminarios.isciweb.com.br\/index.php\/wp-json\/wp\/v2\/pages\/941","targetHints":{"allow":["GET"]}}],"collection":[{"href":"https:\/\/seminarios.isciweb.com.br\/index.php\/wp-json\/wp\/v2\/pages"}],"about":[{"href":"https:\/\/seminarios.isciweb.com.br\/index.php\/wp-json\/wp\/v2\/types\/page"}],"author":[{"embeddable":true,"href":"https:\/\/seminarios.isciweb.com.br\/index.php\/wp-json\/wp\/v2\/users\/1"}],"replies":[{"embeddable":true,"href":"https:\/\/seminarios.isciweb.com.br\/index.php\/wp-json\/wp\/v2\/comments?post=941"}],"version-history":[{"count":1,"href":"https:\/\/seminarios.isciweb.com.br\/index.php\/wp-json\/wp\/v2\/pages\/941\/revisions"}],"predecessor-version":[{"id":942,"href":"https:\/\/seminarios.isciweb.com.br\/index.php\/wp-json\/wp\/v2\/pages\/941\/revisions\/942"}],"wp:attachment":[{"href":"https:\/\/seminarios.isciweb.com.br\/index.php\/wp-json\/wp\/v2\/media?parent=941"}],"curies":[{"name":"wp","href":"https:\/\/api.w.org\/{rel}","templated":true}]}}