{"id":943,"date":"2024-10-25T17:27:31","date_gmt":"2024-10-25T21:27:31","guid":{"rendered":"https:\/\/seminarios.isciweb.com.br\/?page_id=943"},"modified":"2024-11-05T09:19:53","modified_gmt":"2024-11-05T13:19:53","slug":"2410191721-2","status":"publish","type":"page","link":"https:\/\/seminarios.isciweb.com.br\/index.php\/2410191721-2\/","title":{"rendered":"2410191721"},"content":{"rendered":"\n<p>N\u00ba de registro: 2410191721<\/p>\n\n\n\n<p>Certificamos que: Magali Regina Trevisol Antoniolli<\/p>\n\n\n\n<p>Apresentou o banner: ARTES EM FORMA DE EXPRESS\u00c3O E CRIATIVIDADE<br>Conte\u00fado: Trabalhando a arte em conjunto com as Ci\u00eancias Naturais, como meio de estimular o desenvolvimento das crian\u00e7as no ambiente escolar.<\/p>\n\n\n\n<p>Evento: Semin\u00e1rio de Educa\u00e7\u00e3o e Desenvolvimento Humano<br>Data evento: 16 \u00e0 20 de outubro de 2024<br>Realiza\u00e7\u00e3o: Instituto Saber de Ci\u00eancias Integradas<\/p>\n\n\n\n<pre class=\"wp-block-code\"><code>        Sinop, 25 de outubro de 2024                    <\/code><\/pre>\n","protected":false},"excerpt":{"rendered":"<p>N\u00ba de registro: 2410191721 Certificamos que: Magali Regina Trevisol Antoniolli Apresentou o banner: ARTES EM FORMA DE EXPRESS\u00c3O E CRIATIVIDADEConte\u00fado: Trabalhando a arte em conjunto com as Ci\u00eancias Naturais, como meio de estimular o desenvolvimento das crian\u00e7as no ambiente escolar. Evento: Semin\u00e1rio de Educa\u00e7\u00e3o e Desenvolvimento HumanoData evento: 16 \u00e0 20 de outubro de 2024Realiza\u00e7\u00e3o: [&hellip;]<\/p>\n","protected":false},"author":1,"featured_media":0,"parent":0,"menu_order":0,"comment_status":"closed","ping_status":"closed","template":"","meta":{"footnotes":""},"class_list":["post-943","page","type-page","status-publish","hentry"],"_links":{"self":[{"href":"https:\/\/seminarios.isciweb.com.br\/index.php\/wp-json\/wp\/v2\/pages\/943","targetHints":{"allow":["GET"]}}],"collection":[{"href":"https:\/\/seminarios.isciweb.com.br\/index.php\/wp-json\/wp\/v2\/pages"}],"about":[{"href":"https:\/\/seminarios.isciweb.com.br\/index.php\/wp-json\/wp\/v2\/types\/page"}],"author":[{"embeddable":true,"href":"https:\/\/seminarios.isciweb.com.br\/index.php\/wp-json\/wp\/v2\/users\/1"}],"replies":[{"embeddable":true,"href":"https:\/\/seminarios.isciweb.com.br\/index.php\/wp-json\/wp\/v2\/comments?post=943"}],"version-history":[{"count":2,"href":"https:\/\/seminarios.isciweb.com.br\/index.php\/wp-json\/wp\/v2\/pages\/943\/revisions"}],"predecessor-version":[{"id":946,"href":"https:\/\/seminarios.isciweb.com.br\/index.php\/wp-json\/wp\/v2\/pages\/943\/revisions\/946"}],"wp:attachment":[{"href":"https:\/\/seminarios.isciweb.com.br\/index.php\/wp-json\/wp\/v2\/media?parent=943"}],"curies":[{"name":"wp","href":"https:\/\/api.w.org\/{rel}","templated":true}]}}