{"id":951,"date":"2024-10-21T20:21:23","date_gmt":"2024-10-22T00:21:23","guid":{"rendered":"https:\/\/seminarios.isciweb.com.br\/?page_id=951"},"modified":"2024-11-24T20:21:44","modified_gmt":"2024-11-25T00:21:44","slug":"2410212123-2","status":"publish","type":"page","link":"https:\/\/seminarios.isciweb.com.br\/index.php\/2410212123-2\/","title":{"rendered":"2410212123"},"content":{"rendered":"\n<p>N\u00ba de registro: 2410212123<\/p>\n\n\n\n<p>Certificamos que: <br>Thelma Pires Geronimo Motta<br>Rosivane Santana Faria Silva<br>Cintia Aparecida Lacerda Ferreira<\/p>\n\n\n\n<p>Apresentaram o banner: A import\u00e2ncia do uso do L\u00fadico nas creches<br>Conte\u00fado: Trabalho que enfatiza a utiliza\u00e7\u00e3o dos recursos l\u00fadicos nas pr\u00e1ticas pedag\u00f3gicas aplicadas na creche com as crian\u00e7as da Educa\u00e7\u00e3o Infantil.<\/p>\n\n\n\n<p>Evento: Semin\u00e1rio de Educa\u00e7\u00e3o e Desenvolvimento Humano<br>Data evento: 16 \u00e0 20 de outubro de 2024<br>Realiza\u00e7\u00e3o: Instituto Saber de Ci\u00eancias Integradas<\/p>\n\n\n\n<pre class=\"wp-block-code\"><code>        Sinop, 21 de outubro de 2024                    <\/code><\/pre>\n","protected":false},"excerpt":{"rendered":"<p>N\u00ba de registro: 2410212123 Certificamos que: Thelma Pires Geronimo MottaRosivane Santana Faria SilvaCintia Aparecida Lacerda Ferreira Apresentaram o banner: A import\u00e2ncia do uso do L\u00fadico nas crechesConte\u00fado: Trabalho que enfatiza a utiliza\u00e7\u00e3o dos recursos l\u00fadicos nas pr\u00e1ticas pedag\u00f3gicas aplicadas na creche com as crian\u00e7as da Educa\u00e7\u00e3o Infantil. Evento: Semin\u00e1rio de Educa\u00e7\u00e3o e Desenvolvimento HumanoData evento: [&hellip;]<\/p>\n","protected":false},"author":1,"featured_media":0,"parent":0,"menu_order":0,"comment_status":"closed","ping_status":"closed","template":"","meta":{"footnotes":""},"class_list":["post-951","page","type-page","status-publish","hentry"],"_links":{"self":[{"href":"https:\/\/seminarios.isciweb.com.br\/index.php\/wp-json\/wp\/v2\/pages\/951","targetHints":{"allow":["GET"]}}],"collection":[{"href":"https:\/\/seminarios.isciweb.com.br\/index.php\/wp-json\/wp\/v2\/pages"}],"about":[{"href":"https:\/\/seminarios.isciweb.com.br\/index.php\/wp-json\/wp\/v2\/types\/page"}],"author":[{"embeddable":true,"href":"https:\/\/seminarios.isciweb.com.br\/index.php\/wp-json\/wp\/v2\/users\/1"}],"replies":[{"embeddable":true,"href":"https:\/\/seminarios.isciweb.com.br\/index.php\/wp-json\/wp\/v2\/comments?post=951"}],"version-history":[{"count":1,"href":"https:\/\/seminarios.isciweb.com.br\/index.php\/wp-json\/wp\/v2\/pages\/951\/revisions"}],"predecessor-version":[{"id":952,"href":"https:\/\/seminarios.isciweb.com.br\/index.php\/wp-json\/wp\/v2\/pages\/951\/revisions\/952"}],"wp:attachment":[{"href":"https:\/\/seminarios.isciweb.com.br\/index.php\/wp-json\/wp\/v2\/media?parent=951"}],"curies":[{"name":"wp","href":"https:\/\/api.w.org\/{rel}","templated":true}]}}